{"id":443,"date":"2020-05-29T06:53:01","date_gmt":"2020-05-29T06:53:01","guid":{"rendered":"https:\/\/ejpwitec.com\/?page_id=443"},"modified":"2020-11-03T11:26:25","modified_gmt":"2020-11-03T11:26:25","slug":"wire-descaling-systems","status":"publish","type":"page","link":"https:\/\/ejpwire.com\/pt\/sistemas-de-descalcificacao-de-fios-2","title":{"rendered":"Sistemas de descalcifica\u00e7\u00e3o"},"content":{"rendered":"<div data-elementor-type=\"wp-page\" data-elementor-id=\"443\" class=\"elementor elementor-443\" data-elementor-post-type=\"page\">\n\t\t\t\t\t\t<section class=\"elementor-section elementor-top-section elementor-element elementor-element-49c9f840 elementor-section-boxed elementor-section-height-default elementor-section-height-default\" data-id=\"49c9f840\" data-element_type=\"section\">\n\t\t\t\t\t\t<div class=\"elementor-container elementor-column-gap-default\">\n\t\t\t\t\t<div class=\"elementor-column elementor-col-50 elementor-top-column elementor-element elementor-element-78d7c0f5\" data-id=\"78d7c0f5\" data-element_type=\"column\">\n\t\t\t<div class=\"elementor-widget-wrap elementor-element-populated\">\n\t\t\t\t\t\t<div class=\"elementor-element elementor-element-245831e elementor-widget elementor-widget-spacer\" data-id=\"245831e\" data-element_type=\"widget\" data-widget_type=\"spacer.default\">\n\t\t\t\t<div class=\"elementor-widget-container\">\n\t\t\t\t\t\t\t<div class=\"elementor-spacer\">\n\t\t\t<div class=\"elementor-spacer-inner\"><\/div>\n\t\t<\/div>\n\t\t\t\t\t\t<\/div>\n\t\t\t\t<\/div>\n\t\t\t\t<div class=\"elementor-element elementor-element-57f3d119 elementor-widget elementor-widget-text-editor\" data-id=\"57f3d119\" data-element_type=\"widget\" data-widget_type=\"text-editor.default\">\n\t\t\t\t<div class=\"elementor-widget-container\">\n\t\t\t\t\t\t\t\t\t<h1>Sistemas de descalcifica\u00e7\u00e3o<\/h1>\t\t\t\t\t\t\t\t<\/div>\n\t\t\t\t<\/div>\n\t\t\t\t<div class=\"elementor-element elementor-element-16072f38 elementor-widget-divider--view-line elementor-widget elementor-widget-divider\" data-id=\"16072f38\" data-element_type=\"widget\" data-widget_type=\"divider.default\">\n\t\t\t\t<div class=\"elementor-widget-container\">\n\t\t\t\t\t\t\t<div class=\"elementor-divider\">\n\t\t\t<span class=\"elementor-divider-separator\">\n\t\t\t\t\t\t<\/span>\n\t\t<\/div>\n\t\t\t\t\t\t<\/div>\n\t\t\t\t<\/div>\n\t\t\t\t\t<\/div>\n\t\t<\/div>\n\t\t\t\t<div class=\"elementor-column elementor-col-50 elementor-top-column elementor-element elementor-element-46958f86\" data-id=\"46958f86\" data-element_type=\"column\">\n\t\t\t<div class=\"elementor-widget-wrap elementor-element-populated\">\n\t\t\t\t\t\t<div class=\"elementor-element elementor-element-3215589 elementor-align-right elementor-widget elementor-widget-button\" data-id=\"3215589\" data-element_type=\"widget\" data-widget_type=\"button.default\">\n\t\t\t\t<div class=\"elementor-widget-container\">\n\t\t\t\t\t\t\t\t\t<div class=\"elementor-button-wrapper\">\n\t\t\t\t\t<a class=\"elementor-button elementor-button-link elementor-size-md\" href=\"https:\/\/ejpwitec.com\/wp-content\/uploads\/2020\/10\/EJP-WIRE-Technology_Prospekt.pdf\" target=\"_blank\" rel=\"noopener\">\n\t\t\t\t\t\t<span class=\"elementor-button-content-wrapper\">\n\t\t\t\t\t\t\t\t\t<span class=\"elementor-button-text\">Descarregar o cat\u00e1logo de produtos em PDF<\/span>\n\t\t\t\t\t<\/span>\n\t\t\t\t\t<\/a>\n\t\t\t\t<\/div>\n\t\t\t\t\t\t\t\t<\/div>\n\t\t\t\t<\/div>\n\t\t\t\t\t<\/div>\n\t\t<\/div>\n\t\t\t\t\t<\/div>\n\t\t<\/section>\n\t\t\t\t<section class=\"elementor-section elementor-top-section elementor-element elementor-element-4e64dafe elementor-section-boxed elementor-section-height-default elementor-section-height-default\" data-id=\"4e64dafe\" data-element_type=\"section\">\n\t\t\t\t\t\t<div class=\"elementor-container elementor-column-gap-default\">\n\t\t\t\t\t<div class=\"elementor-column elementor-col-50 elementor-top-column elementor-element elementor-element-3f6ba2bd\" data-id=\"3f6ba2bd\" data-element_type=\"column\">\n\t\t\t<div class=\"elementor-widget-wrap elementor-element-populated\">\n\t\t\t\t\t\t<div class=\"elementor-element elementor-element-282edb8c elementor-widget elementor-widget-text-editor\" data-id=\"282edb8c\" data-element_type=\"widget\" data-widget_type=\"text-editor.default\">\n\t\t\t\t<div class=\"elementor-widget-container\">\n\t\t\t\t\t\t\t\t\t<h2><span style=\"color: #ff0000;\">Descalcificador de dobragem<\/span><\/h2>\t\t\t\t\t\t\t\t<\/div>\n\t\t\t\t<\/div>\n\t\t\t\t\t<\/div>\n\t\t<\/div>\n\t\t\t\t<div class=\"elementor-column elementor-col-50 elementor-top-column elementor-element elementor-element-6ee51280\" data-id=\"6ee51280\" data-element_type=\"column\">\n\t\t\t<div class=\"elementor-widget-wrap elementor-element-populated\">\n\t\t\t\t\t\t<div class=\"elementor-element elementor-element-16e9b61 elementor-widget elementor-widget-image\" data-id=\"16e9b61\" data-element_type=\"widget\" data-widget_type=\"image.default\">\n\t\t\t\t<div class=\"elementor-widget-container\">\n\t\t\t\t\t\t\t\t\t\t\t\t\t\t\t<img decoding=\"async\" src=\"https:\/\/ejpwire.com\/wp-content\/uploads\/elementor\/thumbs\/ejp-wire-technology-entzunderungsanlage-be-65-qayqffdtcpz3en9k3u8884mzqt2inenys2pdfw33eo.jpg\" title=\"ejp-wire-technology-descaling-plant-be-65\" alt=\"ejp-wire-technology-descaling-plant-be-65\" loading=\"lazy\" \/>\t\t\t\t\t\t\t\t\t\t\t\t\t\t\t<\/div>\n\t\t\t\t<\/div>\n\t\t\t\t<div class=\"elementor-element elementor-element-66ce3cb7 elementor-widget elementor-widget-text-editor\" data-id=\"66ce3cb7\" data-element_type=\"widget\" data-widget_type=\"text-editor.default\">\n\t\t\t\t<div class=\"elementor-widget-container\">\n\t\t\t\t\t\t\t\t\t<h3>Descalcificador de dobragem BE-65<\/h3><p>Descalcifica\u00e7\u00e3o por flex\u00e3o e rutura para di\u00e2metros de fio at\u00e9 5,5 - 8,0 mm, opcionalmente com dispositivo de alimenta\u00e7\u00e3o combinado.<\/p>\t\t\t\t\t\t\t\t<\/div>\n\t\t\t\t<\/div>\n\t\t\t\t<div class=\"elementor-element elementor-element-65655085 elementor-widget-divider--view-line elementor-widget elementor-widget-divider\" data-id=\"65655085\" data-element_type=\"widget\" data-widget_type=\"divider.default\">\n\t\t\t\t<div class=\"elementor-widget-container\">\n\t\t\t\t\t\t\t<div class=\"elementor-divider\">\n\t\t\t<span class=\"elementor-divider-separator\">\n\t\t\t\t\t\t<\/span>\n\t\t<\/div>\n\t\t\t\t\t\t<\/div>\n\t\t\t\t<\/div>\n\t\t\t\t<div class=\"elementor-element elementor-element-e9cd2bd elementor-widget elementor-widget-text-editor\" data-id=\"e9cd2bd\" data-element_type=\"widget\" data-widget_type=\"text-editor.default\">\n\t\t\t\t<div class=\"elementor-widget-container\">\n\t\t\t\t\t\t\t\t\t<h3>Descalcificador de dobragem BE-2<\/h3><p>Descalcifica\u00e7\u00e3o de dobragem e quebra pesada para di\u00e2metros de fio at\u00e9 18,0 mm, opcionalmente com dispositivo de alimenta\u00e7\u00e3o combinado.<\/p>\t\t\t\t\t\t\t\t<\/div>\n\t\t\t\t<\/div>\n\t\t\t\t<div class=\"elementor-element elementor-element-2a0f6e2 elementor-widget-divider--view-line elementor-widget elementor-widget-divider\" data-id=\"2a0f6e2\" data-element_type=\"widget\" data-widget_type=\"divider.default\">\n\t\t\t\t<div class=\"elementor-widget-container\">\n\t\t\t\t\t\t\t<div class=\"elementor-divider\">\n\t\t\t<span class=\"elementor-divider-separator\">\n\t\t\t\t\t\t<\/span>\n\t\t<\/div>\n\t\t\t\t\t\t<\/div>\n\t\t\t\t<\/div>\n\t\t\t\t<div class=\"elementor-element elementor-element-fff43b3 elementor-widget elementor-widget-image\" data-id=\"fff43b3\" data-element_type=\"widget\" data-widget_type=\"image.default\">\n\t\t\t\t<div class=\"elementor-widget-container\">\n\t\t\t\t\t\t\t\t\t\t\t\t\t\t\t<img decoding=\"async\" src=\"https:\/\/ejpwire.com\/wp-content\/uploads\/elementor\/thumbs\/ejp-wire-technology-descaling-system-be-8-qayqffdy850a5x672w98flcctebf3bpdjd3dttscsw.jpg\" title=\"ejp-wire-technology-descaling-system-be-8\" alt=\"Sistema de descalcifica\u00e7\u00e3o WiTEC da EJP\" loading=\"lazy\" \/>\t\t\t\t\t\t\t\t\t\t\t\t\t\t\t<\/div>\n\t\t\t\t<\/div>\n\t\t\t\t<div class=\"elementor-element elementor-element-2afa8929 elementor-widget elementor-widget-text-editor\" data-id=\"2afa8929\" data-element_type=\"widget\" data-widget_type=\"text-editor.default\">\n\t\t\t\t<div class=\"elementor-widget-container\">\n\t\t\t\t\t\t\t\t\t<h3>Descalcificador de dobragem BE-8<\/h3><p>Descalcifica\u00e7\u00e3o de dobragem e quebra para di\u00e2metros de arame at\u00e9 13,5 mm, dispon\u00edvel em design simples, bem como com alimenta\u00e7\u00e3o pneum\u00e1tica ou hidr\u00e1ulica de rolos de dobragem.<\/p>\t\t\t\t\t\t\t\t<\/div>\n\t\t\t\t<\/div>\n\t\t\t\t<div class=\"elementor-element elementor-element-947d5f0 elementor-widget-divider--view-line elementor-widget elementor-widget-divider\" data-id=\"947d5f0\" data-element_type=\"widget\" data-widget_type=\"divider.default\">\n\t\t\t\t<div class=\"elementor-widget-container\">\n\t\t\t\t\t\t\t<div class=\"elementor-divider\">\n\t\t\t<span class=\"elementor-divider-separator\">\n\t\t\t\t\t\t<\/span>\n\t\t<\/div>\n\t\t\t\t\t\t<\/div>\n\t\t\t\t<\/div>\n\t\t\t\t\t<\/div>\n\t\t<\/div>\n\t\t\t\t\t<\/div>\n\t\t<\/section>\n\t\t\t\t<section class=\"elementor-section elementor-top-section elementor-element elementor-element-1acdecca elementor-section-boxed elementor-section-height-default elementor-section-height-default\" data-id=\"1acdecca\" data-element_type=\"section\">\n\t\t\t\t\t\t<div class=\"elementor-container elementor-column-gap-default\">\n\t\t\t\t\t<div class=\"elementor-column elementor-col-50 elementor-top-column elementor-element elementor-element-4c370b0a\" data-id=\"4c370b0a\" data-element_type=\"column\">\n\t\t\t<div class=\"elementor-widget-wrap elementor-element-populated\">\n\t\t\t\t\t\t<div class=\"elementor-element elementor-element-56d3a645 elementor-widget elementor-widget-text-editor\" data-id=\"56d3a645\" data-element_type=\"widget\" data-widget_type=\"text-editor.default\">\n\t\t\t\t<div class=\"elementor-widget-container\">\n\t\t\t\t\t\t\t\t\t<h2><span style=\"color: #ff0000;\">Descalcificador de escovas<\/span><\/h2>\t\t\t\t\t\t\t\t<\/div>\n\t\t\t\t<\/div>\n\t\t\t\t\t<\/div>\n\t\t<\/div>\n\t\t\t\t<div class=\"elementor-column elementor-col-50 elementor-top-column elementor-element elementor-element-60a30ed3\" data-id=\"60a30ed3\" data-element_type=\"column\">\n\t\t\t<div class=\"elementor-widget-wrap elementor-element-populated\">\n\t\t\t\t\t\t<div class=\"elementor-element elementor-element-66a9268 elementor-widget elementor-widget-image\" data-id=\"66a9268\" data-element_type=\"widget\" data-widget_type=\"image.default\">\n\t\t\t\t<div class=\"elementor-widget-container\">\n\t\t\t\t\t\t\t\t\t\t\t\t\t\t\t<img decoding=\"async\" src=\"https:\/\/ejpwire.com\/wp-content\/uploads\/elementor\/thumbs\/ejp-wire-technology-descaling-system-rb-4-qayqffdy850a5x672w98flcctebf3bpdjd3dttscuu.jpg\" title=\"ejp-wire-technology-descaling-system-RB-4\" alt=\"Descalcifica\u00e7\u00e3o de fios EJP WiTEC\" loading=\"lazy\" \/>\t\t\t\t\t\t\t\t\t\t\t\t\t\t\t<\/div>\n\t\t\t\t<\/div>\n\t\t\t\t<div class=\"elementor-element elementor-element-6e761256 elementor-widget elementor-widget-text-editor\" data-id=\"6e761256\" data-element_type=\"widget\" data-widget_type=\"text-editor.default\">\n\t\t\t\t<div class=\"elementor-widget-container\">\n\t\t\t\t\t\t\t\t\t<h3>Descalcificador para escovas redondas RB-4<\/h3><p>Dependendo da vers\u00e3o, a m\u00e1quina de escovar redonda \u00e9 adequada para di\u00e2metros de arame at\u00e9 18,0 mm, bem como para arames pr\u00e9-estirados at\u00e9 1,2 mm. Al\u00e9m disso, \u00e9 adequada tanto para a limpeza agressiva (por escovas redondas) como para a limpeza extremamente suave do fio (por escovas de lixa) em funcionamento cont\u00ednuo. Um engenhoso sistema de alimenta\u00e7\u00e3o de escovas permite uma opera\u00e7\u00e3o altamente eficiente com altas velocidades de passagem e longa vida \u00fatil das escovas.<\/p>\t\t\t\t\t\t\t\t<\/div>\n\t\t\t\t<\/div>\n\t\t\t\t<div class=\"elementor-element elementor-element-30d8d1b elementor-widget-divider--view-line elementor-widget elementor-widget-divider\" data-id=\"30d8d1b\" data-element_type=\"widget\" data-widget_type=\"divider.default\">\n\t\t\t\t<div class=\"elementor-widget-container\">\n\t\t\t\t\t\t\t<div class=\"elementor-divider\">\n\t\t\t<span class=\"elementor-divider-separator\">\n\t\t\t\t\t\t<\/span>\n\t\t<\/div>\n\t\t\t\t\t\t<\/div>\n\t\t\t\t<\/div>\n\t\t\t\t<div class=\"elementor-element elementor-element-78115b6 elementor-widget elementor-widget-image\" data-id=\"78115b6\" data-element_type=\"widget\" data-widget_type=\"image.default\">\n\t\t\t\t<div class=\"elementor-widget-container\">\n\t\t\t\t\t\t\t\t\t\t\t\t\t\t\t<img decoding=\"async\" src=\"https:\/\/ejpwire.com\/wp-content\/uploads\/elementor\/thumbs\/ejp-wire-technology-descaling-system-tb-2-qayqffdy850a5x672w98flcctebf3bpdjd3dttsddq.jpg\" title=\"ejp-wire-technology-descaling-system-tb-2\" alt=\"Descalcifica\u00e7\u00e3o de fios EJP WiTEC\" loading=\"lazy\" \/>\t\t\t\t\t\t\t\t\t\t\t\t\t\t\t<\/div>\n\t\t\t\t<\/div>\n\t\t\t\t<div class=\"elementor-element elementor-element-590be3cb elementor-widget elementor-widget-text-editor\" data-id=\"590be3cb\" data-element_type=\"widget\" data-widget_type=\"text-editor.default\">\n\t\t\t\t<div class=\"elementor-widget-container\">\n\t\t\t\t\t\t\t\t\t<h3>Descalcificador para escovas de disco TB-2<\/h3><p>A unidade de escovas de disco \u00e9 adequada para di\u00e2metros de arame de 5,5 mm a 30,0 mm (dependendo do modelo) e \u00e9 adequada para uma limpeza muito eficiente do arame em funcionamento cont\u00ednuo, apesar da sua conce\u00e7\u00e3o simples e dos baixos custos de investimento. Um sistema de ajuste das escovas bem concebido permite um desgaste muito uniforme de todas as escovas.<\/p>\t\t\t\t\t\t\t\t<\/div>\n\t\t\t\t<\/div>\n\t\t\t\t<div class=\"elementor-element elementor-element-7c960e98 elementor-widget-divider--view-line elementor-widget elementor-widget-divider\" data-id=\"7c960e98\" data-element_type=\"widget\" data-widget_type=\"divider.default\">\n\t\t\t\t<div class=\"elementor-widget-container\">\n\t\t\t\t\t\t\t<div class=\"elementor-divider\">\n\t\t\t<span class=\"elementor-divider-separator\">\n\t\t\t\t\t\t<\/span>\n\t\t<\/div>\n\t\t\t\t\t\t<\/div>\n\t\t\t\t<\/div>\n\t\t\t\t\t<\/div>\n\t\t<\/div>\n\t\t\t\t\t<\/div>\n\t\t<\/section>\n\t\t\t\t<section class=\"elementor-section elementor-top-section elementor-element elementor-element-2b4dac2 elementor-section-boxed elementor-section-height-default elementor-section-height-default\" data-id=\"2b4dac2\" data-element_type=\"section\">\n\t\t\t\t\t\t<div class=\"elementor-container elementor-column-gap-default\">\n\t\t\t\t\t<div class=\"elementor-column elementor-col-50 elementor-top-column elementor-element elementor-element-63f713f\" data-id=\"63f713f\" data-element_type=\"column\">\n\t\t\t<div class=\"elementor-widget-wrap elementor-element-populated\">\n\t\t\t\t\t\t<div class=\"elementor-element elementor-element-5c6c342 elementor-widget elementor-widget-text-editor\" data-id=\"5c6c342\" data-element_type=\"widget\" data-widget_type=\"text-editor.default\">\n\t\t\t\t<div class=\"elementor-widget-container\">\n\t\t\t\t\t\t\t\t\t<h2><span style=\"color: #ff0000;\">Desincrustante de palha de a\u00e7o<\/span><\/h2>\t\t\t\t\t\t\t\t<\/div>\n\t\t\t\t<\/div>\n\t\t\t\t\t<\/div>\n\t\t<\/div>\n\t\t\t\t<div class=\"elementor-column elementor-col-50 elementor-top-column elementor-element elementor-element-4c18d8e\" data-id=\"4c18d8e\" data-element_type=\"column\">\n\t\t\t<div class=\"elementor-widget-wrap elementor-element-populated\">\n\t\t\t\t\t\t<div class=\"elementor-element elementor-element-8bb34e4 elementor-widget elementor-widget-image\" data-id=\"8bb34e4\" data-element_type=\"widget\" data-widget_type=\"image.default\">\n\t\t\t\t<div class=\"elementor-widget-container\">\n\t\t\t\t\t\t\t\t\t\t\t\t\t\t\t<img decoding=\"async\" src=\"https:\/\/ejpwire.com\/wp-content\/uploads\/elementor\/thumbs\/ejp-wire-technologies-drahtentzunderung-wire-descaling-tbf-swe-rr-qayqfgbuuolascrq331a614iprpn2ra6g3xjjznhk8.jpg\" title=\"ejp-wire-technologies-wire-descaling-tbf-swe-rr\" alt=\"M\u00e1quina de descalcifica\u00e7\u00e3o de arame\" loading=\"lazy\" \/>\t\t\t\t\t\t\t\t\t\t\t\t\t\t\t<\/div>\n\t\t\t\t<\/div>\n\t\t\t\t<div class=\"elementor-element elementor-element-bbd8495 elementor-widget elementor-widget-text-editor\" data-id=\"bbd8495\" data-element_type=\"widget\" data-widget_type=\"text-editor.default\">\n\t\t\t\t<div class=\"elementor-widget-container\">\n\t\t\t\t\t\t\t\t\t<h3>Descalcificador Steel Woll SWE<\/h3><p>O sistema de descalcifica\u00e7\u00e3o com palha de a\u00e7o tem sec\u00e7\u00f5es de limpeza fixas e rotativas, que podem ser operadas seletivamente ou alternadamente com palha de a\u00e7o ou escovas. Isto faz com que a m\u00e1quina seja uma alternativa de descalcifica\u00e7\u00e3o de baixo custo e \u00e9 particularmente adequada para m\u00e1quinas de desenho curto e velocidades de produ\u00e7\u00e3o mais lentas, com foco na produ\u00e7\u00e3o de baixo custo.<\/p>\t\t\t\t\t\t\t\t<\/div>\n\t\t\t\t<\/div>\n\t\t\t\t<div class=\"elementor-element elementor-element-2e6a71b elementor-widget-divider--view-line elementor-widget elementor-widget-divider\" data-id=\"2e6a71b\" data-element_type=\"widget\" data-widget_type=\"divider.default\">\n\t\t\t\t<div class=\"elementor-widget-container\">\n\t\t\t\t\t\t\t<div class=\"elementor-divider\">\n\t\t\t<span class=\"elementor-divider-separator\">\n\t\t\t\t\t\t<\/span>\n\t\t<\/div>\n\t\t\t\t\t\t<\/div>\n\t\t\t\t<\/div>\n\t\t\t\t\t<\/div>\n\t\t<\/div>\n\t\t\t\t\t<\/div>\n\t\t<\/section>\n\t\t\t\t<section class=\"elementor-section elementor-top-section elementor-element elementor-element-f3d8bc9 elementor-section-boxed elementor-section-height-default elementor-section-height-default\" data-id=\"f3d8bc9\" data-element_type=\"section\">\n\t\t\t\t\t\t<div class=\"elementor-container elementor-column-gap-default\">\n\t\t\t\t\t<div class=\"elementor-column elementor-col-50 elementor-top-column elementor-element elementor-element-580aed59\" data-id=\"580aed59\" data-element_type=\"column\">\n\t\t\t<div class=\"elementor-widget-wrap elementor-element-populated\">\n\t\t\t\t\t\t<div class=\"elementor-element elementor-element-733fbd61 elementor-widget elementor-widget-text-editor\" data-id=\"733fbd61\" data-element_type=\"widget\" data-widget_type=\"text-editor.default\">\n\t\t\t\t<div class=\"elementor-widget-container\">\n\t\t\t\t\t\t\t\t\t<h2><span style=\"color: #ff0000;\">Desincrustante de lixagem<\/span><\/h2>\t\t\t\t\t\t\t\t<\/div>\n\t\t\t\t<\/div>\n\t\t\t\t\t<\/div>\n\t\t<\/div>\n\t\t\t\t<div class=\"elementor-column elementor-col-50 elementor-top-column elementor-element elementor-element-60ef7850\" data-id=\"60ef7850\" data-element_type=\"column\">\n\t\t\t<div class=\"elementor-widget-wrap elementor-element-populated\">\n\t\t\t\t\t\t<div class=\"elementor-element elementor-element-10acc30e elementor-widget elementor-widget-text-editor\" data-id=\"10acc30e\" data-element_type=\"widget\" data-widget_type=\"text-editor.default\">\n\t\t\t\t<div class=\"elementor-widget-container\">\n\t\t\t\t\t\t\t\t\t<h3>Descalcificador de lixagem de cabe\u00e7a dupla SA-4<\/h3><p>Lixadeira \/ Desincrustante, que funciona com duas cintas de areia, adequada para descalcificar o fio num processo cont\u00ednuo, rodando duas cintas de lixa continuamente \u00e0 volta do fio. Processo \u00f3timo para atingir as mais altas velocidades de trefila\u00e7\u00e3o e vida \u00fatil da matriz de trefila\u00e7\u00e3o devido \u00e0 elevada qualidade de limpeza em compara\u00e7\u00e3o com todos os outros processos de descalcifica\u00e7\u00e3o. Al\u00e9m disso, os custos de produ\u00e7\u00e3o podem ser reduzidos at\u00e9 75% em compara\u00e7\u00e3o com os processos de decapagem qu\u00edmica, por exemplo.<\/p>\t\t\t\t\t\t\t\t<\/div>\n\t\t\t\t<\/div>\n\t\t\t\t<div class=\"elementor-element elementor-element-7a4ad335 elementor-widget-divider--view-line elementor-widget elementor-widget-divider\" data-id=\"7a4ad335\" data-element_type=\"widget\" data-widget_type=\"divider.default\">\n\t\t\t\t<div class=\"elementor-widget-container\">\n\t\t\t\t\t\t\t<div class=\"elementor-divider\">\n\t\t\t<span class=\"elementor-divider-separator\">\n\t\t\t\t\t\t<\/span>\n\t\t<\/div>\n\t\t\t\t\t\t<\/div>\n\t\t\t\t<\/div>\n\t\t\t\t<div class=\"elementor-element elementor-element-7406a78 elementor-arrows-position-outside elementor-widget elementor-widget-image-carousel\" data-id=\"7406a78\" data-element_type=\"widget\" data-settings=\"{&quot;slides_to_show&quot;:&quot;1&quot;,&quot;navigation&quot;:&quot;arrows&quot;,&quot;autoplay_speed&quot;:7000,&quot;autoplay&quot;:&quot;yes&quot;,&quot;pause_on_hover&quot;:&quot;yes&quot;,&quot;pause_on_interaction&quot;:&quot;yes&quot;,&quot;infinite&quot;:&quot;yes&quot;,&quot;effect&quot;:&quot;slide&quot;,&quot;speed&quot;:500}\" data-widget_type=\"image-carousel.default\">\n\t\t\t\t<div class=\"elementor-widget-container\">\n\t\t\t\t\t\t\t<div class=\"elementor-image-carousel-wrapper swiper\" role=\"region\" aria-roledescription=\"carousel\" aria-label=\"Image Carousel\" dir=\"ltr\">\n\t\t\t<div class=\"elementor-image-carousel swiper-wrapper\" aria-live=\"off\">\n\t\t\t\t\t\t\t\t<div class=\"swiper-slide\" role=\"group\" aria-roledescription=\"slide\" aria-label=\"1 sur 2\" data-no-translation-aria-label=\"\"><figure class=\"swiper-slide-inner\"><img decoding=\"async\" class=\"swiper-slide-image\" src=\"https:\/\/ejpwire.com\/wp-content\/uploads\/elementor\/thumbs\/ejp-wire-technology-sa-2-qayqffe0numab468kvchpyp3nrn2ym36hx9e6jsof4.jpg\" alt=\"Descalcificador para lixagem EJP WiTEC SA-2\" \/><\/figure><\/div><div class=\"swiper-slide\" role=\"group\" aria-roledescription=\"slide\" aria-label=\"2 sur 2\" data-no-translation-aria-label=\"\"><figure class=\"swiper-slide-inner\"><img decoding=\"async\" class=\"swiper-slide-image\" src=\"https:\/\/ejpwire.com\/wp-content\/uploads\/elementor\/thumbs\/ejp-wire-technology-sanding-descaler-qayqffe0numab468kvchpyp3nrn2ym36hx9e6jsof4.jpg\" alt=\"Descalcificador para lixagem EJP WiTEC SA-2\" \/><\/figure><\/div>\t\t\t<\/div>\n\t\t\t\t\t\t\t\t\t\t\t\t<div class=\"elementor-swiper-button elementor-swiper-button-prev\" role=\"button\" tabindex=\"0\">\n\t\t\t\t\t\t<i aria-hidden=\"true\" class=\"eicon-chevron-left\"><\/i>\t\t\t\t\t<\/div>\n\t\t\t\t\t<div class=\"elementor-swiper-button elementor-swiper-button-next\" role=\"button\" tabindex=\"0\">\n\t\t\t\t\t\t<i aria-hidden=\"true\" class=\"eicon-chevron-right\"><\/i>\t\t\t\t\t<\/div>\n\t\t\t\t\n\t\t\t\t\t\t\t\t\t<\/div>\n\t\t\t\t\t\t<\/div>\n\t\t\t\t<\/div>\n\t\t\t\t<div class=\"elementor-element elementor-element-15ee7020 elementor-widget elementor-widget-text-editor\" data-id=\"15ee7020\" data-element_type=\"widget\" data-widget_type=\"text-editor.default\">\n\t\t\t\t<div class=\"elementor-widget-container\">\n\t\t\t\t\t\t\t\t\t<h3>Desincrustante de lixagem SA-2<\/h3><p>Descalcificador de lixa \/ moagem, que funciona com uma cinta de lixa, adequado para descalcificar o fio num processo cont\u00ednuo, rodando uma cinta de lixa continuamente \u00e0 volta do fio. Processo \u00f3timo para atingir as mais altas velocidades de trefila\u00e7\u00e3o e vida \u00fatil da matriz de trefila\u00e7\u00e3o devido \u00e0 elevada qualidade de limpeza em compara\u00e7\u00e3o com todos os outros processos de descalcifica\u00e7\u00e3o. Al\u00e9m disso, os custos de produ\u00e7\u00e3o podem ser reduzidos at\u00e9 75% em compara\u00e7\u00e3o com os processos de decapagem qu\u00edmica, por exemplo.<\/p>\t\t\t\t\t\t\t\t<\/div>\n\t\t\t\t<\/div>\n\t\t\t\t\t<\/div>\n\t\t<\/div>\n\t\t\t\t\t<\/div>\n\t\t<\/section>\n\t\t\t\t<\/div>","protected":false},"excerpt":{"rendered":"<p>Sistemas de descalcifica\u00e7\u00e3o Descarregar o cat\u00e1logo de produtos em PDF Descalcificador de dobragem Descalcificador de dobragem BE-65 Descalcifica\u00e7\u00e3o pesada de dobragem e quebra para di\u00e2metros de arame at\u00e9 5,5 - 8,0 mm, opcionalmente com dispositivo de alimenta\u00e7\u00e3o combinado. Descalcificador de dobra BE-2 Descalcificador de dobra e quebra para di\u00e2metros de arame at\u00e9 18,0 mm, opcionalmente com dispositivo de alimenta\u00e7\u00e3o combinado. Descalcificador de dobra BE-8 Descalcificador de dobra [...]<\/p>","protected":false},"author":1,"featured_media":0,"parent":0,"menu_order":0,"comment_status":"closed","ping_status":"closed","template":"elementor_header_footer","meta":{"footnotes":""},"class_list":["post-443","page","type-page","status-publish","hentry"],"_links":{"self":[{"href":"https:\/\/ejpwire.com\/pt\/wp-json\/wp\/v2\/pages\/443","targetHints":{"allow":["GET"]}}],"collection":[{"href":"https:\/\/ejpwire.com\/pt\/wp-json\/wp\/v2\/pages"}],"about":[{"href":"https:\/\/ejpwire.com\/pt\/wp-json\/wp\/v2\/types\/page"}],"author":[{"embeddable":true,"href":"https:\/\/ejpwire.com\/pt\/wp-json\/wp\/v2\/users\/1"}],"replies":[{"embeddable":true,"href":"https:\/\/ejpwire.com\/pt\/wp-json\/wp\/v2\/comments?post=443"}],"version-history":[{"count":18,"href":"https:\/\/ejpwire.com\/pt\/wp-json\/wp\/v2\/pages\/443\/revisions"}],"predecessor-version":[{"id":810,"href":"https:\/\/ejpwire.com\/pt\/wp-json\/wp\/v2\/pages\/443\/revisions\/810"}],"wp:attachment":[{"href":"https:\/\/ejpwire.com\/pt\/wp-json\/wp\/v2\/media?parent=443"}],"curies":[{"name":"wp","href":"https:\/\/api.w.org\/{rel}","templated":true}]}}