{"id":433,"date":"2020-05-29T06:38:50","date_gmt":"2020-05-29T06:38:50","guid":{"rendered":"https:\/\/ejpwitec.com\/?page_id=433"},"modified":"2020-10-08T07:37:12","modified_gmt":"2020-10-08T07:37:12","slug":"wire-pay-off-systems","status":"publish","type":"page","link":"https:\/\/ejpwire.com\/pt\/sistemas-de-pagamento-por-transferencia-eletronica","title":{"rendered":"Sistemas de pagamento"},"content":{"rendered":"<div data-elementor-type=\"wp-page\" data-elementor-id=\"433\" class=\"elementor elementor-433\" data-elementor-post-type=\"page\">\n\t\t\t\t\t\t<section class=\"elementor-section elementor-top-section elementor-element elementor-element-442a19e5 elementor-section-boxed elementor-section-height-default elementor-section-height-default\" data-id=\"442a19e5\" data-element_type=\"section\">\n\t\t\t\t\t\t<div class=\"elementor-container elementor-column-gap-default\">\n\t\t\t\t\t<div class=\"elementor-column elementor-col-50 elementor-top-column elementor-element elementor-element-5fd1f622\" data-id=\"5fd1f622\" data-element_type=\"column\">\n\t\t\t<div class=\"elementor-widget-wrap elementor-element-populated\">\n\t\t\t\t\t\t<div class=\"elementor-element elementor-element-e96e6ca elementor-widget elementor-widget-spacer\" data-id=\"e96e6ca\" data-element_type=\"widget\" data-widget_type=\"spacer.default\">\n\t\t\t\t<div class=\"elementor-widget-container\">\n\t\t\t\t\t\t\t<div class=\"elementor-spacer\">\n\t\t\t<div class=\"elementor-spacer-inner\"><\/div>\n\t\t<\/div>\n\t\t\t\t\t\t<\/div>\n\t\t\t\t<\/div>\n\t\t\t\t<div class=\"elementor-element elementor-element-a9308e4 elementor-widget elementor-widget-text-editor\" data-id=\"a9308e4\" data-element_type=\"widget\" data-widget_type=\"text-editor.default\">\n\t\t\t\t<div class=\"elementor-widget-container\">\n\t\t\t\t\t\t\t\t\t<h1>Sistemas de pagamento<\/h1>\t\t\t\t\t\t\t\t<\/div>\n\t\t\t\t<\/div>\n\t\t\t\t<div class=\"elementor-element elementor-element-27fe0e4 elementor-widget-divider--view-line elementor-widget elementor-widget-divider\" data-id=\"27fe0e4\" data-element_type=\"widget\" data-widget_type=\"divider.default\">\n\t\t\t\t<div class=\"elementor-widget-container\">\n\t\t\t\t\t\t\t<div class=\"elementor-divider\">\n\t\t\t<span class=\"elementor-divider-separator\">\n\t\t\t\t\t\t<\/span>\n\t\t<\/div>\n\t\t\t\t\t\t<\/div>\n\t\t\t\t<\/div>\n\t\t\t\t\t<\/div>\n\t\t<\/div>\n\t\t\t\t<div class=\"elementor-column elementor-col-50 elementor-top-column elementor-element elementor-element-64c6a4cd\" data-id=\"64c6a4cd\" data-element_type=\"column\">\n\t\t\t<div class=\"elementor-widget-wrap elementor-element-populated\">\n\t\t\t\t\t\t<div class=\"elementor-element elementor-element-0702753 elementor-align-right elementor-widget elementor-widget-button\" data-id=\"0702753\" data-element_type=\"widget\" data-widget_type=\"button.default\">\n\t\t\t\t<div class=\"elementor-widget-container\">\n\t\t\t\t\t\t\t\t\t<div class=\"elementor-button-wrapper\">\n\t\t\t\t\t<a class=\"elementor-button elementor-button-link elementor-size-md\" href=\"https:\/\/ejpwitec.com\/wp-content\/uploads\/2020\/10\/EJP-WIRE-Technology_Prospekt.pdf\" target=\"_blank\" rel=\"noopener\">\n\t\t\t\t\t\t<span class=\"elementor-button-content-wrapper\">\n\t\t\t\t\t\t\t\t\t<span class=\"elementor-button-text\">Descarregar o cat\u00e1logo de produtos em PDF<\/span>\n\t\t\t\t\t<\/span>\n\t\t\t\t\t<\/a>\n\t\t\t\t<\/div>\n\t\t\t\t\t\t\t\t<\/div>\n\t\t\t\t<\/div>\n\t\t\t\t\t<\/div>\n\t\t<\/div>\n\t\t\t\t\t<\/div>\n\t\t<\/section>\n\t\t\t\t<section class=\"elementor-section elementor-top-section elementor-element elementor-element-9f9be93 elementor-section-boxed elementor-section-height-default elementor-section-height-default\" data-id=\"9f9be93\" data-element_type=\"section\">\n\t\t\t\t\t\t<div class=\"elementor-container elementor-column-gap-default\">\n\t\t\t\t\t<div class=\"elementor-column elementor-col-50 elementor-top-column elementor-element elementor-element-d57c309\" data-id=\"d57c309\" data-element_type=\"column\">\n\t\t\t<div class=\"elementor-widget-wrap elementor-element-populated\">\n\t\t\t\t\t\t<div class=\"elementor-element elementor-element-51a0663 elementor-widget elementor-widget-text-editor\" data-id=\"51a0663\" data-element_type=\"widget\" data-widget_type=\"text-editor.default\">\n\t\t\t\t<div class=\"elementor-widget-container\">\n\t\t\t\t\t\t\t\t\t<h2><span style=\"color: #ff0000;\">Compensa\u00e7\u00f5es horizontais<\/span><\/h2>\t\t\t\t\t\t\t\t<\/div>\n\t\t\t\t<\/div>\n\t\t\t\t\t<\/div>\n\t\t<\/div>\n\t\t\t\t<div class=\"elementor-column elementor-col-50 elementor-top-column elementor-element elementor-element-1595472\" data-id=\"1595472\" data-element_type=\"column\">\n\t\t\t<div class=\"elementor-widget-wrap elementor-element-populated\">\n\t\t\t\t\t\t<div class=\"elementor-element elementor-element-5858203 elementor-widget elementor-widget-text-editor\" data-id=\"5858203\" data-element_type=\"widget\" data-widget_type=\"text-editor.default\">\n\t\t\t\t<div class=\"elementor-widget-container\">\n\t\t\t\t\t\t\t\t\t<h3>Flipper \/ Desembolso horizontal HA-L<\/h3><p>Flipper de pagamento horizontal f\u00e1cil para bobinas com peso at\u00e9 2,5 t.<\/p>\t\t\t\t\t\t\t\t<\/div>\n\t\t\t\t<\/div>\n\t\t\t\t<div class=\"elementor-element elementor-element-46074a1 elementor-widget-divider--view-line elementor-widget elementor-widget-divider\" data-id=\"46074a1\" data-element_type=\"widget\" data-widget_type=\"divider.default\">\n\t\t\t\t<div class=\"elementor-widget-container\">\n\t\t\t\t\t\t\t<div class=\"elementor-divider\">\n\t\t\t<span class=\"elementor-divider-separator\">\n\t\t\t\t\t\t<\/span>\n\t\t<\/div>\n\t\t\t\t\t\t<\/div>\n\t\t\t\t<\/div>\n\t\t\t\t<div class=\"elementor-element elementor-element-81d4cf9 elementor-widget elementor-widget-text-editor\" data-id=\"81d4cf9\" data-element_type=\"widget\" data-widget_type=\"text-editor.default\">\n\t\t\t\t<div class=\"elementor-widget-container\">\n\t\t\t\t\t\t\t\t\t<h3>Desembolsador horizontal com empurrador de bobinas HA-C<\/h3><p>Pesado pagamento horizontal com transporte autom\u00e1tico da bobina.<\/p>\t\t\t\t\t\t\t\t<\/div>\n\t\t\t\t<\/div>\n\t\t\t\t<div class=\"elementor-element elementor-element-049cd66 elementor-widget-divider--view-line elementor-widget elementor-widget-divider\" data-id=\"049cd66\" data-element_type=\"widget\" data-widget_type=\"divider.default\">\n\t\t\t\t<div class=\"elementor-widget-container\">\n\t\t\t\t\t\t\t<div class=\"elementor-divider\">\n\t\t\t<span class=\"elementor-divider-separator\">\n\t\t\t\t\t\t<\/span>\n\t\t<\/div>\n\t\t\t\t\t\t<\/div>\n\t\t\t\t<\/div>\n\t\t\t\t<div class=\"elementor-element elementor-element-c4b8420 elementor-widget elementor-widget-text-editor\" data-id=\"c4b8420\" data-element_type=\"widget\" data-widget_type=\"text-editor.default\">\n\t\t\t\t<div class=\"elementor-widget-container\">\n\t\t\t\t\t\t\t\t\t<h3>Apanhador de la\u00e7os SG<\/h3><p>Apanhador de la\u00e7os para a dete\u00e7\u00e3o de la\u00e7os e n\u00f3s nos fios, com a possibilidade de desligar o sistema antes da rutura do fio.<\/p>\t\t\t\t\t\t\t\t<\/div>\n\t\t\t\t<\/div>\n\t\t\t\t<div class=\"elementor-element elementor-element-7280926 elementor-widget-divider--view-line elementor-widget elementor-widget-divider\" data-id=\"7280926\" data-element_type=\"widget\" data-widget_type=\"divider.default\">\n\t\t\t\t<div class=\"elementor-widget-container\">\n\t\t\t\t\t\t\t<div class=\"elementor-divider\">\n\t\t\t<span class=\"elementor-divider-separator\">\n\t\t\t\t\t\t<\/span>\n\t\t<\/div>\n\t\t\t\t\t\t<\/div>\n\t\t\t\t<\/div>\n\t\t\t\t<div class=\"elementor-element elementor-element-75159b1 elementor-widget elementor-widget-text-editor\" data-id=\"75159b1\" data-element_type=\"widget\" data-widget_type=\"text-editor.default\">\n\t\t\t\t<div class=\"elementor-widget-container\">\n\t\t\t\t\t\t\t\t\t<h3>Pagamento da bobina SPA<\/h3><p>Alimentador de bobinas para bobinas at\u00e9 aprox. 1.250 mm, com dispositivo de aperto manual e trav\u00e3o.<\/p>\t\t\t\t\t\t\t\t<\/div>\n\t\t\t\t<\/div>\n\t\t\t\t<div class=\"elementor-element elementor-element-b9f697f elementor-widget-divider--view-line elementor-widget elementor-widget-divider\" data-id=\"b9f697f\" data-element_type=\"widget\" data-widget_type=\"divider.default\">\n\t\t\t\t<div class=\"elementor-widget-container\">\n\t\t\t\t\t\t\t<div class=\"elementor-divider\">\n\t\t\t<span class=\"elementor-divider-separator\">\n\t\t\t\t\t\t<\/span>\n\t\t<\/div>\n\t\t\t\t\t\t<\/div>\n\t\t\t\t<\/div>\n\t\t\t\t\t<\/div>\n\t\t<\/div>\n\t\t\t\t\t<\/div>\n\t\t<\/section>\n\t\t\t\t<section class=\"elementor-section elementor-top-section elementor-element elementor-element-60a53534 elementor-section-boxed elementor-section-height-default elementor-section-height-default\" data-id=\"60a53534\" data-element_type=\"section\">\n\t\t\t\t\t\t<div class=\"elementor-container elementor-column-gap-default\">\n\t\t\t\t\t<div class=\"elementor-column elementor-col-50 elementor-top-column elementor-element elementor-element-13928ae9\" data-id=\"13928ae9\" data-element_type=\"column\">\n\t\t\t<div class=\"elementor-widget-wrap elementor-element-populated\">\n\t\t\t\t\t\t<div class=\"elementor-element elementor-element-6a425f3c elementor-widget elementor-widget-text-editor\" data-id=\"6a425f3c\" data-element_type=\"widget\" data-widget_type=\"text-editor.default\">\n\t\t\t\t<div class=\"elementor-widget-container\">\n\t\t\t\t\t\t\t\t\t<h2><span style=\"color: #ff0000;\">Compensa\u00e7\u00f5es verticais<\/span><\/h2>\t\t\t\t\t\t\t\t<\/div>\n\t\t\t\t<\/div>\n\t\t\t\t\t<\/div>\n\t\t<\/div>\n\t\t\t\t<div class=\"elementor-column elementor-col-50 elementor-top-column elementor-element elementor-element-3339c3d\" data-id=\"3339c3d\" data-element_type=\"column\">\n\t\t\t<div class=\"elementor-widget-wrap elementor-element-populated\">\n\t\t\t\t\t\t<div class=\"elementor-element elementor-element-f8a72d4 elementor-widget elementor-widget-image\" data-id=\"f8a72d4\" data-element_type=\"widget\" data-widget_type=\"image.default\">\n\t\t\t\t<div class=\"elementor-widget-container\">\n\t\t\t\t\t\t\t\t\t\t\t\t\t\t\t<img decoding=\"async\" src=\"https:\/\/ejpwire.com\/wp-content\/uploads\/elementor\/thumbs\/ejp-wire-technology-technologies-rotating-die-holder-dt-a-k-qayqffdtcpyiy1x9rrjrp0szcymbdios6l7jexk54w.jpg\" title=\"ejp-wire-technology-rotating-die-holder-DT-A-K\" alt=\"EJP WiTEC rota\u00e7\u00e3o do suporte\" loading=\"lazy\" \/>\t\t\t\t\t\t\t\t\t\t\t\t\t\t\t<\/div>\n\t\t\t\t<\/div>\n\t\t\t\t<div class=\"elementor-element elementor-element-779bba6c elementor-widget elementor-widget-text-editor\" data-id=\"779bba6c\" data-element_type=\"widget\" data-widget_type=\"text-editor.default\">\n\t\t\t\t<div class=\"elementor-widget-container\">\n\t\t\t\t\t\t\t\t\t<h3>Plataforma girat\u00f3ria Pay-Off AK-D<\/h3><p>Mesa girat\u00f3ria para o arranque sem tor\u00e7\u00e3o do fio em bobinas, em aranha\/carreador ou carretel, com ou sem acionamento.<\/p>\t\t\t\t\t\t\t\t<\/div>\n\t\t\t\t<\/div>\n\t\t\t\t<div class=\"elementor-element elementor-element-384bf2c elementor-widget-divider--view-line elementor-widget elementor-widget-divider\" data-id=\"384bf2c\" data-element_type=\"widget\" data-widget_type=\"divider.default\">\n\t\t\t\t<div class=\"elementor-widget-container\">\n\t\t\t\t\t\t\t<div class=\"elementor-divider\">\n\t\t\t<span class=\"elementor-divider-separator\">\n\t\t\t\t\t\t<\/span>\n\t\t<\/div>\n\t\t\t\t\t\t<\/div>\n\t\t\t\t<\/div>\n\t\t\t\t<div class=\"elementor-element elementor-element-ac16325 elementor-widget elementor-widget-text-editor\" data-id=\"ac16325\" data-element_type=\"widget\" data-widget_type=\"text-editor.default\">\n\t\t\t\t<div class=\"elementor-widget-container\">\n\t\t\t\t\t\t\t\t\t<h3>Unidade de sincroniza\u00e7\u00e3o \/ Dancer SE<\/h3><p>Bailarina para o posicionamento entre duas m\u00e1quinas accionadas, por exemplo, entre o prato girat\u00f3rio e a m\u00e1quina de estiragem, com o objetivo de sincronizar os dois accionamentos.<\/p>\t\t\t\t\t\t\t\t<\/div>\n\t\t\t\t<\/div>\n\t\t\t\t<div class=\"elementor-element elementor-element-088b35d elementor-widget-divider--view-line elementor-widget elementor-widget-divider\" data-id=\"088b35d\" data-element_type=\"widget\" data-widget_type=\"divider.default\">\n\t\t\t\t<div class=\"elementor-widget-container\">\n\t\t\t\t\t\t\t<div class=\"elementor-divider\">\n\t\t\t<span class=\"elementor-divider-separator\">\n\t\t\t\t\t\t<\/span>\n\t\t<\/div>\n\t\t\t\t\t\t<\/div>\n\t\t\t\t<\/div>\n\t\t\t\t<div class=\"elementor-element elementor-element-2806bc7 elementor-widget elementor-widget-image\" data-id=\"2806bc7\" data-element_type=\"widget\" data-widget_type=\"image.default\">\n\t\t\t\t<div class=\"elementor-widget-container\">\n\t\t\t\t\t\t\t\t\t\t\t\t\t\t\t<img decoding=\"async\" src=\"https:\/\/ejpwire.com\/wp-content\/uploads\/elementor\/thumbs\/ejp-wire-technology-vertical-pay-off-va-g2-qayqfgbnjk0dq986ycmusmegc6xvv3rp47cux61p8g.jpg\" title=\"ejp-wire-technology-vertical-pay-off-va-g2\" alt=\"EJP WiTec Vertical Pay Off\" loading=\"lazy\" \/>\t\t\t\t\t\t\t\t\t\t\t\t\t\t\t<\/div>\n\t\t\t\t<\/div>\n\t\t\t\t<div class=\"elementor-element elementor-element-6d81107 elementor-widget elementor-widget-text-editor\" data-id=\"6d81107\" data-element_type=\"widget\" data-widget_type=\"text-editor.default\">\n\t\t\t\t<div class=\"elementor-widget-container\">\n\t\t\t\t\t\t\t\t\t<h3>Pagamento de despesas gerais verticais VA-G2<\/h3><p>Pagamento suspenso com design de torre reta, adequado para di\u00e2metros de fio at\u00e9 16,0 mm, opcionalmente com um ou dois transportadores de bobinas \/ lan\u00e7as, estes opcionalmente em design hidraulicamente inclin\u00e1vel e\/ou acionado.<\/p>\t\t\t\t\t\t\t\t<\/div>\n\t\t\t\t<\/div>\n\t\t\t\t<div class=\"elementor-element elementor-element-9b755b5 elementor-widget-divider--view-line elementor-widget elementor-widget-divider\" data-id=\"9b755b5\" data-element_type=\"widget\" data-widget_type=\"divider.default\">\n\t\t\t\t<div class=\"elementor-widget-container\">\n\t\t\t\t\t\t\t<div class=\"elementor-divider\">\n\t\t\t<span class=\"elementor-divider-separator\">\n\t\t\t\t\t\t<\/span>\n\t\t<\/div>\n\t\t\t\t\t\t<\/div>\n\t\t\t\t<\/div>\n\t\t\t\t<div class=\"elementor-element elementor-element-5fc5545 elementor-widget elementor-widget-text-editor\" data-id=\"5fc5545\" data-element_type=\"widget\" data-widget_type=\"text-editor.default\">\n\t\t\t\t<div class=\"elementor-widget-container\">\n\t\t\t\t\t\t\t\t\t<h3>Compensa\u00e7\u00e3o de custos indiretos verticais VA-S1<\/h3><p>Pagamento suspenso com design de torre inclinada, adequado para di\u00e2metros de fio at\u00e9 7,5 mm, opcionalmente com um ou dois transportadores de bobinas \/ lan\u00e7as, estes opcionalmente em design hidraulicamente inclin\u00e1vel e\/ou acionado.<\/p>\t\t\t\t\t\t\t\t<\/div>\n\t\t\t\t<\/div>\n\t\t\t\t\t<\/div>\n\t\t<\/div>\n\t\t\t\t\t<\/div>\n\t\t<\/section>\n\t\t\t\t<\/div>","protected":false},"excerpt":{"rendered":"<p>Pay-Off Systems Download product catalog as PDF Horizontal Pay-Offs Flipper \/ Horizontal Pay-Off\u00a0 HA-L Easy horizontal pay-off flipper for coil weights up to 2.5 t. Horizontal Pay-Off with Coil Pusher HA-C Heavy horizontal pay-off with automatic coil transport. Loop Catcher SG Loop catcher for detection of wire loops and knots with the possibility of system [&hellip;]<\/p>","protected":false},"author":1,"featured_media":0,"parent":0,"menu_order":0,"comment_status":"closed","ping_status":"closed","template":"elementor_header_footer","meta":{"footnotes":""},"class_list":["post-433","page","type-page","status-publish","hentry"],"_links":{"self":[{"href":"https:\/\/ejpwire.com\/pt\/wp-json\/wp\/v2\/pages\/433","targetHints":{"allow":["GET"]}}],"collection":[{"href":"https:\/\/ejpwire.com\/pt\/wp-json\/wp\/v2\/pages"}],"about":[{"href":"https:\/\/ejpwire.com\/pt\/wp-json\/wp\/v2\/types\/page"}],"author":[{"embeddable":true,"href":"https:\/\/ejpwire.com\/pt\/wp-json\/wp\/v2\/users\/1"}],"replies":[{"embeddable":true,"href":"https:\/\/ejpwire.com\/pt\/wp-json\/wp\/v2\/comments?post=433"}],"version-history":[{"count":10,"href":"https:\/\/ejpwire.com\/pt\/wp-json\/wp\/v2\/pages\/433\/revisions"}],"predecessor-version":[{"id":768,"href":"https:\/\/ejpwire.com\/pt\/wp-json\/wp\/v2\/pages\/433\/revisions\/768"}],"wp:attachment":[{"href":"https:\/\/ejpwire.com\/pt\/wp-json\/wp\/v2\/media?parent=433"}],"curies":[{"name":"wp","href":"https:\/\/api.w.org\/{rel}","templated":true}]}}