{"id":1274,"date":"2023-07-31T17:45:30","date_gmt":"2023-07-31T17:45:30","guid":{"rendered":"https:\/\/ejpwire.com\/ejp\/?page_id=1274"},"modified":"2025-05-23T09:12:55","modified_gmt":"2025-05-23T09:12:55","slug":"wickler","status":"publish","type":"page","link":"https:\/\/ejpwire.com\/pt\/enrolador","title":{"rendered":"Bobinadeira"},"content":{"rendered":"<div data-elementor-type=\"wp-page\" data-elementor-id=\"1274\" class=\"elementor elementor-1274\" data-elementor-post-type=\"page\">\n\t\t\t\t<div class=\"elementor-element elementor-element-e8958b6 e-flex e-con-boxed e-con e-parent\" data-id=\"e8958b6\" data-element_type=\"container\">\n\t\t\t\t\t<div class=\"e-con-inner\">\n\t\t<div class=\"elementor-element elementor-element-7557d219 e-con-full e-flex e-con e-parent\" data-id=\"7557d219\" data-element_type=\"container\">\n\t\t\t\t<div class=\"elementor-element elementor-element-10b61224 elementor-widget elementor-widget-text-editor\" data-id=\"10b61224\" data-element_type=\"widget\" data-widget_type=\"text-editor.default\">\n\t\t\t\t<div class=\"elementor-widget-container\">\n\t\t\t\t\t\t\t\t\t<h1>Bobinadeira<\/h1>\t\t\t\t\t\t\t\t<\/div>\n\t\t\t\t<\/div>\n\t\t<div class=\"elementor-element elementor-element-7d6e2e3 e-flex e-con-boxed e-con e-parent\" data-id=\"7d6e2e3\" data-element_type=\"container\">\n\t\t\t\t\t<div class=\"e-con-inner\">\n\t\t<div class=\"elementor-element elementor-element-0536fb9 e-flex e-con-boxed e-con e-parent\" data-id=\"0536fb9\" data-element_type=\"container\">\n\t\t\t\t\t<div class=\"e-con-inner\">\n\t\t\t\t<div class=\"elementor-element elementor-element-6163703 elementor-widget elementor-widget-heading\" data-id=\"6163703\" data-element_type=\"widget\" data-widget_type=\"heading.default\">\n\t\t\t\t<div class=\"elementor-widget-container\">\n\t\t\t\t\t<h3 class=\"elementor-heading-title elementor-size-default\">Bobinador horizontal<\/h3>\t\t\t\t<\/div>\n\t\t\t\t<\/div>\n\t\t\t\t<div class=\"elementor-element elementor-element-efae5b1 elementor-widget elementor-widget-text-editor\" data-id=\"efae5b1\" data-element_type=\"widget\" data-widget_type=\"text-editor.default\">\n\t\t\t\t<div class=\"elementor-widget-container\">\n\t\t\t\t\t\t\t\t\t<p class=\"p1\">Bobinadeira est\u00e1tica para enrolamento de fios de a\u00e7o, vers\u00e3o opcional com matriz de trefila\u00e7\u00e3o e cabrestante de trefila\u00e7\u00e3o arrefecido a \u00e1gua.<\/p>\t\t\t\t\t\t\t\t<\/div>\n\t\t\t\t<\/div>\n\t\t\t\t\t<\/div>\n\t\t\t\t<\/div>\n\t\t<div class=\"elementor-element elementor-element-8264021 e-con-full e-flex e-con e-parent\" data-id=\"8264021\" data-element_type=\"container\">\n\t\t\t\t<div class=\"elementor-element elementor-element-bae151a elementor-widget elementor-widget-heading\" data-id=\"bae151a\" data-element_type=\"widget\" data-widget_type=\"heading.default\">\n\t\t\t\t<div class=\"elementor-widget-container\">\n\t\t\t\t\t<h3 class=\"elementor-heading-title elementor-size-default\">Bobinador vertical<\/h3>\t\t\t\t<\/div>\n\t\t\t\t<\/div>\n\t\t\t\t<div class=\"elementor-element elementor-element-aee7832 elementor-widget elementor-widget-text-editor\" data-id=\"aee7832\" data-element_type=\"widget\" data-widget_type=\"text-editor.default\">\n\t\t\t\t<div class=\"elementor-widget-container\">\n\t\t\t\t\t\t\t\t\t<p class=\"p1\">Bobinadeira est\u00e1tica para enrolamento de fios de a\u00e7o.<\/p>\t\t\t\t\t\t\t\t<\/div>\n\t\t\t\t<\/div>\n\t\t\t\t<\/div>\n\t\t\t\t\t<\/div>\n\t\t\t\t<\/div>\n\t\t\t\t<div class=\"elementor-element elementor-element-5ef23789 elementor-widget elementor-widget-gallery\" data-id=\"5ef23789\" data-element_type=\"widget\" data-settings=\"{&quot;columns&quot;:2,&quot;aspect_ratio&quot;:&quot;1:1&quot;,&quot;lazyload&quot;:&quot;yes&quot;,&quot;gallery_layout&quot;:&quot;grid&quot;,&quot;columns_tablet&quot;:2,&quot;columns_mobile&quot;:1,&quot;gap&quot;:{&quot;unit&quot;:&quot;px&quot;,&quot;size&quot;:10,&quot;sizes&quot;:[]},&quot;gap_tablet&quot;:{&quot;unit&quot;:&quot;px&quot;,&quot;size&quot;:10,&quot;sizes&quot;:[]},&quot;gap_mobile&quot;:{&quot;unit&quot;:&quot;px&quot;,&quot;size&quot;:10,&quot;sizes&quot;:[]},&quot;link_to&quot;:&quot;file&quot;,&quot;content_hover_animation&quot;:&quot;fade-in&quot;}\" data-widget_type=\"gallery.default\">\n\t\t\t\t<div class=\"elementor-widget-container\">\n\t\t\t\t\t\t\t<div class=\"elementor-gallery__container\">\n\t\t\t\t\t\t\t<a class=\"e-gallery-item elementor-gallery-item elementor-animated-content\" href=\"https:\/\/ejpwire.com\/wp-content\/uploads\/2023\/07\/ejp-horizontaler-wickler.jpg\" data-elementor-open-lightbox=\"yes\" data-elementor-lightbox-slideshow=\"5ef23789\" data-e-action-hash=\"#elementor-action%3Aaction%3Dlightbox%26settings%3DeyJpZCI6MTI5NywidXJsIjoiaHR0cHM6XC9cL2VqcHdpcmUuY29tXC93cC1jb250ZW50XC91cGxvYWRzXC8yMDIzXC8wN1wvZWpwLWhvcml6b250YWxlci13aWNrbGVyLmpwZyIsInNsaWRlc2hvdyI6IjVlZjIzNzg5In0%3D\">\n\t\t\t\t\t<div class=\"e-gallery-image elementor-gallery-item__image\" data-thumbnail=\"https:\/\/ejpwire.com\/wp-content\/uploads\/2023\/07\/ejp-horizontaler-wickler-768x911.jpg\" data-width=\"768\" data-height=\"911\" aria-label=\"Bobinador com tecnologia de fio EJP\" role=\"img\" ><\/div>\n\t\t\t\t\t\t\t\t\t\t\t\t\t\t<\/a>\n\t\t\t\t\t\t\t<a class=\"e-gallery-item elementor-gallery-item elementor-animated-content\" href=\"https:\/\/ejpwire.com\/wp-content\/uploads\/2023\/07\/ejp-vertikaler-wickler.jpg\" data-elementor-open-lightbox=\"yes\" data-elementor-lightbox-slideshow=\"5ef23789\" data-e-action-hash=\"#elementor-action%3Aaction%3Dlightbox%26settings%3DeyJpZCI6MTI5NiwidXJsIjoiaHR0cHM6XC9cL2VqcHdpcmUuY29tXC93cC1jb250ZW50XC91cGxvYWRzXC8yMDIzXC8wN1wvZWpwLXZlcnRpa2FsZXItd2lja2xlci5qcGciLCJzbGlkZXNob3ciOiI1ZWYyMzc4OSJ9\">\n\t\t\t\t\t<div class=\"e-gallery-image elementor-gallery-item__image\" data-thumbnail=\"https:\/\/ejpwire.com\/wp-content\/uploads\/2023\/07\/ejp-vertikaler-wickler.jpg\" data-width=\"665\" data-height=\"999\" aria-label=\"Bobinador com tecnologia de fio EJP\" role=\"img\" ><\/div>\n\t\t\t\t\t\t\t\t\t\t\t\t\t\t<\/a>\n\t\t\t\t\t\t\t<a class=\"e-gallery-item elementor-gallery-item elementor-animated-content\" href=\"https:\/\/ejpwire.com\/wp-content\/uploads\/2023\/10\/W-Image-2023-10-23-at-09.29.483.jpeg\" data-elementor-open-lightbox=\"yes\" data-elementor-lightbox-slideshow=\"5ef23789\" data-e-action-hash=\"#elementor-action%3Aaction%3Dlightbox%26settings%3DeyJpZCI6MTk5NSwidXJsIjoiaHR0cHM6XC9cL2VqcHdpcmUuY29tXC93cC1jb250ZW50XC91cGxvYWRzXC8yMDIzXC8xMFwvVy1JbWFnZS0yMDIzLTEwLTIzLWF0LTA5LjI5LjQ4My5qcGVnIiwic2xpZGVzaG93IjoiNWVmMjM3ODkifQ%3D%3D\">\n\t\t\t\t\t<div class=\"e-gallery-image elementor-gallery-item__image\" data-thumbnail=\"https:\/\/ejpwire.com\/wp-content\/uploads\/2023\/10\/W-Image-2023-10-23-at-09.29.483-768x1156.jpeg\" data-width=\"768\" data-height=\"1156\" aria-label=\"Bobinador com tecnologia de fio EJP\" role=\"img\" ><\/div>\n\t\t\t\t\t\t\t\t\t\t\t\t\t\t<\/a>\n\t\t\t\t\t<\/div>\n\t\t\t\t\t<\/div>\n\t\t\t\t<\/div>\n\t\t\t\t<div class=\"elementor-element elementor-element-79dafde2 elementor-widget-divider--view-line elementor-widget elementor-widget-divider\" data-id=\"79dafde2\" data-element_type=\"widget\" data-widget_type=\"divider.default\">\n\t\t\t\t<div class=\"elementor-widget-container\">\n\t\t\t\t\t\t\t<div class=\"elementor-divider\">\n\t\t\t<span class=\"elementor-divider-separator\">\n\t\t\t\t\t\t<\/span>\n\t\t<\/div>\n\t\t\t\t\t\t<\/div>\n\t\t\t\t<\/div>\n\t\t\t\t<\/div>\n\t\t\t\t\t<\/div>\n\t\t\t\t<\/div>\n\t\t<div class=\"elementor-element elementor-element-9352de7 e-flex e-con-boxed e-con e-parent\" data-id=\"9352de7\" data-element_type=\"container\">\n\t\t\t\t\t<div class=\"e-con-inner\">\n\t\t<div class=\"elementor-element elementor-element-0cedea7 e-con-full e-flex e-con e-parent\" data-id=\"0cedea7\" data-element_type=\"container\">\n\t\t\t\t<div class=\"elementor-element elementor-element-a0ab0ce elementor-align-center elementor-widget elementor-widget-button\" data-id=\"a0ab0ce\" data-element_type=\"widget\" data-widget_type=\"button.default\">\n\t\t\t\t<div class=\"elementor-widget-container\">\n\t\t\t\t\t\t\t\t\t<div class=\"elementor-button-wrapper\">\n\t\t\t\t\t<a class=\"elementor-button elementor-button-link elementor-size-md\" href=\"https:\/\/ejpwire.com\/wp-content\/uploads\/2025\/02\/EJP-Wire-Prospekt_2025.pdf\" target=\"_blank\">\n\t\t\t\t\t\t<span class=\"elementor-button-content-wrapper\">\n\t\t\t\t\t\t\t\t\t<span class=\"elementor-button-text\">Descarregar o cat\u00e1logo de produtos em PDF<\/span>\n\t\t\t\t\t<\/span>\n\t\t\t\t\t<\/a>\n\t\t\t\t<\/div>\n\t\t\t\t\t\t\t\t<\/div>\n\t\t\t\t<\/div>\n\t\t\t\t<\/div>\n\t\t<div class=\"elementor-element elementor-element-4e7ce5b e-con-full e-flex e-con e-parent\" data-id=\"4e7ce5b\" data-element_type=\"container\">\n\t\t\t\t<div class=\"elementor-element elementor-element-36ccb2d elementor-align-center elementor-widget elementor-widget-button\" data-id=\"36ccb2d\" data-element_type=\"widget\" data-widget_type=\"button.default\">\n\t\t\t\t<div class=\"elementor-widget-container\">\n\t\t\t\t\t\t\t\t\t<div class=\"elementor-button-wrapper\">\n\t\t\t\t\t<a class=\"elementor-button elementor-button-link elementor-size-md\" href=\"https:\/\/ejpwire.com\/pt\/contacto-ejp-wire-technology\/\" target=\"_blank\">\n\t\t\t\t\t\t<span class=\"elementor-button-content-wrapper\">\n\t\t\t\t\t\t\t\t\t<span class=\"elementor-button-text\">Contacto<\/span>\n\t\t\t\t\t<\/span>\n\t\t\t\t\t<\/a>\n\t\t\t\t<\/div>\n\t\t\t\t\t\t\t\t<\/div>\n\t\t\t\t<\/div>\n\t\t\t\t<\/div>\n\t\t\t\t\t<\/div>\n\t\t\t\t<\/div>\n\t\t\t\t<\/div>","protected":false},"excerpt":{"rendered":"<p>Bobinadeira horizontal Bobinadeira est\u00e1tica para enrolamento de fios de a\u00e7o, vers\u00e3o opcional com matriz de trefila\u00e7\u00e3o e disco de trefila\u00e7\u00e3o arrefecido a \u00e1gua. Bobinador vertical Bobinador est\u00e1tico para enrolamento de fios de a\u00e7o. Descarregar o cat\u00e1logo de produtos em PDF Contacto<\/p>","protected":false},"author":1,"featured_media":0,"parent":0,"menu_order":0,"comment_status":"closed","ping_status":"closed","template":"elementor_header_footer","meta":{"footnotes":""},"class_list":["post-1274","page","type-page","status-publish","hentry"],"_links":{"self":[{"href":"https:\/\/ejpwire.com\/pt\/wp-json\/wp\/v2\/pages\/1274","targetHints":{"allow":["GET"]}}],"collection":[{"href":"https:\/\/ejpwire.com\/pt\/wp-json\/wp\/v2\/pages"}],"about":[{"href":"https:\/\/ejpwire.com\/pt\/wp-json\/wp\/v2\/types\/page"}],"author":[{"embeddable":true,"href":"https:\/\/ejpwire.com\/pt\/wp-json\/wp\/v2\/users\/1"}],"replies":[{"embeddable":true,"href":"https:\/\/ejpwire.com\/pt\/wp-json\/wp\/v2\/comments?post=1274"}],"version-history":[{"count":28,"href":"https:\/\/ejpwire.com\/pt\/wp-json\/wp\/v2\/pages\/1274\/revisions"}],"predecessor-version":[{"id":2218,"href":"https:\/\/ejpwire.com\/pt\/wp-json\/wp\/v2\/pages\/1274\/revisions\/2218"}],"wp:attachment":[{"href":"https:\/\/ejpwire.com\/pt\/wp-json\/wp\/v2\/media?parent=1274"}],"curies":[{"name":"wp","href":"https:\/\/api.w.org\/{rel}","templated":true}]}}