{"id":1251,"date":"2023-07-31T17:15:43","date_gmt":"2023-07-31T17:15:43","guid":{"rendered":"https:\/\/ejpwire.com\/ejp\/?page_id=1251"},"modified":"2025-05-23T09:12:32","modified_gmt":"2025-05-23T09:12:32","slug":"spuler","status":"publish","type":"page","link":"https:\/\/ejpwire.com\/pt\/enrolador-de-bobinas","title":{"rendered":"Spooler"},"content":{"rendered":"<div data-elementor-type=\"wp-page\" data-elementor-id=\"1251\" class=\"elementor elementor-1251\" data-elementor-post-type=\"page\">\n\t\t\t\t<div class=\"elementor-element elementor-element-219843f5 e-flex e-con-boxed e-con e-parent\" data-id=\"219843f5\" data-element_type=\"container\">\n\t\t\t\t\t<div class=\"e-con-inner\">\n\t\t<div class=\"elementor-element elementor-element-2ff1db95 e-con-full e-flex e-con e-parent\" data-id=\"2ff1db95\" data-element_type=\"container\">\n\t\t\t\t<div class=\"elementor-element elementor-element-74d5fdae elementor-widget elementor-widget-text-editor\" data-id=\"74d5fdae\" data-element_type=\"widget\" data-widget_type=\"text-editor.default\">\n\t\t\t\t<div class=\"elementor-widget-container\">\n\t\t\t\t\t\t\t\t\t<h1>Spooler<\/h1>\t\t\t\t\t\t\t\t<\/div>\n\t\t\t\t<\/div>\n\t\t<div class=\"elementor-element elementor-element-3a02cd2 e-flex e-con-boxed e-con e-parent\" data-id=\"3a02cd2\" data-element_type=\"container\">\n\t\t\t\t\t<div class=\"e-con-inner\">\n\t\t<div class=\"elementor-element elementor-element-96a0e3c e-flex e-con-boxed e-con e-parent\" data-id=\"96a0e3c\" data-element_type=\"container\">\n\t\t\t\t\t<div class=\"e-con-inner\">\n\t\t\t\t<div class=\"elementor-element elementor-element-7989e299 elementor-widget elementor-widget-heading\" data-id=\"7989e299\" data-element_type=\"widget\" data-widget_type=\"heading.default\">\n\t\t\t\t<div class=\"elementor-widget-container\">\n\t\t\t\t\t<h3 class=\"elementor-heading-title elementor-size-default\">Enrolador de bobinas horizontal<\/h3>\t\t\t\t<\/div>\n\t\t\t\t<\/div>\n\t\t\t\t<div class=\"elementor-element elementor-element-5517598e elementor-widget elementor-widget-text-editor\" data-id=\"5517598e\" data-element_type=\"widget\" data-widget_type=\"text-editor.default\">\n\t\t\t\t<div class=\"elementor-widget-container\">\n\t\t\t\t\t\t\t\t\t<p class=\"p1\"><strong>Bobinador\/desbobinador horizontal<br \/><\/strong>O enrolador\/desenrolador horizontal \u00e9 adequado para enrolar ou desenrolar fios de a\u00e7o.<\/p>\t\t\t\t\t\t\t\t<\/div>\n\t\t\t\t<\/div>\n\t\t\t\t\t<\/div>\n\t\t\t\t<\/div>\n\t\t<div class=\"elementor-element elementor-element-c120788 e-con-full e-flex e-con e-parent\" data-id=\"c120788\" data-element_type=\"container\">\n\t\t\t\t<div class=\"elementor-element elementor-element-a2adc2f elementor-widget elementor-widget-heading\" data-id=\"a2adc2f\" data-element_type=\"widget\" data-widget_type=\"heading.default\">\n\t\t\t\t<div class=\"elementor-widget-container\">\n\t\t\t\t\t<h3 class=\"elementor-heading-title elementor-size-default\">Bobinador vertical<\/h3>\t\t\t\t<\/div>\n\t\t\t\t<\/div>\n\t\t\t\t<div class=\"elementor-element elementor-element-0b25463 elementor-widget elementor-widget-text-editor\" data-id=\"0b25463\" data-element_type=\"widget\" data-widget_type=\"text-editor.default\">\n\t\t\t\t<div class=\"elementor-widget-container\">\n\t\t\t\t\t\t\t\t\t<p class=\"p1\"><strong>Bobinador vertical<br \/><\/strong>O enrolador vertical \u00e9 adequado para enrolar fios de a\u00e7o.<\/p><p class=\"p1\"><strong>Bobinador duplo vertical<br \/><\/strong>Bobinador duplo vertical para enrolamento de fios de a\u00e7o.<\/p>\t\t\t\t\t\t\t\t<\/div>\n\t\t\t\t<\/div>\n\t\t\t\t<\/div>\n\t\t\t\t\t<\/div>\n\t\t\t\t<\/div>\n\t\t\t\t<div class=\"elementor-element elementor-element-19958d27 elementor-widget elementor-widget-gallery\" data-id=\"19958d27\" data-element_type=\"widget\" data-settings=\"{&quot;columns&quot;:2,&quot;aspect_ratio&quot;:&quot;1:1&quot;,&quot;lazyload&quot;:&quot;yes&quot;,&quot;gallery_layout&quot;:&quot;grid&quot;,&quot;columns_tablet&quot;:2,&quot;columns_mobile&quot;:1,&quot;gap&quot;:{&quot;unit&quot;:&quot;px&quot;,&quot;size&quot;:10,&quot;sizes&quot;:[]},&quot;gap_tablet&quot;:{&quot;unit&quot;:&quot;px&quot;,&quot;size&quot;:10,&quot;sizes&quot;:[]},&quot;gap_mobile&quot;:{&quot;unit&quot;:&quot;px&quot;,&quot;size&quot;:10,&quot;sizes&quot;:[]},&quot;link_to&quot;:&quot;file&quot;,&quot;content_hover_animation&quot;:&quot;fade-in&quot;}\" data-widget_type=\"gallery.default\">\n\t\t\t\t<div class=\"elementor-widget-container\">\n\t\t\t\t\t\t\t<div class=\"elementor-gallery__container\">\n\t\t\t\t\t\t\t<a class=\"e-gallery-item elementor-gallery-item elementor-animated-content\" href=\"https:\/\/ejpwire.com\/wp-content\/uploads\/2023\/07\/ejp-vertikaler-aufspuler.jpg\" data-elementor-open-lightbox=\"yes\" data-elementor-lightbox-slideshow=\"19958d27\" data-e-action-hash=\"#elementor-action%3Aaction%3Dlightbox%26settings%3DeyJpZCI6MTI1OCwidXJsIjoiaHR0cHM6XC9cL2VqcHdpcmUuY29tXC93cC1jb250ZW50XC91cGxvYWRzXC8yMDIzXC8wN1wvZWpwLXZlcnRpa2FsZXItYXVmc3B1bGVyLmpwZyIsInNsaWRlc2hvdyI6IjE5OTU4ZDI3In0%3D\">\n\t\t\t\t\t<div class=\"e-gallery-image elementor-gallery-item__image\" data-thumbnail=\"https:\/\/ejpwire.com\/wp-content\/uploads\/2023\/07\/ejp-vertikaler-aufspuler.jpg\" data-width=\"761\" data-height=\"1000\" aria-label=\"Spooler de tecnologia de fio EJP\" role=\"img\" ><\/div>\n\t\t\t\t\t\t\t\t\t\t\t\t\t\t<\/a>\n\t\t\t\t\t\t\t<a class=\"e-gallery-item elementor-gallery-item elementor-animated-content\" href=\"https:\/\/ejpwire.com\/wp-content\/uploads\/2023\/07\/ejp-horizontaler-aufspuler-abspuler.jpg\" data-elementor-open-lightbox=\"yes\" data-elementor-lightbox-slideshow=\"19958d27\" data-e-action-hash=\"#elementor-action%3Aaction%3Dlightbox%26settings%3DeyJpZCI6MTI2MCwidXJsIjoiaHR0cHM6XC9cL2VqcHdpcmUuY29tXC93cC1jb250ZW50XC91cGxvYWRzXC8yMDIzXC8wN1wvZWpwLWhvcml6b250YWxlci1hdWZzcHVsZXItYWJzcHVsZXIuanBnIiwic2xpZGVzaG93IjoiMTk5NThkMjcifQ%3D%3D\">\n\t\t\t\t\t<div class=\"e-gallery-image elementor-gallery-item__image\" data-thumbnail=\"https:\/\/ejpwire.com\/wp-content\/uploads\/2023\/07\/ejp-horizontaler-aufspuler-abspuler-768x614.jpg\" data-width=\"768\" data-height=\"614\" aria-label=\"Spooler de tecnologia de fio EJP\" role=\"img\" ><\/div>\n\t\t\t\t\t\t\t\t\t\t\t\t\t\t<\/a>\n\t\t\t\t\t\t\t<a class=\"e-gallery-item elementor-gallery-item elementor-animated-content\" href=\"https:\/\/ejpwire.com\/wp-content\/uploads\/2023\/07\/ejp-horizontaler-spuler.jpg\" data-elementor-open-lightbox=\"yes\" data-elementor-lightbox-slideshow=\"19958d27\" data-e-action-hash=\"#elementor-action%3Aaction%3Dlightbox%26settings%3DeyJpZCI6MTI1OSwidXJsIjoiaHR0cHM6XC9cL2VqcHdpcmUuY29tXC93cC1jb250ZW50XC91cGxvYWRzXC8yMDIzXC8wN1wvZWpwLWhvcml6b250YWxlci1zcHVsZXIuanBnIiwic2xpZGVzaG93IjoiMTk5NThkMjcifQ%3D%3D\">\n\t\t\t\t\t<div class=\"e-gallery-image elementor-gallery-item__image\" data-thumbnail=\"https:\/\/ejpwire.com\/wp-content\/uploads\/2023\/07\/ejp-horizontaler-spuler-768x575.jpg\" data-width=\"768\" data-height=\"575\" aria-label=\"Spooler de tecnologia de fio EJP\" role=\"img\" ><\/div>\n\t\t\t\t\t\t\t\t\t\t\t\t\t\t<\/a>\n\t\t\t\t\t<\/div>\n\t\t\t\t\t<\/div>\n\t\t\t\t<\/div>\n\t\t\t\t<div class=\"elementor-element elementor-element-65b7674a elementor-widget-divider--view-line elementor-widget elementor-widget-divider\" data-id=\"65b7674a\" data-element_type=\"widget\" data-widget_type=\"divider.default\">\n\t\t\t\t<div class=\"elementor-widget-container\">\n\t\t\t\t\t\t\t<div class=\"elementor-divider\">\n\t\t\t<span class=\"elementor-divider-separator\">\n\t\t\t\t\t\t<\/span>\n\t\t<\/div>\n\t\t\t\t\t\t<\/div>\n\t\t\t\t<\/div>\n\t\t\t\t<\/div>\n\t\t\t\t\t<\/div>\n\t\t\t\t<\/div>\n\t\t<div class=\"elementor-element elementor-element-97f253b e-flex e-con-boxed e-con e-parent\" data-id=\"97f253b\" data-element_type=\"container\">\n\t\t\t\t\t<div class=\"e-con-inner\">\n\t\t<div class=\"elementor-element elementor-element-b41b9f2 e-con-full e-flex e-con e-parent\" data-id=\"b41b9f2\" data-element_type=\"container\">\n\t\t\t\t<div class=\"elementor-element elementor-element-7303ba9 elementor-align-center elementor-widget elementor-widget-button\" data-id=\"7303ba9\" data-element_type=\"widget\" data-widget_type=\"button.default\">\n\t\t\t\t<div class=\"elementor-widget-container\">\n\t\t\t\t\t\t\t\t\t<div class=\"elementor-button-wrapper\">\n\t\t\t\t\t<a class=\"elementor-button elementor-button-link elementor-size-md\" href=\"https:\/\/ejpwire.com\/wp-content\/uploads\/2025\/02\/EJP-Wire-Prospekt_2025.pdf\" target=\"_blank\">\n\t\t\t\t\t\t<span class=\"elementor-button-content-wrapper\">\n\t\t\t\t\t\t\t\t\t<span class=\"elementor-button-text\">Descarregar o cat\u00e1logo de produtos em PDF<\/span>\n\t\t\t\t\t<\/span>\n\t\t\t\t\t<\/a>\n\t\t\t\t<\/div>\n\t\t\t\t\t\t\t\t<\/div>\n\t\t\t\t<\/div>\n\t\t\t\t<\/div>\n\t\t<div class=\"elementor-element elementor-element-50186c8 e-con-full e-flex e-con e-parent\" data-id=\"50186c8\" data-element_type=\"container\">\n\t\t\t\t<div class=\"elementor-element elementor-element-310c740 elementor-align-center elementor-widget elementor-widget-button\" data-id=\"310c740\" data-element_type=\"widget\" data-widget_type=\"button.default\">\n\t\t\t\t<div class=\"elementor-widget-container\">\n\t\t\t\t\t\t\t\t\t<div class=\"elementor-button-wrapper\">\n\t\t\t\t\t<a class=\"elementor-button elementor-button-link elementor-size-md\" href=\"https:\/\/ejpwire.com\/pt\/contacto-ejp-wire-technology\/\" target=\"_blank\">\n\t\t\t\t\t\t<span class=\"elementor-button-content-wrapper\">\n\t\t\t\t\t\t\t\t\t<span class=\"elementor-button-text\">Contacto<\/span>\n\t\t\t\t\t<\/span>\n\t\t\t\t\t<\/a>\n\t\t\t\t<\/div>\n\t\t\t\t\t\t\t\t<\/div>\n\t\t\t\t<\/div>\n\t\t\t\t<\/div>\n\t\t\t\t\t<\/div>\n\t\t\t\t<\/div>\n\t\t\t\t<\/div>","protected":false},"excerpt":{"rendered":"<p>Bobinador horizontal Bobinador\/desbobinador horizontal O bobinador\/desbobinador horizontal \u00e9 adequado para bobinar ou desenrolar fios de a\u00e7o. Bobinador vertical Bobinador vertical O bobinador vertical \u00e9 adequado para bobinar fios de a\u00e7o. Bobinador duplo verticalO bobinador duplo vertical \u00e9 adequado para bobinar fios de a\u00e7o. Descarregar o cat\u00e1logo de produtos em PDF Contacto<\/p>","protected":false},"author":1,"featured_media":0,"parent":0,"menu_order":0,"comment_status":"closed","ping_status":"closed","template":"elementor_header_footer","meta":{"footnotes":""},"class_list":["post-1251","page","type-page","status-publish","hentry"],"_links":{"self":[{"href":"https:\/\/ejpwire.com\/pt\/wp-json\/wp\/v2\/pages\/1251","targetHints":{"allow":["GET"]}}],"collection":[{"href":"https:\/\/ejpwire.com\/pt\/wp-json\/wp\/v2\/pages"}],"about":[{"href":"https:\/\/ejpwire.com\/pt\/wp-json\/wp\/v2\/types\/page"}],"author":[{"embeddable":true,"href":"https:\/\/ejpwire.com\/pt\/wp-json\/wp\/v2\/users\/1"}],"replies":[{"embeddable":true,"href":"https:\/\/ejpwire.com\/pt\/wp-json\/wp\/v2\/comments?post=1251"}],"version-history":[{"count":43,"href":"https:\/\/ejpwire.com\/pt\/wp-json\/wp\/v2\/pages\/1251\/revisions"}],"predecessor-version":[{"id":2215,"href":"https:\/\/ejpwire.com\/pt\/wp-json\/wp\/v2\/pages\/1251\/revisions\/2215"}],"wp:attachment":[{"href":"https:\/\/ejpwire.com\/pt\/wp-json\/wp\/v2\/media?parent=1251"}],"curies":[{"name":"wp","href":"https:\/\/api.w.org\/{rel}","templated":true}]}}