{"id":7,"date":"2020-04-22T11:42:43","date_gmt":"2020-04-22T11:42:43","guid":{"rendered":"http:\/\/ejpwitec.com\/?page_id=7"},"modified":"2026-04-09T07:38:43","modified_gmt":"2026-04-09T07:38:43","slug":"ejp-witec-drahtmaschinen","status":"publish","type":"page","link":"https:\/\/ejpwire.com\/fr\/","title":{"rendered":"Machines \u00e0 fil EJP WiTEC"},"content":{"rendered":"<div data-elementor-type=\"wp-page\" data-elementor-id=\"7\" class=\"elementor elementor-7\" data-elementor-post-type=\"page\">\n\t\t\t\t<div class=\"elementor-element elementor-element-1ec661c e-flex e-con-boxed e-con e-parent\" data-id=\"1ec661c\" data-element_type=\"container\">\n\t\t\t\t\t<div class=\"e-con-inner\">\n\t\t<div class=\"elementor-element elementor-element-19574d7 e-con-full e-flex e-con e-child\" data-id=\"19574d7\" data-element_type=\"container\">\n\t\t\t\t<div class=\"elementor-element elementor-element-e73f0fe elementor-hidden-phone elementor-widget elementor-widget-heading\" data-id=\"e73f0fe\" data-element_type=\"widget\" data-widget_type=\"heading.default\">\n\t\t\t\t<div class=\"elementor-widget-container\">\n\t\t\t\t\t<h1 class=\"elementor-heading-title elementor-size-default\">Nous sommes\nsur le fil<\/h1>\t\t\t\t<\/div>\n\t\t\t\t<\/div>\n\t\t\t\t<\/div>\n\t\t<div class=\"elementor-element elementor-element-6c6854d e-con-full e-flex e-con e-child\" data-id=\"6c6854d\" data-element_type=\"container\">\n\t\t\t\t<div class=\"elementor-element elementor-element-9e46f6b elementor-widget elementor-widget-text-editor\" data-id=\"9e46f6b\" data-element_type=\"widget\" data-widget_type=\"text-editor.default\">\n\t\t\t\t<div class=\"elementor-widget-container\">\n\t\t\t\t\t\t\t\t\t<p>Le site <strong>EJP WIRE Technology GmbH<\/strong> est votre partenaire pour le pr\u00e9traitement et le tr\u00e9filage des fils. Gr\u00e2ce \u00e0 nos modules, nous r\u00e9alisons des solutions syst\u00e8me pour votre cas d'application.<\/p>\t\t\t\t\t\t\t\t<\/div>\n\t\t\t\t<\/div>\n\t\t<div class=\"elementor-element elementor-element-7ca0a40 e-con-full e-flex e-con e-child\" data-id=\"7ca0a40\" data-element_type=\"container\">\n\t\t\t\t<div class=\"elementor-element elementor-element-0cecf9a elementor-widget elementor-widget-image\" data-id=\"0cecf9a\" data-element_type=\"widget\" data-widget_type=\"image.default\">\n\t\t\t\t<div class=\"elementor-widget-container\">\n\t\t\t\t\t\t\t\t\t\t\t\t<figure class=\"wp-caption\">\n\t\t\t\t\t\t\t\t\t\t<img fetchpriority=\"high\" decoding=\"async\" width=\"482\" height=\"115\" src=\"https:\/\/ejpwire.com\/wp-content\/uploads\/2026\/01\/wiretube2026-EJP-WIRE-Technology.png\" class=\"attachment-large size-large wp-image-2303\" alt=\"\" srcset=\"https:\/\/ejpwire.com\/wp-content\/uploads\/2026\/01\/wiretube2026-EJP-WIRE-Technology.png 482w, https:\/\/ejpwire.com\/wp-content\/uploads\/2026\/01\/wiretube2026-EJP-WIRE-Technology-300x72.png 300w, https:\/\/ejpwire.com\/wp-content\/uploads\/2026\/01\/wiretube2026-EJP-WIRE-Technology-18x4.png 18w\" sizes=\"(max-width: 482px) 100vw, 482px\" \/>\t\t\t\t\t\t\t\t\t\t\t<figcaption class=\"widget-image-caption wp-caption-text\"><\/figcaption>\n\t\t\t\t\t\t\t\t\t\t<\/figure>\n\t\t\t\t\t\t\t\t\t<\/div>\n\t\t\t\t<\/div>\n\t\t\t\t<\/div>\n\t\t\t\t<\/div>\n\t\t\t\t\t<\/div>\n\t\t\t\t<\/div>\n\t\t<div class=\"elementor-element elementor-element-075b66c e-flex e-con-boxed e-con e-parent\" data-id=\"075b66c\" data-element_type=\"container\" data-settings=\"{&quot;background_background&quot;:&quot;classic&quot;}\">\n\t\t\t\t\t<div class=\"e-con-inner\">\n\t\t<div class=\"elementor-element elementor-element-17bc479 e-con-full e-flex e-con e-child\" data-id=\"17bc479\" data-element_type=\"container\">\n\t\t\t\t<\/div>\n\t\t\t\t\t<\/div>\n\t\t\t\t<\/div>\n\t\t<div class=\"elementor-element elementor-element-ca555d8 e-flex e-con-boxed e-con e-parent\" data-id=\"ca555d8\" data-element_type=\"container\">\n\t\t\t\t\t<div class=\"e-con-inner\">\n\t\t<div class=\"elementor-element elementor-element-f5fdeb1 e-con-full e-flex e-con e-child\" data-id=\"f5fdeb1\" data-element_type=\"container\" data-settings=\"{&quot;background_background&quot;:&quot;classic&quot;}\">\n\t\t<div class=\"elementor-element elementor-element-93bbbd9 e-flex e-con-boxed e-con e-child\" data-id=\"93bbbd9\" data-element_type=\"container\">\n\t\t\t\t\t<div class=\"e-con-inner\">\n\t\t\t\t<div class=\"elementor-element elementor-element-d938bf6 elementor-widget elementor-widget-heading\" data-id=\"d938bf6\" data-element_type=\"widget\" data-widget_type=\"heading.default\">\n\t\t\t\t<div class=\"elementor-widget-container\">\n\t\t\t\t\t<h2 class=\"elementor-heading-title elementor-size-default\">D\u00e9couvrez nos modules pour votre traitement de fil<\/h2>\t\t\t\t<\/div>\n\t\t\t\t<\/div>\n\t\t\t\t<div class=\"elementor-element elementor-element-aabc2ee elementor-widget elementor-widget-text-editor\" data-id=\"aabc2ee\" data-element_type=\"widget\" data-widget_type=\"text-editor.default\">\n\t\t\t\t<div class=\"elementor-widget-container\">\n\t\t\t\t\t\t\t\t\t<p>&gt; <a href=\"https:\/\/ejpwire.com\/fr\/produits\/\">Syst\u00e8mes d'\u00e9vacuation<\/a><br \/><a href=\"https:\/\/ejpwire.com\/fr\/systemes-de-decalaminage-de-fils\/\">&gt; Traitements de surface<\/a><br \/><a href=\"https:\/\/ejpwire.com\/fr\/installations-de-revetement-humide-de-fils\/\">&gt; Rev\u00eatements<\/a><br \/><a href=\"https:\/\/ejpwire.com\/fr\/trefileuses-a-sec\/\">&gt; Machines d'\u00e9tirage<\/a><br \/><a href=\"https:\/\/ejpwire.com\/fr\/bobinoir\/\">&gt; Bobineur<\/a><br \/><a href=\"https:\/\/ejpwire.com\/fr\/wicker\/\">&gt; Enrouleur<\/a><br \/><a href=\"https:\/\/ejpwire.com\/fr\/options\/\">&gt; autres produits<\/a><\/p>\t\t\t\t\t\t\t\t<\/div>\n\t\t\t\t<\/div>\n\t\t\t\t\t<\/div>\n\t\t\t\t<\/div>\n\t\t<div class=\"elementor-element elementor-element-3635636 e-flex e-con-boxed e-con e-child\" data-id=\"3635636\" data-element_type=\"container\">\n\t\t\t\t\t<div class=\"e-con-inner\">\n\t\t\t\t<div class=\"elementor-element elementor-element-0ebf749 elementor-widget elementor-widget-image\" data-id=\"0ebf749\" data-element_type=\"widget\" data-widget_type=\"image.default\">\n\t\t\t\t<div class=\"elementor-widget-container\">\n\t\t\t\t\t\t\t\t\t\t\t\t\t\t\t<img decoding=\"async\" width=\"800\" height=\"452\" src=\"https:\/\/ejpwire.com\/wp-content\/uploads\/2023\/08\/Trockenziehmaschine-1024x578.jpg\" class=\"attachment-large size-large wp-image-1716\" alt=\"EJP Wire Technology\" srcset=\"https:\/\/ejpwire.com\/wp-content\/uploads\/2023\/08\/Trockenziehmaschine-1024x578.jpg 1024w, https:\/\/ejpwire.com\/wp-content\/uploads\/2023\/08\/Trockenziehmaschine-300x169.jpg 300w, https:\/\/ejpwire.com\/wp-content\/uploads\/2023\/08\/Trockenziehmaschine-768x433.jpg 768w, https:\/\/ejpwire.com\/wp-content\/uploads\/2023\/08\/Trockenziehmaschine-1536x867.jpg 1536w, https:\/\/ejpwire.com\/wp-content\/uploads\/2023\/08\/Trockenziehmaschine-2048x1156.jpg 2048w, https:\/\/ejpwire.com\/wp-content\/uploads\/2023\/08\/Trockenziehmaschine-18x10.jpg 18w\" sizes=\"(max-width: 800px) 100vw, 800px\" \/>\t\t\t\t\t\t\t\t\t\t\t\t\t\t\t<\/div>\n\t\t\t\t<\/div>\n\t\t\t\t\t<\/div>\n\t\t\t\t<\/div>\n\t\t\t\t<\/div>\n\t\t\t\t\t<\/div>\n\t\t\t\t<\/div>\n\t\t<div class=\"elementor-element elementor-element-65bc967 e-flex e-con-boxed e-con e-parent\" data-id=\"65bc967\" data-element_type=\"container\">\n\t\t\t\t\t<div class=\"e-con-inner\">\n\t\t<div class=\"elementor-element elementor-element-0a104bc e-con-full e-flex e-con e-child\" data-id=\"0a104bc\" data-element_type=\"container\">\n\t\t\t\t<div class=\"elementor-element elementor-element-93a8883 elementor-widget elementor-widget-image\" data-id=\"93a8883\" data-element_type=\"widget\" data-widget_type=\"image.default\">\n\t\t\t\t<div class=\"elementor-widget-container\">\n\t\t\t\t\t\t\t\t\t\t\t\t\t\t\t<img decoding=\"async\" width=\"800\" height=\"515\" src=\"https:\/\/ejpwire.com\/wp-content\/uploads\/2020\/10\/ejp-wire-technologies-manager-1-1024x659.jpg\" class=\"attachment-large size-large wp-image-793\" alt=\"Directeur d&#039;EJP Wire Technologies\" srcset=\"https:\/\/ejpwire.com\/wp-content\/uploads\/2020\/10\/ejp-wire-technologies-manager-1-1024x659.jpg 1024w, https:\/\/ejpwire.com\/wp-content\/uploads\/2020\/10\/ejp-wire-technologies-manager-1-300x193.jpg 300w, https:\/\/ejpwire.com\/wp-content\/uploads\/2020\/10\/ejp-wire-technologies-manager-1-768x494.jpg 768w, https:\/\/ejpwire.com\/wp-content\/uploads\/2020\/10\/ejp-wire-technologies-manager-1.jpg 1200w\" sizes=\"(max-width: 800px) 100vw, 800px\" \/>\t\t\t\t\t\t\t\t\t\t\t\t\t\t\t<\/div>\n\t\t\t\t<\/div>\n\t\t\t\t<\/div>\n\t\t<div class=\"elementor-element elementor-element-aaf8f4b e-con-full e-flex e-con e-child\" data-id=\"aaf8f4b\" data-element_type=\"container\">\n\t\t\t\t<div class=\"elementor-element elementor-element-cf01180 elementor-widget elementor-widget-heading\" data-id=\"cf01180\" data-element_type=\"widget\" data-widget_type=\"heading.default\">\n\t\t\t\t<div class=\"elementor-widget-container\">\n\t\t\t\t\t<h2 class=\"elementor-heading-title elementor-size-default\">D\u00e9couvrez pourquoi nous sommes le bon partenaire pour vous<\/h2>\t\t\t\t<\/div>\n\t\t\t\t<\/div>\n\t\t\t\t<div class=\"elementor-element elementor-element-c102d9f elementor-widget elementor-widget-button\" data-id=\"c102d9f\" data-element_type=\"widget\" data-widget_type=\"button.default\">\n\t\t\t\t<div class=\"elementor-widget-container\">\n\t\t\t\t\t\t\t\t\t<div class=\"elementor-button-wrapper\">\n\t\t\t\t\t<a class=\"elementor-button elementor-button-link elementor-size-sm\" href=\"https:\/\/ejpwire.com\/fr\/origine-et-futur\/\">\n\t\t\t\t\t\t<span class=\"elementor-button-content-wrapper\">\n\t\t\t\t\t\t\t\t\t<span class=\"elementor-button-text\">Apprenez \u00e0 nous conna\u00eetre<\/span>\n\t\t\t\t\t<\/span>\n\t\t\t\t\t<\/a>\n\t\t\t\t<\/div>\n\t\t\t\t\t\t\t\t<\/div>\n\t\t\t\t<\/div>\n\t\t\t\t<\/div>\n\t\t\t\t\t<\/div>\n\t\t\t\t<\/div>\n\t\t<div class=\"elementor-element elementor-element-62ac9d1 e-flex e-con-boxed e-con e-parent\" data-id=\"62ac9d1\" data-element_type=\"container\">\n\t\t\t\t\t<div class=\"e-con-inner\">\n\t\t\t\t\t<\/div>\n\t\t\t\t<\/div>\n\t\t\t\t<\/div>","protected":false},"excerpt":{"rendered":"<p>Nous sommes sur le fil La soci\u00e9t\u00e9 EJP WIRE Technology GmbH est votre partenaire pour le pr\u00e9traitement et le tr\u00e9filage de fils. Avec nos modules, nous r\u00e9alisons des solutions syst\u00e8me pour votre cas d'application. D\u00e9couvrez nos modules pour votre traitement de fil &gt; Syst\u00e8mes de d\u00e9roulement&gt; Traitements de surface&gt; Rev\u00eatements&gt; Tr\u00e9fileuses&gt; Bobinoirs&gt; Autres produits D\u00e9couvrez pourquoi nous sommes le bon partenaire pour vous [...].<\/p>","protected":false},"author":1,"featured_media":0,"parent":0,"menu_order":0,"comment_status":"closed","ping_status":"closed","template":"elementor_header_footer","meta":{"footnotes":""},"class_list":["post-7","page","type-page","status-publish","hentry"],"_links":{"self":[{"href":"https:\/\/ejpwire.com\/fr\/wp-json\/wp\/v2\/pages\/7","targetHints":{"allow":["GET"]}}],"collection":[{"href":"https:\/\/ejpwire.com\/fr\/wp-json\/wp\/v2\/pages"}],"about":[{"href":"https:\/\/ejpwire.com\/fr\/wp-json\/wp\/v2\/types\/page"}],"author":[{"embeddable":true,"href":"https:\/\/ejpwire.com\/fr\/wp-json\/wp\/v2\/users\/1"}],"replies":[{"embeddable":true,"href":"https:\/\/ejpwire.com\/fr\/wp-json\/wp\/v2\/comments?post=7"}],"version-history":[{"count":277,"href":"https:\/\/ejpwire.com\/fr\/wp-json\/wp\/v2\/pages\/7\/revisions"}],"predecessor-version":[{"id":2315,"href":"https:\/\/ejpwire.com\/fr\/wp-json\/wp\/v2\/pages\/7\/revisions\/2315"}],"wp:attachment":[{"href":"https:\/\/ejpwire.com\/fr\/wp-json\/wp\/v2\/media?parent=7"}],"curies":[{"name":"wp","href":"https:\/\/api.w.org\/{rel}","templated":true}]}}