{"id":443,"date":"2020-05-29T06:53:01","date_gmt":"2020-05-29T06:53:01","guid":{"rendered":"https:\/\/ejpwitec.com\/?page_id=443"},"modified":"2020-11-03T11:26:25","modified_gmt":"2020-11-03T11:26:25","slug":"wire-descaling-systems","status":"publish","type":"page","link":"https:\/\/ejpwire.com\/fr\/wire-descaling-systems","title":{"rendered":"Descaling Systems"},"content":{"rendered":"<div data-elementor-type=\"wp-page\" data-elementor-id=\"443\" class=\"elementor elementor-443\" data-elementor-post-type=\"page\">\n\t\t\t\t\t\t<section class=\"elementor-section elementor-top-section elementor-element elementor-element-49c9f840 elementor-section-boxed elementor-section-height-default elementor-section-height-default\" data-id=\"49c9f840\" data-element_type=\"section\">\n\t\t\t\t\t\t<div class=\"elementor-container elementor-column-gap-default\">\n\t\t\t\t\t<div class=\"elementor-column elementor-col-50 elementor-top-column elementor-element elementor-element-78d7c0f5\" data-id=\"78d7c0f5\" data-element_type=\"column\">\n\t\t\t<div class=\"elementor-widget-wrap elementor-element-populated\">\n\t\t\t\t\t\t<div class=\"elementor-element elementor-element-245831e elementor-widget elementor-widget-spacer\" data-id=\"245831e\" data-element_type=\"widget\" data-widget_type=\"spacer.default\">\n\t\t\t\t<div class=\"elementor-widget-container\">\n\t\t\t\t\t\t\t<div class=\"elementor-spacer\">\n\t\t\t<div class=\"elementor-spacer-inner\"><\/div>\n\t\t<\/div>\n\t\t\t\t\t\t<\/div>\n\t\t\t\t<\/div>\n\t\t\t\t<div class=\"elementor-element elementor-element-57f3d119 elementor-widget elementor-widget-text-editor\" data-id=\"57f3d119\" data-element_type=\"widget\" data-widget_type=\"text-editor.default\">\n\t\t\t\t<div class=\"elementor-widget-container\">\n\t\t\t\t\t\t\t\t\t<h1>Descaling Systems<\/h1>\t\t\t\t\t\t\t\t<\/div>\n\t\t\t\t<\/div>\n\t\t\t\t<div class=\"elementor-element elementor-element-16072f38 elementor-widget-divider--view-line elementor-widget elementor-widget-divider\" data-id=\"16072f38\" data-element_type=\"widget\" data-widget_type=\"divider.default\">\n\t\t\t\t<div class=\"elementor-widget-container\">\n\t\t\t\t\t\t\t<div class=\"elementor-divider\">\n\t\t\t<span class=\"elementor-divider-separator\">\n\t\t\t\t\t\t<\/span>\n\t\t<\/div>\n\t\t\t\t\t\t<\/div>\n\t\t\t\t<\/div>\n\t\t\t\t\t<\/div>\n\t\t<\/div>\n\t\t\t\t<div class=\"elementor-column elementor-col-50 elementor-top-column elementor-element elementor-element-46958f86\" data-id=\"46958f86\" data-element_type=\"column\">\n\t\t\t<div class=\"elementor-widget-wrap elementor-element-populated\">\n\t\t\t\t\t\t<div class=\"elementor-element elementor-element-3215589 elementor-align-right elementor-widget elementor-widget-button\" data-id=\"3215589\" data-element_type=\"widget\" data-widget_type=\"button.default\">\n\t\t\t\t<div class=\"elementor-widget-container\">\n\t\t\t\t\t\t\t\t\t<div class=\"elementor-button-wrapper\">\n\t\t\t\t\t<a class=\"elementor-button elementor-button-link elementor-size-md\" href=\"https:\/\/ejpwitec.com\/wp-content\/uploads\/2020\/10\/EJP-WIRE-Technology_Prospekt.pdf\" target=\"_blank\" rel=\"noopener\">\n\t\t\t\t\t\t<span class=\"elementor-button-content-wrapper\">\n\t\t\t\t\t\t\t\t\t<span class=\"elementor-button-text\">T\u00e9l\u00e9charger le catalogue de produits au format PDF<\/span>\n\t\t\t\t\t<\/span>\n\t\t\t\t\t<\/a>\n\t\t\t\t<\/div>\n\t\t\t\t\t\t\t\t<\/div>\n\t\t\t\t<\/div>\n\t\t\t\t\t<\/div>\n\t\t<\/div>\n\t\t\t\t\t<\/div>\n\t\t<\/section>\n\t\t\t\t<section class=\"elementor-section elementor-top-section elementor-element elementor-element-4e64dafe elementor-section-boxed elementor-section-height-default elementor-section-height-default\" data-id=\"4e64dafe\" data-element_type=\"section\">\n\t\t\t\t\t\t<div class=\"elementor-container elementor-column-gap-default\">\n\t\t\t\t\t<div class=\"elementor-column elementor-col-50 elementor-top-column elementor-element elementor-element-3f6ba2bd\" data-id=\"3f6ba2bd\" data-element_type=\"column\">\n\t\t\t<div class=\"elementor-widget-wrap elementor-element-populated\">\n\t\t\t\t\t\t<div class=\"elementor-element elementor-element-282edb8c elementor-widget elementor-widget-text-editor\" data-id=\"282edb8c\" data-element_type=\"widget\" data-widget_type=\"text-editor.default\">\n\t\t\t\t<div class=\"elementor-widget-container\">\n\t\t\t\t\t\t\t\t\t<h2><span style=\"color: #ff0000;\">D\u00e9caleur de pliage<\/span><\/h2>\t\t\t\t\t\t\t\t<\/div>\n\t\t\t\t<\/div>\n\t\t\t\t\t<\/div>\n\t\t<\/div>\n\t\t\t\t<div class=\"elementor-column elementor-col-50 elementor-top-column elementor-element elementor-element-6ee51280\" data-id=\"6ee51280\" data-element_type=\"column\">\n\t\t\t<div class=\"elementor-widget-wrap elementor-element-populated\">\n\t\t\t\t\t\t<div class=\"elementor-element elementor-element-16e9b61 elementor-widget elementor-widget-image\" data-id=\"16e9b61\" data-element_type=\"widget\" data-widget_type=\"image.default\">\n\t\t\t\t<div class=\"elementor-widget-container\">\n\t\t\t\t\t\t\t\t\t\t\t\t\t\t\t<img decoding=\"async\" src=\"https:\/\/ejpwire.com\/wp-content\/uploads\/elementor\/thumbs\/ejp-wire-technology-entzunderungsanlage-be-65-qayqffdtcpz3en9k3u8884mzqt2inenys2pdfw33eo.jpg\" title=\"ejp-wire-technology-suppression-de-la-calamine-be-65\" alt=\"ejp-wire-technology-suppression-de-la-calamine-be-65\" loading=\"lazy\" \/>\t\t\t\t\t\t\t\t\t\t\t\t\t\t\t<\/div>\n\t\t\t\t<\/div>\n\t\t\t\t<div class=\"elementor-element elementor-element-66ce3cb7 elementor-widget elementor-widget-text-editor\" data-id=\"66ce3cb7\" data-element_type=\"widget\" data-widget_type=\"text-editor.default\">\n\t\t\t\t<div class=\"elementor-widget-container\">\n\t\t\t\t\t\t\t\t\t<h3>D\u00e9tartreur de pliage BE-65<\/h3><p>Cintrage lourd et \u00e9crasement de fils jusqu'\u00e0 5.5 - 8.0 mm, en option avec dispositif d'alimentation combin\u00e9.<\/p>\t\t\t\t\t\t\t\t<\/div>\n\t\t\t\t<\/div>\n\t\t\t\t<div class=\"elementor-element elementor-element-65655085 elementor-widget-divider--view-line elementor-widget elementor-widget-divider\" data-id=\"65655085\" data-element_type=\"widget\" data-widget_type=\"divider.default\">\n\t\t\t\t<div class=\"elementor-widget-container\">\n\t\t\t\t\t\t\t<div class=\"elementor-divider\">\n\t\t\t<span class=\"elementor-divider-separator\">\n\t\t\t\t\t\t<\/span>\n\t\t<\/div>\n\t\t\t\t\t\t<\/div>\n\t\t\t\t<\/div>\n\t\t\t\t<div class=\"elementor-element elementor-element-e9cd2bd elementor-widget elementor-widget-text-editor\" data-id=\"e9cd2bd\" data-element_type=\"widget\" data-widget_type=\"text-editor.default\">\n\t\t\t\t<div class=\"elementor-widget-container\">\n\t\t\t\t\t\t\t\t\t<h3>D\u00e9colleur de branches BE-2<\/h3><p>Cintrage lourd et \u00e9crasement des fils jusqu'\u00e0 18,0 mm, en option avec dispositif d'alimentation combin\u00e9.<\/p>\t\t\t\t\t\t\t\t<\/div>\n\t\t\t\t<\/div>\n\t\t\t\t<div class=\"elementor-element elementor-element-2a0f6e2 elementor-widget-divider--view-line elementor-widget elementor-widget-divider\" data-id=\"2a0f6e2\" data-element_type=\"widget\" data-widget_type=\"divider.default\">\n\t\t\t\t<div class=\"elementor-widget-container\">\n\t\t\t\t\t\t\t<div class=\"elementor-divider\">\n\t\t\t<span class=\"elementor-divider-separator\">\n\t\t\t\t\t\t<\/span>\n\t\t<\/div>\n\t\t\t\t\t\t<\/div>\n\t\t\t\t<\/div>\n\t\t\t\t<div class=\"elementor-element elementor-element-fff43b3 elementor-widget elementor-widget-image\" data-id=\"fff43b3\" data-element_type=\"widget\" data-widget_type=\"image.default\">\n\t\t\t\t<div class=\"elementor-widget-container\">\n\t\t\t\t\t\t\t\t\t\t\t\t\t\t\t<img decoding=\"async\" src=\"https:\/\/ejpwire.com\/wp-content\/uploads\/elementor\/thumbs\/ejp-wire-technology-descaling-system-be-8-qayqffdy850a5x672w98flcctebf3bpdjd3dttscsw.jpg\" title=\"ejp-wire-technology-descaling-system-be-8\" alt=\"Syst\u00e8me de descellement EJP WiTEC\" loading=\"lazy\" \/>\t\t\t\t\t\t\t\t\t\t\t\t\t\t\t<\/div>\n\t\t\t\t<\/div>\n\t\t\t\t<div class=\"elementor-element elementor-element-2afa8929 elementor-widget elementor-widget-text-editor\" data-id=\"2afa8929\" data-element_type=\"widget\" data-widget_type=\"text-editor.default\">\n\t\t\t\t<div class=\"elementor-widget-container\">\n\t\t\t\t\t\t\t\t\t<h3>D\u00e9tartreur de pliage BE-8<\/h3><p>Plieuse et casseuse pour des diam\u00e8tres de fil jusqu'\u00e0 13.5 mm, disponible en conception simple ainsi qu'avec alimentation pneumatique ou hydraulique des galets de pliage.<\/p>\t\t\t\t\t\t\t\t<\/div>\n\t\t\t\t<\/div>\n\t\t\t\t<div class=\"elementor-element elementor-element-947d5f0 elementor-widget-divider--view-line elementor-widget elementor-widget-divider\" data-id=\"947d5f0\" data-element_type=\"widget\" data-widget_type=\"divider.default\">\n\t\t\t\t<div class=\"elementor-widget-container\">\n\t\t\t\t\t\t\t<div class=\"elementor-divider\">\n\t\t\t<span class=\"elementor-divider-separator\">\n\t\t\t\t\t\t<\/span>\n\t\t<\/div>\n\t\t\t\t\t\t<\/div>\n\t\t\t\t<\/div>\n\t\t\t\t\t<\/div>\n\t\t<\/div>\n\t\t\t\t\t<\/div>\n\t\t<\/section>\n\t\t\t\t<section class=\"elementor-section elementor-top-section elementor-element elementor-element-1acdecca elementor-section-boxed elementor-section-height-default elementor-section-height-default\" data-id=\"1acdecca\" data-element_type=\"section\">\n\t\t\t\t\t\t<div class=\"elementor-container elementor-column-gap-default\">\n\t\t\t\t\t<div class=\"elementor-column elementor-col-50 elementor-top-column elementor-element elementor-element-4c370b0a\" data-id=\"4c370b0a\" data-element_type=\"column\">\n\t\t\t<div class=\"elementor-widget-wrap elementor-element-populated\">\n\t\t\t\t\t\t<div class=\"elementor-element elementor-element-56d3a645 elementor-widget elementor-widget-text-editor\" data-id=\"56d3a645\" data-element_type=\"widget\" data-widget_type=\"text-editor.default\">\n\t\t\t\t<div class=\"elementor-widget-container\">\n\t\t\t\t\t\t\t\t\t<h2><span style=\"color: #ff0000;\">Brush Descaler<\/span><\/h2>\t\t\t\t\t\t\t\t<\/div>\n\t\t\t\t<\/div>\n\t\t\t\t\t<\/div>\n\t\t<\/div>\n\t\t\t\t<div class=\"elementor-column elementor-col-50 elementor-top-column elementor-element elementor-element-60a30ed3\" data-id=\"60a30ed3\" data-element_type=\"column\">\n\t\t\t<div class=\"elementor-widget-wrap elementor-element-populated\">\n\t\t\t\t\t\t<div class=\"elementor-element elementor-element-66a9268 elementor-widget elementor-widget-image\" data-id=\"66a9268\" data-element_type=\"widget\" data-widget_type=\"image.default\">\n\t\t\t\t<div class=\"elementor-widget-container\">\n\t\t\t\t\t\t\t\t\t\t\t\t\t\t\t<img decoding=\"async\" src=\"https:\/\/ejpwire.com\/wp-content\/uploads\/elementor\/thumbs\/ejp-wire-technology-descaling-system-rb-4-qayqffdy850a5x672w98flcctebf3bpdjd3dttscuu.jpg\" title=\"ejp-wire-technology-descaling-system-RB-4\" alt=\"Descalage de fil EJP WiTEC\" loading=\"lazy\" \/>\t\t\t\t\t\t\t\t\t\t\t\t\t\t\t<\/div>\n\t\t\t\t<\/div>\n\t\t\t\t<div class=\"elementor-element elementor-element-6e761256 elementor-widget elementor-widget-text-editor\" data-id=\"6e761256\" data-element_type=\"widget\" data-widget_type=\"text-editor.default\">\n\t\t\t\t<div class=\"elementor-widget-container\">\n\t\t\t\t\t\t\t\t\t<h3>Round Brush Descaler RB-4<\/h3><p>En fonction de la version, la machine de brossage circulaire convient pour des fils jusqu'\u00e0 18,0 mm ainsi que pour des fils pr\u00e9-fil\u00e9s jusqu'\u00e0 1,2 mm. De plus, elle est adapt\u00e9e au nettoyage agressif (par brosses rondes) et extr\u00eamement doux du fil (par brosses de sablage) en fonctionnement continu. Un syst\u00e8me ing\u00e9nieux d'alimentation des brosses permet un fonctionnement tr\u00e8s efficace avec des vitesses de passage \u00e9lev\u00e9es et une longue dur\u00e9e de vie des brosses.<\/p>\t\t\t\t\t\t\t\t<\/div>\n\t\t\t\t<\/div>\n\t\t\t\t<div class=\"elementor-element elementor-element-30d8d1b elementor-widget-divider--view-line elementor-widget elementor-widget-divider\" data-id=\"30d8d1b\" data-element_type=\"widget\" data-widget_type=\"divider.default\">\n\t\t\t\t<div class=\"elementor-widget-container\">\n\t\t\t\t\t\t\t<div class=\"elementor-divider\">\n\t\t\t<span class=\"elementor-divider-separator\">\n\t\t\t\t\t\t<\/span>\n\t\t<\/div>\n\t\t\t\t\t\t<\/div>\n\t\t\t\t<\/div>\n\t\t\t\t<div class=\"elementor-element elementor-element-78115b6 elementor-widget elementor-widget-image\" data-id=\"78115b6\" data-element_type=\"widget\" data-widget_type=\"image.default\">\n\t\t\t\t<div class=\"elementor-widget-container\">\n\t\t\t\t\t\t\t\t\t\t\t\t\t\t\t<img decoding=\"async\" src=\"https:\/\/ejpwire.com\/wp-content\/uploads\/elementor\/thumbs\/ejp-wire-technology-descaling-system-tb-2-qayqffdy850a5x672w98flcctebf3bpdjd3dttsddq.jpg\" title=\"ejp-wire-technology-descaling-system-tb-2\" alt=\"Descalage de fil EJP WiTEC\" loading=\"lazy\" \/>\t\t\t\t\t\t\t\t\t\t\t\t\t\t\t<\/div>\n\t\t\t\t<\/div>\n\t\t\t\t<div class=\"elementor-element elementor-element-590be3cb elementor-widget elementor-widget-text-editor\" data-id=\"590be3cb\" data-element_type=\"widget\" data-widget_type=\"text-editor.default\">\n\t\t\t\t<div class=\"elementor-widget-container\">\n\t\t\t\t\t\t\t\t\t<h3>Disc Brush Descaler TB-2<\/h3><p>L'unit\u00e9 de brossage \u00e0 disque est adapt\u00e9e aux fils de 5,5 mm \u00e0 30,0 mm (selon le mod\u00e8le) et convient pour un nettoyage tr\u00e8s efficace des fils en fonctionnement continu malgr\u00e9 sa conception simple et son faible co\u00fbt d'investissement. Un syst\u00e8me de r\u00e9glage des brosses bien con\u00e7u permet une usure tr\u00e8s r\u00e9guli\u00e8re de toutes les brosses.<\/p>\t\t\t\t\t\t\t\t<\/div>\n\t\t\t\t<\/div>\n\t\t\t\t<div class=\"elementor-element elementor-element-7c960e98 elementor-widget-divider--view-line elementor-widget elementor-widget-divider\" data-id=\"7c960e98\" data-element_type=\"widget\" data-widget_type=\"divider.default\">\n\t\t\t\t<div class=\"elementor-widget-container\">\n\t\t\t\t\t\t\t<div class=\"elementor-divider\">\n\t\t\t<span class=\"elementor-divider-separator\">\n\t\t\t\t\t\t<\/span>\n\t\t<\/div>\n\t\t\t\t\t\t<\/div>\n\t\t\t\t<\/div>\n\t\t\t\t\t<\/div>\n\t\t<\/div>\n\t\t\t\t\t<\/div>\n\t\t<\/section>\n\t\t\t\t<section class=\"elementor-section elementor-top-section elementor-element elementor-element-2b4dac2 elementor-section-boxed elementor-section-height-default elementor-section-height-default\" data-id=\"2b4dac2\" data-element_type=\"section\">\n\t\t\t\t\t\t<div class=\"elementor-container elementor-column-gap-default\">\n\t\t\t\t\t<div class=\"elementor-column elementor-col-50 elementor-top-column elementor-element elementor-element-63f713f\" data-id=\"63f713f\" data-element_type=\"column\">\n\t\t\t<div class=\"elementor-widget-wrap elementor-element-populated\">\n\t\t\t\t\t\t<div class=\"elementor-element elementor-element-5c6c342 elementor-widget elementor-widget-text-editor\" data-id=\"5c6c342\" data-element_type=\"widget\" data-widget_type=\"text-editor.default\">\n\t\t\t\t<div class=\"elementor-widget-container\">\n\t\t\t\t\t\t\t\t\t<h2><span style=\"color: #ff0000;\">Steel Wool Descaler<\/span><\/h2>\t\t\t\t\t\t\t\t<\/div>\n\t\t\t\t<\/div>\n\t\t\t\t\t<\/div>\n\t\t<\/div>\n\t\t\t\t<div class=\"elementor-column elementor-col-50 elementor-top-column elementor-element elementor-element-4c18d8e\" data-id=\"4c18d8e\" data-element_type=\"column\">\n\t\t\t<div class=\"elementor-widget-wrap elementor-element-populated\">\n\t\t\t\t\t\t<div class=\"elementor-element elementor-element-8bb34e4 elementor-widget elementor-widget-image\" data-id=\"8bb34e4\" data-element_type=\"widget\" data-widget_type=\"image.default\">\n\t\t\t\t<div class=\"elementor-widget-container\">\n\t\t\t\t\t\t\t\t\t\t\t\t\t\t\t<img decoding=\"async\" src=\"https:\/\/ejpwire.com\/wp-content\/uploads\/elementor\/thumbs\/ejp-wire-technologies-drahtentzunderung-wire-descaling-tbf-swe-rr-qayqfgbuuolascrq331a614iprpn2ra6g3xjjznhk8.jpg\" title=\"ejp-wire-technologies-effacement-de-fils-descaling-tbf-swe-rr\" alt=\"wire Descaling Machine\" loading=\"lazy\" \/>\t\t\t\t\t\t\t\t\t\t\t\t\t\t\t<\/div>\n\t\t\t\t<\/div>\n\t\t\t\t<div class=\"elementor-element elementor-element-bbd8495 elementor-widget elementor-widget-text-editor\" data-id=\"bbd8495\" data-element_type=\"widget\" data-widget_type=\"text-editor.default\">\n\t\t\t\t<div class=\"elementor-widget-container\">\n\t\t\t\t\t\t\t\t\t<h3>Steel Woll Descaler SWE<\/h3><p>Le syst\u00e8me de d\u00e9graissage \u00e0 la laine d'acier poss\u00e8de des sections de nettoyage fixes et rotatives qui peuvent \u00eatre actionn\u00e9es soit de mani\u00e8re s\u00e9lective, soit alternativement avec de la laine d'acier ou des tampons de brossage. Cela fait de la machine une alternative de d\u00e9capage \u00e0 faible co\u00fbt et convient particuli\u00e8rement aux machines d'\u00e9tirage courtes et aux vitesses de production plus lentes, avec un accent sur la production \u00e0 faible co\u00fbt.<\/p>\t\t\t\t\t\t\t\t<\/div>\n\t\t\t\t<\/div>\n\t\t\t\t<div class=\"elementor-element elementor-element-2e6a71b elementor-widget-divider--view-line elementor-widget elementor-widget-divider\" data-id=\"2e6a71b\" data-element_type=\"widget\" data-widget_type=\"divider.default\">\n\t\t\t\t<div class=\"elementor-widget-container\">\n\t\t\t\t\t\t\t<div class=\"elementor-divider\">\n\t\t\t<span class=\"elementor-divider-separator\">\n\t\t\t\t\t\t<\/span>\n\t\t<\/div>\n\t\t\t\t\t\t<\/div>\n\t\t\t\t<\/div>\n\t\t\t\t\t<\/div>\n\t\t<\/div>\n\t\t\t\t\t<\/div>\n\t\t<\/section>\n\t\t\t\t<section class=\"elementor-section elementor-top-section elementor-element elementor-element-f3d8bc9 elementor-section-boxed elementor-section-height-default elementor-section-height-default\" data-id=\"f3d8bc9\" data-element_type=\"section\">\n\t\t\t\t\t\t<div class=\"elementor-container elementor-column-gap-default\">\n\t\t\t\t\t<div class=\"elementor-column elementor-col-50 elementor-top-column elementor-element elementor-element-580aed59\" data-id=\"580aed59\" data-element_type=\"column\">\n\t\t\t<div class=\"elementor-widget-wrap elementor-element-populated\">\n\t\t\t\t\t\t<div class=\"elementor-element elementor-element-733fbd61 elementor-widget elementor-widget-text-editor\" data-id=\"733fbd61\" data-element_type=\"widget\" data-widget_type=\"text-editor.default\">\n\t\t\t\t<div class=\"elementor-widget-container\">\n\t\t\t\t\t\t\t\t\t<h2><span style=\"color: #ff0000;\">Descendeur de sable<\/span><\/h2>\t\t\t\t\t\t\t\t<\/div>\n\t\t\t\t<\/div>\n\t\t\t\t\t<\/div>\n\t\t<\/div>\n\t\t\t\t<div class=\"elementor-column elementor-col-50 elementor-top-column elementor-element elementor-element-60ef7850\" data-id=\"60ef7850\" data-element_type=\"column\">\n\t\t\t<div class=\"elementor-widget-wrap elementor-element-populated\">\n\t\t\t\t\t\t<div class=\"elementor-element elementor-element-10acc30e elementor-widget elementor-widget-text-editor\" data-id=\"10acc30e\" data-element_type=\"widget\" data-widget_type=\"text-editor.default\">\n\t\t\t\t<div class=\"elementor-widget-container\">\n\t\t\t\t\t\t\t\t\t<h3>D\u00e9colleur de sable \u00e0 double t\u00eate SA-4<\/h3><p>Sander \/ Grinding Descaler, operationg with two sand belts, suitable for descaling wire in a continuous process by rotating two sanding belts continuously around the wire. Processus optimal pour atteindre les vitesses et les dur\u00e9es de vie les plus \u00e9lev\u00e9es gr\u00e2ce \u00e0 la haute qualit\u00e9 de nettoyage par rapport \u00e0 tous les autres processus de d\u00e9calaminage. En outre, les co\u00fbts de production peuvent \u00eatre r\u00e9duits jusqu'\u00e0 75% par rapport aux processus de bobinage chimique, par exemple.<\/p>\t\t\t\t\t\t\t\t<\/div>\n\t\t\t\t<\/div>\n\t\t\t\t<div class=\"elementor-element elementor-element-7a4ad335 elementor-widget-divider--view-line elementor-widget elementor-widget-divider\" data-id=\"7a4ad335\" data-element_type=\"widget\" data-widget_type=\"divider.default\">\n\t\t\t\t<div class=\"elementor-widget-container\">\n\t\t\t\t\t\t\t<div class=\"elementor-divider\">\n\t\t\t<span class=\"elementor-divider-separator\">\n\t\t\t\t\t\t<\/span>\n\t\t<\/div>\n\t\t\t\t\t\t<\/div>\n\t\t\t\t<\/div>\n\t\t\t\t<div class=\"elementor-element elementor-element-7406a78 elementor-arrows-position-outside elementor-widget elementor-widget-image-carousel\" data-id=\"7406a78\" data-element_type=\"widget\" data-settings=\"{&quot;slides_to_show&quot;:&quot;1&quot;,&quot;navigation&quot;:&quot;arrows&quot;,&quot;autoplay_speed&quot;:7000,&quot;autoplay&quot;:&quot;yes&quot;,&quot;pause_on_hover&quot;:&quot;yes&quot;,&quot;pause_on_interaction&quot;:&quot;yes&quot;,&quot;infinite&quot;:&quot;yes&quot;,&quot;effect&quot;:&quot;slide&quot;,&quot;speed&quot;:500}\" data-widget_type=\"image-carousel.default\">\n\t\t\t\t<div class=\"elementor-widget-container\">\n\t\t\t\t\t\t\t<div class=\"elementor-image-carousel-wrapper swiper\" role=\"region\" aria-roledescription=\"carousel\" aria-label=\"Image Carousel\" dir=\"ltr\">\n\t\t\t<div class=\"elementor-image-carousel swiper-wrapper\" aria-live=\"off\">\n\t\t\t\t\t\t\t\t<div class=\"swiper-slide\" role=\"group\" aria-roledescription=\"slide\" aria-label=\"1 sur 2\" data-no-translation-aria-label=\"\"><figure class=\"swiper-slide-inner\"><img decoding=\"async\" class=\"swiper-slide-image\" src=\"https:\/\/ejpwire.com\/wp-content\/uploads\/elementor\/thumbs\/ejp-wire-technology-sa-2-qayqffe0numab468kvchpyp3nrn2ym36hx9e6jsof4.jpg\" alt=\"EJP WiTEC Sanding descaler SA-2\" \/><\/figure><\/div><div class=\"swiper-slide\" role=\"group\" aria-roledescription=\"slide\" aria-label=\"2 sur 2\" data-no-translation-aria-label=\"\"><figure class=\"swiper-slide-inner\"><img decoding=\"async\" class=\"swiper-slide-image\" src=\"https:\/\/ejpwire.com\/wp-content\/uploads\/elementor\/thumbs\/ejp-wire-technology-sanding-descaler-qayqffe0numab468kvchpyp3nrn2ym36hx9e6jsof4.jpg\" alt=\"EJP WiTEC Sanding descaler SA-2\" \/><\/figure><\/div>\t\t\t<\/div>\n\t\t\t\t\t\t\t\t\t\t\t\t<div class=\"elementor-swiper-button elementor-swiper-button-prev\" role=\"button\" tabindex=\"0\">\n\t\t\t\t\t\t<i aria-hidden=\"true\" class=\"eicon-chevron-left\"><\/i>\t\t\t\t\t<\/div>\n\t\t\t\t\t<div class=\"elementor-swiper-button elementor-swiper-button-next\" role=\"button\" tabindex=\"0\">\n\t\t\t\t\t\t<i aria-hidden=\"true\" class=\"eicon-chevron-right\"><\/i>\t\t\t\t\t<\/div>\n\t\t\t\t\n\t\t\t\t\t\t\t\t\t<\/div>\n\t\t\t\t\t\t<\/div>\n\t\t\t\t<\/div>\n\t\t\t\t<div class=\"elementor-element elementor-element-15ee7020 elementor-widget elementor-widget-text-editor\" data-id=\"15ee7020\" data-element_type=\"widget\" data-widget_type=\"text-editor.default\">\n\t\t\t\t<div class=\"elementor-widget-container\">\n\t\t\t\t\t\t\t\t\t<h3>D\u00e9colleur de sable SA-2<\/h3><p>Sander \/ Grinding Descaler, operationg with one sand belts, suitable for descaling wire in a continuous process by rotating a sanding belt continuously around the wire. Processus optimal pour atteindre des vitesses et des dur\u00e9es de vie de fil tr\u00e8s \u00e9lev\u00e9es gr\u00e2ce \u00e0 la haute qualit\u00e9 de nettoyage par rapport \u00e0 tous les autres processus de d\u00e9calaminage. En outre, les co\u00fbts de production peuvent \u00eatre r\u00e9duits jusqu'\u00e0 75% par rapport aux processus de picking chimique, par exemple.<\/p>\t\t\t\t\t\t\t\t<\/div>\n\t\t\t\t<\/div>\n\t\t\t\t\t<\/div>\n\t\t<\/div>\n\t\t\t\t\t<\/div>\n\t\t<\/section>\n\t\t\t\t<\/div>","protected":false},"excerpt":{"rendered":"<p>Descaling Systems T\u00e9l\u00e9charger le catalogue de produits au format PDF Plieuse-d\u00e9colleuse Plieuse-d\u00e9colleuse BE-65 Pliage et d\u00e9colletage lourds pour des diam\u00e8tres de fil jusqu'\u00e0 5.5 - 8.0 mm, en option avec dispositif d'alimentation combin\u00e9. Bending Descaler BE-2 Pliage et \u00e9crasement de fils jusqu'\u00e0 18.0 mm, en option avec dispositif d'alimentation combin\u00e9. Bending Descaler BE-8 Pliage [...]<\/p>","protected":false},"author":1,"featured_media":0,"parent":0,"menu_order":0,"comment_status":"closed","ping_status":"closed","template":"elementor_header_footer","meta":{"footnotes":""},"class_list":["post-443","page","type-page","status-publish","hentry"],"_links":{"self":[{"href":"https:\/\/ejpwire.com\/fr\/wp-json\/wp\/v2\/pages\/443","targetHints":{"allow":["GET"]}}],"collection":[{"href":"https:\/\/ejpwire.com\/fr\/wp-json\/wp\/v2\/pages"}],"about":[{"href":"https:\/\/ejpwire.com\/fr\/wp-json\/wp\/v2\/types\/page"}],"author":[{"embeddable":true,"href":"https:\/\/ejpwire.com\/fr\/wp-json\/wp\/v2\/users\/1"}],"replies":[{"embeddable":true,"href":"https:\/\/ejpwire.com\/fr\/wp-json\/wp\/v2\/comments?post=443"}],"version-history":[{"count":18,"href":"https:\/\/ejpwire.com\/fr\/wp-json\/wp\/v2\/pages\/443\/revisions"}],"predecessor-version":[{"id":810,"href":"https:\/\/ejpwire.com\/fr\/wp-json\/wp\/v2\/pages\/443\/revisions\/810"}],"wp:attachment":[{"href":"https:\/\/ejpwire.com\/fr\/wp-json\/wp\/v2\/media?parent=443"}],"curies":[{"name":"wp","href":"https:\/\/api.w.org\/{rel}","templated":true}]}}