{"id":436,"date":"2020-05-29T06:44:03","date_gmt":"2020-05-29T06:44:03","guid":{"rendered":"https:\/\/ejpwitec.com\/?page_id=436"},"modified":"2022-01-18T19:35:58","modified_gmt":"2022-01-18T19:35:58","slug":"worldwide-agencies","status":"publish","type":"page","link":"https:\/\/ejpwire.com\/fr\/worldwide-agencies","title":{"rendered":"Agences mondiales"},"content":{"rendered":"<div data-elementor-type=\"wp-page\" data-elementor-id=\"436\" class=\"elementor elementor-436\" data-elementor-post-type=\"page\">\n\t\t\t\t\t\t<section class=\"elementor-section elementor-top-section elementor-element elementor-element-33fe4d39 elementor-section-stretched elementor-section-height-min-height elementor-section-boxed elementor-section-height-default elementor-section-items-middle\" data-id=\"33fe4d39\" data-element_type=\"section\" data-settings=\"{&quot;stretch_section&quot;:&quot;section-stretched&quot;,&quot;background_background&quot;:&quot;gradient&quot;}\">\n\t\t\t\t\t\t<div class=\"elementor-container elementor-column-gap-default\">\n\t\t\t\t\t<div class=\"elementor-column elementor-col-50 elementor-top-column elementor-element elementor-element-2c56a065\" data-id=\"2c56a065\" data-element_type=\"column\">\n\t\t\t<div class=\"elementor-widget-wrap elementor-element-populated\">\n\t\t\t\t\t\t<div class=\"elementor-element elementor-element-a9d5bbd elementor-widget elementor-widget-heading\" data-id=\"a9d5bbd\" data-element_type=\"widget\" data-widget_type=\"heading.default\">\n\t\t\t\t<div class=\"elementor-widget-container\">\n\t\t\t\t\t<h2 class=\"elementor-heading-title elementor-size-default\">Agences mondiales<\/h2>\t\t\t\t<\/div>\n\t\t\t\t<\/div>\n\t\t\t\t<div class=\"elementor-element elementor-element-ac60de5 elementor-widget elementor-widget-text-editor\" data-id=\"ac60de5\" data-element_type=\"widget\" data-widget_type=\"text-editor.default\">\n\t\t\t\t<div class=\"elementor-widget-container\">\n\t\t\t\t\t\t\t\t\t<h2><span style=\"color: #ff0000;\">Notre r\u00e9seau de partenaires intercontinental.<\/span><\/h2>\t\t\t\t\t\t\t\t<\/div>\n\t\t\t\t<\/div>\n\t\t\t\t\t<\/div>\n\t\t<\/div>\n\t\t\t\t<div class=\"elementor-column elementor-col-50 elementor-top-column elementor-element elementor-element-7774eb55\" data-id=\"7774eb55\" data-element_type=\"column\">\n\t\t\t<div class=\"elementor-widget-wrap\">\n\t\t\t\t\t\t\t<\/div>\n\t\t<\/div>\n\t\t\t\t\t<\/div>\n\t\t<\/section>\n\t\t\t\t<section class=\"elementor-section elementor-top-section elementor-element elementor-element-4956f90b elementor-section-boxed elementor-section-height-default elementor-section-height-default\" data-id=\"4956f90b\" data-element_type=\"section\">\n\t\t\t\t\t\t<div class=\"elementor-container elementor-column-gap-default\">\n\t\t\t\t\t<div class=\"elementor-column elementor-col-100 elementor-top-column elementor-element elementor-element-67ee7cf\" data-id=\"67ee7cf\" data-element_type=\"column\">\n\t\t\t<div class=\"elementor-widget-wrap elementor-element-populated\">\n\t\t\t\t\t\t<div class=\"elementor-element elementor-element-a1bdd03 elementor-widget elementor-widget-spacer\" data-id=\"a1bdd03\" data-element_type=\"widget\" data-widget_type=\"spacer.default\">\n\t\t\t\t<div class=\"elementor-widget-container\">\n\t\t\t\t\t\t\t<div class=\"elementor-spacer\">\n\t\t\t<div class=\"elementor-spacer-inner\"><\/div>\n\t\t<\/div>\n\t\t\t\t\t\t<\/div>\n\t\t\t\t<\/div>\n\t\t\t\t<div class=\"elementor-element elementor-element-f7ce24e elementor-widget elementor-widget-text-editor\" data-id=\"f7ce24e\" data-element_type=\"widget\" data-widget_type=\"text-editor.default\">\n\t\t\t\t<div class=\"elementor-widget-container\">\n\t\t\t\t\t\t\t\t\t<h2>Europe<\/h2><h2>\u00a0<\/h2><h3>France<\/h3><p><strong>SEQUEM - Services et Equipements Industriels s.a.s.<br \/><\/strong>11bis, Rue Pierre et Marie Curie<br \/>59260 LEZENNES, France<br \/><span style=\"font-size: 18px; font-style: normal; font-weight: 400;\">T\u00e9l :\u00a0<\/span>+33(0)3 28.80.55.60<br \/>T\u00e9l\u00e9copieur : +33(0)3 20.34.87.44<br \/><a style=\"font-size: 16px; background-color: #ffffff;\" href=\"mailto:sequem@sequem.fr\">sequem@sequem.fr<\/a><br \/><a href=\"http:\/\/www.sequem.fr\/\" target=\"_blank\" rel=\"noopener\">www.sequem.fr<\/a><\/p><h3>Belgique \/ Belgium<\/h3><p><strong>SEQUEM - Services et Equipements Industriels s.a.s.<br \/><\/strong>11bis, Rue Pierre et Marie Curie<br \/>59260 LEZENNES, France<br \/><span style=\"font-size: 18px; font-style: normal; font-weight: 400;\">T\u00e9l :\u00a0<\/span>+33(0)3 28.80.55.60<br \/>T\u00e9l\u00e9copieur : +33(0)3 20.34.87.44<br \/><a href=\"mailto:sequem@sequem.fr\">sequem@sequem.fr<\/a><br \/><a href=\"http:\/\/www.sequem.fr\/\" target=\"_blank\" rel=\"noopener\">www.sequem.fr<\/a><\/p><h3>L\u00ebtzebuerg \/ Luxembourg<\/h3><p><strong>SEQUEM - Services et Equipements Industriels s.a.s.<br \/><\/strong>11bis, Rue Pierre et Marie Curie<br \/>59260 LEZENNES, France<br \/>T\u00e9l. : +33(0)3 28.80.55.60<br \/>T\u00e9l\u00e9copieur : +33(0)3 20.34.87.44<br \/><a href=\"mailto:sequem@sequem.fr\">sequem@sequem.fr<\/a><br \/><a href=\"http:\/\/www.sequem.fr\/\" target=\"_blank\" rel=\"noopener\">www.sequem.fr<\/a><\/p><h3>Finlande \/ Suomen tasavalta<\/h3><p><strong>Tesproma Oy<br \/><\/strong>Metsonmutka 8,<br \/>FI-37100 Nokia,<br \/>Taneli Raivio<br \/>Pouh\u00e9line : 0400 286012 <br \/><a href=\"\/fr\/taneli.raivio@tesproma.fi\/\">taneli.raivio@tesproma.fi<\/a><br \/><a href=\"http:\/\/www.tesproma.fi\/\" target=\"_blank\" rel=\"noopener\">www.tesproma.fi<\/a><\/p><h3>Italie \/ Italiana<\/h3><p><strong>EJP Italia srl<br \/><\/strong>Via Malignani 3<br \/>33035 Martignacco, Udine, Italie<br \/>T\u00e9l. : +39 0432 1846200<br \/>T\u00e9l\u00e9copieur : +39 0432 1842044<br \/><a href=\"mailto:info@ejpitalia.com\">info@ejpitalia.com<\/a><\/p><h3>Espagne \/ Espa\u00f1a &amp; Portugal<\/h3><p><strong><b>Challenge<br \/>Servi\u00e7os e Representa\u00e7\u00f5es Ltda.<br \/><\/b><\/strong>Office Portugal :<br \/>Caminho do Lago<br \/>Urb. Lago Azul Lj.4<br \/>8125-423 Vilamoura \/ Quarteira<br \/>Portugal<br \/>Cel FR. +49 163 69 17961 Jose Amiguinho<br \/>Cel PT +351 925 269 555<br \/>Courrier \u00e9lectronique : <a href=\"mailto:info@challenge.srv.br\">info@challenge.srv.br<\/a><br \/><a href=\"http:\/\/www.challenge.srv.br\/\" target=\"_blank\" rel=\"noopener\">www.challenge.srv.br<\/a><\/p><h3><span lang=\"EN-GB\">Turquie \/ T\u00fcrkiye<\/span><\/h3><p><strong><span lang=\"EN-GB\">KAVAME Dan\u0131\u015fmanl\u0131k Tic. San. A.\u015e.<br \/><\/span><\/strong><span lang=\"EN-GB\">Altunizade Mh. K\u0131s\u0131kl\u0131 Cd. No : 28\u00a0<br \/>Avrupa \u0130\u015f Merkezi K : 1 D : 103<br \/><\/span><span lang=\"EN-GB\">34662 \u00dcsk\u00fcdar - \u0130stanbul, Turquie<br \/><\/span>Abdulgani \u00c7\u0131nar Kavame<br \/><span lang=\"EN-GB\">Mobile :\u00a0<span lang=\"DE\"><a href=\"x-webdoc:\/\/5EEA13C6-FAC5-4843-9795-99BC2D3E07E0\/+90%20555%20535%2025%2015\">+90 555 535 25 15<\/a><br \/><\/span><\/span><a style=\"font-size: 18px; background-color: #ffffff;\" href=\"mailto:gani@kavame.com\">gani@kavame.com<\/a><br \/><a style=\"font-size: 18px; background-color: #ffffff;\" href=\"http:\/\/www.kavame.com\/\" target=\"_blank\" rel=\"noopener\">www.kavame.com<\/a><\/p>\t\t\t\t\t\t\t\t<\/div>\n\t\t\t\t<\/div>\n\t\t\t\t<div class=\"elementor-element elementor-element-c56dd07 elementor-widget-divider--view-line elementor-widget elementor-widget-divider\" data-id=\"c56dd07\" data-element_type=\"widget\" data-widget_type=\"divider.default\">\n\t\t\t\t<div class=\"elementor-widget-container\">\n\t\t\t\t\t\t\t<div class=\"elementor-divider\">\n\t\t\t<span class=\"elementor-divider-separator\">\n\t\t\t\t\t\t<\/span>\n\t\t<\/div>\n\t\t\t\t\t\t<\/div>\n\t\t\t\t<\/div>\n\t\t\t\t<div class=\"elementor-element elementor-element-7fcdf15 elementor-widget elementor-widget-text-editor\" data-id=\"7fcdf15\" data-element_type=\"widget\" data-widget_type=\"text-editor.default\">\n\t\t\t\t<div class=\"elementor-widget-container\">\n\t\t\t\t\t\t\t\t\t<h2>Asia<\/h2><h2>\u00a0<\/h2><h3>Ta\u00efwan \u4e2d\u83ef\u6c11\u570b<\/h3><p><strong>RAYTECHNIK CO, LTD.<\/strong><br \/>8F, #19, Lane 630, BEI AN ROAD,<br \/>Taipei, 10463<br \/>TAIWAN ROC<br \/><span style=\"font-size: 18px;\">Contact : Rottor CHUANG<br \/><\/span><span style=\"font-size: 18px;\">+886 972786258<br \/><\/span><span style=\"font-size: 18px;\">T\u00e9l. : (886 2) 2533 5965\u00a0<br \/><\/span><span style=\"font-size: 18px;\">T\u00e9l\u00e9copieur : (886 2) 2533 3222<br \/><\/span><a href=\"mailto:rottor@raytechnik.com.tw\">rottor@raytechnik.com.tw<\/a><span style=\"font-size: 18px;\"><br \/><\/span><\/p><h3>\u0e23\u0e32\u0e0a\u0e2d\u0e32\u0e13\u0e32\u0e08\u0e31\u0e01\u0e23\u0e44\u0e17\u0e22 \/ Tha\u00eflande<\/h3><p><strong>Focus Mechanic<\/strong><br \/>T\u00e9l. : +66 2 722 2992<br \/><a href=\"mailto:focus@focusmechanic.co.th\">focus@focusmechanic.co.th<\/a><br \/><a style=\"font-size: 18px; background-color: #ffffff;\" href=\"http:\/\/www.focusmechanic.co.th\/\" target=\"_blank\" rel=\"noopener\">www.focusmechanic.co.th<\/a><\/p><h3>Indon\u00e9sie<\/h3><p><strong>PT. Mandiri Anugerah Abadi\u00a0<\/strong><br \/>Jl. Pangkalan 2 No. 10<br \/>Sumur Batu - Bantar Gebang\u00a0<br \/>Bekasi 17152, Jawa Barat<br \/>Indon\u00e9sie<br \/>T\u00e9l. : +62-21-82631882<br \/><a href=\"mailto:roy@pt-maa.com\">roy@pt-maa.com<\/a><\/p>\t\t\t\t\t\t\t\t<\/div>\n\t\t\t\t<\/div>\n\t\t\t\t<div class=\"elementor-element elementor-element-401df65 elementor-widget-divider--view-line elementor-widget elementor-widget-divider\" data-id=\"401df65\" data-element_type=\"widget\" data-widget_type=\"divider.default\">\n\t\t\t\t<div class=\"elementor-widget-container\">\n\t\t\t\t\t\t\t<div class=\"elementor-divider\">\n\t\t\t<span class=\"elementor-divider-separator\">\n\t\t\t\t\t\t<\/span>\n\t\t<\/div>\n\t\t\t\t\t\t<\/div>\n\t\t\t\t<\/div>\n\t\t\t\t<div class=\"elementor-element elementor-element-c0c5d8f elementor-widget elementor-widget-text-editor\" data-id=\"c0c5d8f\" data-element_type=\"widget\" data-widget_type=\"text-editor.default\">\n\t\t\t\t<div class=\"elementor-widget-container\">\n\t\t\t\t\t\t\t\t\t<h2><span style=\"font-size: 1.33333rem;\">Moyen-Orient<\/span><\/h2><p><strong>KAVAME Dan. Tic. San. A.\u015e.<\/strong><br \/>Altunizade Mh. K\u0131s\u0131kl\u0131 Cd. No : 28<br \/>Avrupa \u0130\u015f Merkezi K : 1 D:103 34662<br \/>\u00dcsk\u00fcdar - \u0130stanbul, Turquie<br \/>+90 216 266 3435<br \/><a href=\"mailto:info@kavame.com\">info@kavame.com<\/a><br \/><a href=\"http:\/\/www.kavame.com\/\" target=\"_blank\" rel=\"noopener\">www.kavame.com<\/a><\/p><h3>Iran<\/h3><p><strong>TSR Tossehe Sanayeh Rooz Co.<br \/><\/strong>P.O. Box 14155-1811<br \/>11 Behshahr St., North Iranshahr Ave,<br \/>T\u00e9h\u00e9ran 15837-67834<\/p><p>M. Kambiz Soheil<br \/>T\u00e9l. : +98 21 8882 1345<br \/>T\u00e9l\u00e9copieur : +98 21 8830 9339<br \/>Portable : +98 912 278 08 32<br \/><a href=\"mailto:ksoheil@tsr-iran.com\">ksoheil@tsr-iran.com<\/a><br \/><a href=\"http:\/\/www.tsr-iran.com\/\" target=\"_blank\" rel=\"noopener\">www.tsr-iran.com<\/a><\/p>\t\t\t\t\t\t\t\t<\/div>\n\t\t\t\t<\/div>\n\t\t\t\t<div class=\"elementor-element elementor-element-5e8ea9f elementor-widget-divider--view-line elementor-widget elementor-widget-divider\" data-id=\"5e8ea9f\" data-element_type=\"widget\" data-widget_type=\"divider.default\">\n\t\t\t\t<div class=\"elementor-widget-container\">\n\t\t\t\t\t\t\t<div class=\"elementor-divider\">\n\t\t\t<span class=\"elementor-divider-separator\">\n\t\t\t\t\t\t<\/span>\n\t\t<\/div>\n\t\t\t\t\t\t<\/div>\n\t\t\t\t<\/div>\n\t\t\t\t<div class=\"elementor-element elementor-element-2925f85 elementor-widget elementor-widget-text-editor\" data-id=\"2925f85\" data-element_type=\"widget\" data-widget_type=\"text-editor.default\">\n\t\t\t\t<div class=\"elementor-widget-container\">\n\t\t\t\t\t\t\t\t\t<h2><span style=\"font-size: 1.33333rem;\">Russie<\/span><\/h2><h2><span style=\"font-size: 1.33333rem;\">\u00a0<\/span><\/h2><h2><span style=\"font-size: 1.33333rem;\">\u0420\u043e\u0441\u0441\u0438\u044f \/ Russie<\/span><\/h2><p><strong>LLC \"Tim-metiz\"<\/strong><br \/>M. Timofey Krasov<br \/>T\u00e9l. : +7 499 347 35 06<br \/>Mobile : +7 903 104 06 41<br \/><a href=\"mailto:timmetiz@gmail.com\">timmetiz@gmail.com<\/a><br \/><a style=\"font-size: 18px; background-color: #ffffff;\" href=\"http:\/\/www.timmetiz.ru\/\" target=\"_blank\" rel=\"noopener\">www.timmetiz.ru<\/a><\/p>\t\t\t\t\t\t\t\t<\/div>\n\t\t\t\t<\/div>\n\t\t\t\t<div class=\"elementor-element elementor-element-9567ebc elementor-widget-divider--view-line elementor-widget elementor-widget-divider\" data-id=\"9567ebc\" data-element_type=\"widget\" data-widget_type=\"divider.default\">\n\t\t\t\t<div class=\"elementor-widget-container\">\n\t\t\t\t\t\t\t<div class=\"elementor-divider\">\n\t\t\t<span class=\"elementor-divider-separator\">\n\t\t\t\t\t\t<\/span>\n\t\t<\/div>\n\t\t\t\t\t\t<\/div>\n\t\t\t\t<\/div>\n\t\t\t\t<div class=\"elementor-element elementor-element-1e17fb0c elementor-widget elementor-widget-text-editor\" data-id=\"1e17fb0c\" data-element_type=\"widget\" data-widget_type=\"text-editor.default\">\n\t\t\t\t<div class=\"elementor-widget-container\">\n\t\t\t\t\t\t\t\t\t<h2>Africa<\/h2><h2>\u00a0<\/h2><h3 style=\"font-style: normal;\">Afrique du Sud \/ Suid-Africa<\/h3><p style=\"font-size: 18px; font-style: normal; font-weight: 400;\"><span style=\"font-size: 18px; font-weight: bold;\">Sitcoil cc<br \/><\/span>Unit\u00e9 3, Heriotdale Teknipark<br \/>51 Lower Germiston Road, Heriotdale<br \/>Gauteng, Afrique du Sud<br \/><span style=\"font-size: 18px;\">Contact : Mike Nyschens<br \/><\/span><span style=\"font-size: 18px;\">Portable : +27 (0) 82 7878 245<br \/><\/span><a style=\"font-style: normal; font-weight: 400; font-size: 18px; background-color: #ffffff;\" href=\"mailto:sitcoil@global.co.za\">sitcoil@global.co.za<\/a><\/p><h3>Morocco \/ \u0627\u0644\u0645\u0645\u0644\u0643\u0629 \u0627\u0644\u0645\u063a\u0631\u0628\u064a\u0629 \/ Maroc<\/h3><p><b>SEQUEM - Services et Equipements Industriels s.a.s.<br \/><\/b><span style=\"font-size: 18px;\">11bis, rue Pierre et Marie Curie,<br \/><\/span><span style=\"font-size: 18px;\">59260 LEZENNES, France<br \/><\/span><span style=\"font-size: 18px; font-style: normal; font-weight: 400;\">T\u00e9l :<\/span><span style=\"font-size: 18px;\">\u00a0+33(0)3 28.80.55.60<br \/><\/span><span style=\"font-size: 18px;\">T\u00e9l\u00e9copieur : +33(0)3 20.34.87.44<br \/><\/span><a style=\"font-size: 18px; background-color: #ffffff;\" href=\"mailto:sequem@sequem.fr\">sequem@sequem.fr<\/a><br \/><a style=\"font-size: 18px; background-color: #ffffff;\" href=\"http:\/\/www.sequem.fr\/\" target=\"_blank\" rel=\"noopener\">www.sequem.fr<\/a><\/p><h3>Alg\u00e9rie \/ \u0627\u0644\u062c\u0645\u0647\u0648\u0631\u064a\u0629 \u0627\u0644\u062c\u064e\u0632\u0627\u0626\u0631\u064a\u0629 \u0627\u0644\u062f\u064a\u0645\u0642\u0631\u0627\u0637\u064a\u0629 \u0627\u0644\u0634\u0639\u0628\u064a\u0629<\/h3><p><b>SEQUEM - Services et Equipements Industriels s.a.s.<br \/><\/b><span style=\"font-size: 18px; font-style: normal; font-weight: 400;\">11bis, rue Pierre et Marie Curie,<br \/><\/span><span style=\"font-size: 18px; font-style: normal; font-weight: 400;\">59260 LEZENNES, France<br \/><\/span><span style=\"font-size: 18px; font-style: normal; font-weight: 400;\">T\u00e9l :<\/span><span style=\"font-size: 18px; font-style: normal; font-weight: 400;\">\u00a0+33(0)3 28.80.55.60<br \/><\/span><span style=\"font-size: 18px; font-style: normal; font-weight: 400;\">T\u00e9l\u00e9copieur : +33(0)3 20.34.87.44<br \/><\/span><a style=\"font-size: 18px; font-style: normal; font-weight: 400; background-color: #ffffff;\" href=\"mailto:sequem@sequem.fr\">sequem@sequem.fr<\/a><br \/><a style=\"font-size: 18px; font-style: normal; font-weight: 400; background-color: #ffffff;\" href=\"http:\/\/www.sequem.fr\/\" target=\"_blank\" rel=\"noopener\">www.sequem.fr<\/a><\/p><h3>Tunisie \/ \u0627\u0644\u062c\u0645\u0647\u0648\u0631\u064a\u0629 \u0627\u0644\u062a\u0648\u0646\u0633\u064a\u0629<\/h3><p><b>SEQUEM - Services et Equipements Industriels s.a.s.<br \/><\/b><span style=\"font-size: 18px;\">11bis, rue Pierre et Marie Curie,<br \/><\/span><span style=\"font-size: 18px;\">59260 LEZENNES, France<br \/><\/span><span style=\"font-size: 18px; font-style: normal; font-weight: 400;\">T\u00e9l :<\/span><span style=\"font-size: 18px;\">\u00a0+33(0)3 28.80.55.60<br \/><\/span><span style=\"font-size: 18px;\">T\u00e9l\u00e9copieur : +33(0)3 20.34.87.44<br \/><\/span><a style=\"font-size: 18px; background-color: #ffffff;\" href=\"mailto:sequem@sequem.fr\">sequem@sequem.fr<\/a><br \/><a style=\"font-size: 18px; background-color: #ffffff;\" href=\"http:\/\/www.sequem.fr\/\" target=\"_blank\" rel=\"noopener\">www.sequem.fr<\/a><\/p>\t\t\t\t\t\t\t\t<\/div>\n\t\t\t\t<\/div>\n\t\t\t\t<div class=\"elementor-element elementor-element-43c1ea0 elementor-widget-divider--view-line elementor-widget elementor-widget-divider\" data-id=\"43c1ea0\" data-element_type=\"widget\" data-widget_type=\"divider.default\">\n\t\t\t\t<div class=\"elementor-widget-container\">\n\t\t\t\t\t\t\t<div class=\"elementor-divider\">\n\t\t\t<span class=\"elementor-divider-separator\">\n\t\t\t\t\t\t<\/span>\n\t\t<\/div>\n\t\t\t\t\t\t<\/div>\n\t\t\t\t<\/div>\n\t\t\t\t<div class=\"elementor-element elementor-element-8873948 elementor-widget elementor-widget-text-editor\" data-id=\"8873948\" data-element_type=\"widget\" data-widget_type=\"text-editor.default\">\n\t\t\t\t<div class=\"elementor-widget-container\">\n\t\t\t\t\t\t\t\t\t<h2>Am\u00e9rique du Nord et du Sud<\/h2><h2>\u00a0<\/h2><h3>Br\u00e9sil \/ Brazil<\/h3><p><b>Challenge<br \/>Servi\u00e7os e Representa\u00e7\u00f5es Ltda.<\/b><br \/>Avenida Paulista, 37 4\u00ba andar, <b><br \/><\/b>S\u00e3o Paulo Cep-01311-902 <br \/>Br\u00e9sil<br \/>Bureau : +55 11 2246-2740<br \/>Cel BR +55 11 98165-0295 Carlos Lima<br \/>Cel BR +55 11 95678-7522 Jose Amiguinho<br \/><a href=\"mailto:info@challenge.srv.br\">info@challenge.srv.br<\/a><br \/><a href=\"http:\/\/www.challenge.srv.br\/\" target=\"_blank\" rel=\"noopener\">www.challenge.srv.br<\/a><\/p><h3>\u00c9TATS-UNIS<\/h3><p><span lang=\"EN-US\"><b>Syst\u00e8mes de machines \u00e0 fil<br \/><\/b><\/span><span style=\"font-size: 18px;\">6032 Highview Dr<br \/><\/span><span style=\"font-size: 18px;\">Fort Wayne, IN 46818,\u00a0<\/span><span style=\"font-size: 18px;\">\u00c9TATS-UNIS<br \/><\/span><span style=\"font-size: 18px;\">Jay Griffith<br \/><\/span><span style=\"font-size: 18px; font-style: normal; font-weight: 400;\">T\u00e9l :<\/span><span style=\"font-size: 18px;\">\u00a0(260) 483-9269<br \/><\/span><span style=\"font-size: 18px;\">Portable : (260) 403-0634<br \/><\/span><a style=\"font-size: 18px; background-color: #ffffff;\" href=\"mailto:jay.griffith@wire-machine.com\">jay.griffith@wire-machine.com<\/a><br \/><a style=\"font-size: 18px; background-color: #ffffff;\" href=\"http:\/\/www.wire-machine.com\/\" target=\"_blank\" rel=\"noopener\">www.wire-machine.com<\/a><\/p><h3>Canada<\/h3><p><strong><span lang=\"EN-US\">Syst\u00e8mes de machines \u00e0 fil<br \/><\/span><\/strong><span lang=\"EN-GB\">6032 Highview Dr<br \/><\/span><span lang=\"EN-GB\">Fort Wayne, IN 46818, <\/span><span lang=\"EN-GB\">\u00c9TATS-UNIS<br \/><\/span><span style=\"font-size: 18px;\">Jay Griffith<br \/><\/span><span style=\"font-size: 18px; font-style: normal; font-weight: 400;\">T\u00e9l :<\/span><span style=\"font-size: 18px;\">\u00a0(260) 483-9269<br \/><\/span><span style=\"font-size: 18px;\">Portable : (260) 403-0634<br \/><\/span><a style=\"font-size: 18px; background-color: #ffffff;\" href=\"mailto:jay.griffith@wire-machine.com\">jay.griffith@wire-machine.com<\/a><br \/><a style=\"font-size: 18px; background-color: #ffffff;\" href=\"http:\/\/www.wire-machine.com\/\" target=\"_blank\" rel=\"noopener\">www.wire-machine.com<\/a><\/p><h3>M\u00e9xico<\/h3><p><strong>AGS International<br \/><\/strong>Antonio Garza S.<br \/>H\u00e9ctor 2549, Col. Cumbres<br \/>Monterrey, NL<br \/>64610 Mexique<br \/>T\u00e9l. : +52 81 8040 3932<br \/><a href=\"mailto:ags@agsint.com.mx\">ags@agsint.com.mx<\/a><br \/><a href=\"http:\/\/agsint.com.mx\/\" target=\"_blank\" rel=\"noopener\">agsint.com.mx<\/a><\/p>\t\t\t\t\t\t\t\t<\/div>\n\t\t\t\t<\/div>\n\t\t\t\t<div class=\"elementor-element elementor-element-f18b337 elementor-widget-divider--view-line elementor-widget elementor-widget-divider\" data-id=\"f18b337\" data-element_type=\"widget\" data-widget_type=\"divider.default\">\n\t\t\t\t<div class=\"elementor-widget-container\">\n\t\t\t\t\t\t\t<div class=\"elementor-divider\">\n\t\t\t<span class=\"elementor-divider-separator\">\n\t\t\t\t\t\t<\/span>\n\t\t<\/div>\n\t\t\t\t\t\t<\/div>\n\t\t\t\t<\/div>\n\t\t\t\t\t<\/div>\n\t\t<\/div>\n\t\t\t\t\t<\/div>\n\t\t<\/section>\n\t\t\t\t<\/div>","protected":false},"excerpt":{"rendered":"<p>Worldwide agencies Notre r\u00e9seau de partenaires intercontinental. Europe France SEQUEM - Services et Equipements Industriels s.a.s.11bis, Rue Pierre et Marie Curie59260 LEZENNES, FranceTel : +33(0)3 28.80.55.60Fax : +33(0)3 20.34.87.44sequem@sequem.frwww.sequem.fr Belgique \/ Belgium SEQUEM - Services et Equipements Industriels s.a.s.11bis, Rue Pierre et Marie Curie59260 LEZENNES, FranceT\u00e9l\u00e9phone : +33(0)3 28.80.55.60Fax : +33(0)3 20.34.87.44sequem@sequem.frwww.sequem.fr L\u00ebtzebuerg \/ Luxembourg SEQUEM - Services et Equipements Industriels [...]<\/p>","protected":false},"author":1,"featured_media":0,"parent":0,"menu_order":0,"comment_status":"closed","ping_status":"closed","template":"elementor_header_footer","meta":{"footnotes":""},"class_list":["post-436","page","type-page","status-publish","hentry"],"_links":{"self":[{"href":"https:\/\/ejpwire.com\/fr\/wp-json\/wp\/v2\/pages\/436","targetHints":{"allow":["GET"]}}],"collection":[{"href":"https:\/\/ejpwire.com\/fr\/wp-json\/wp\/v2\/pages"}],"about":[{"href":"https:\/\/ejpwire.com\/fr\/wp-json\/wp\/v2\/types\/page"}],"author":[{"embeddable":true,"href":"https:\/\/ejpwire.com\/fr\/wp-json\/wp\/v2\/users\/1"}],"replies":[{"embeddable":true,"href":"https:\/\/ejpwire.com\/fr\/wp-json\/wp\/v2\/comments?post=436"}],"version-history":[{"count":44,"href":"https:\/\/ejpwire.com\/fr\/wp-json\/wp\/v2\/pages\/436\/revisions"}],"predecessor-version":[{"id":975,"href":"https:\/\/ejpwire.com\/fr\/wp-json\/wp\/v2\/pages\/436\/revisions\/975"}],"wp:attachment":[{"href":"https:\/\/ejpwire.com\/fr\/wp-json\/wp\/v2\/media?parent=436"}],"curies":[{"name":"wp","href":"https:\/\/api.w.org\/{rel}","templated":true}]}}