{"id":422,"date":"2020-05-29T06:28:23","date_gmt":"2020-05-29T06:28:23","guid":{"rendered":"https:\/\/ejpwitec.com\/?page_id=422"},"modified":"2023-01-05T21:06:29","modified_gmt":"2023-01-05T21:06:29","slug":"your-contact-person","status":"publish","type":"page","link":"https:\/\/ejpwire.com\/fr\/your-contact-person","title":{"rendered":"Votre personne de contact"},"content":{"rendered":"<div data-elementor-type=\"wp-page\" data-elementor-id=\"422\" class=\"elementor elementor-422\" data-elementor-post-type=\"page\">\n\t\t\t\t\t\t<section class=\"elementor-section elementor-top-section elementor-element elementor-element-6f36bb4 elementor-section-boxed elementor-section-height-default elementor-section-height-default\" data-id=\"6f36bb4\" data-element_type=\"section\">\n\t\t\t\t\t\t<div class=\"elementor-container elementor-column-gap-default\">\n\t\t\t\t\t<div class=\"elementor-column elementor-col-50 elementor-top-column elementor-element elementor-element-9c73c33\" data-id=\"9c73c33\" data-element_type=\"column\">\n\t\t\t<div class=\"elementor-widget-wrap elementor-element-populated\">\n\t\t\t\t\t\t<div class=\"elementor-element elementor-element-4e0fc76 elementor-widget elementor-widget-spacer\" data-id=\"4e0fc76\" data-element_type=\"widget\" data-widget_type=\"spacer.default\">\n\t\t\t\t<div class=\"elementor-widget-container\">\n\t\t\t\t\t\t\t<div class=\"elementor-spacer\">\n\t\t\t<div class=\"elementor-spacer-inner\"><\/div>\n\t\t<\/div>\n\t\t\t\t\t\t<\/div>\n\t\t\t\t<\/div>\n\t\t\t\t<div class=\"elementor-element elementor-element-dca1286 elementor-widget elementor-widget-text-editor\" data-id=\"dca1286\" data-element_type=\"widget\" data-widget_type=\"text-editor.default\">\n\t\t\t\t<div class=\"elementor-widget-container\">\n\t\t\t\t\t\t\t\t\t<h1 class=\"p1\"><span style=\"color: #ff0000;\">Votre personne de contact<\/span><\/h1>\t\t\t\t\t\t\t\t<\/div>\n\t\t\t\t<\/div>\n\t\t\t\t\t<\/div>\n\t\t<\/div>\n\t\t\t\t<div class=\"elementor-column elementor-col-50 elementor-top-column elementor-element elementor-element-04a72fe\" data-id=\"04a72fe\" data-element_type=\"column\">\n\t\t\t<div class=\"elementor-widget-wrap\">\n\t\t\t\t\t\t\t<\/div>\n\t\t<\/div>\n\t\t\t\t\t<\/div>\n\t\t<\/section>\n\t\t\t\t<section class=\"elementor-section elementor-top-section elementor-element elementor-element-000c768 elementor-section-boxed elementor-section-height-default elementor-section-height-default\" data-id=\"000c768\" data-element_type=\"section\">\n\t\t\t\t\t\t<div class=\"elementor-container elementor-column-gap-default\">\n\t\t\t\t\t<div class=\"elementor-column elementor-col-33 elementor-top-column elementor-element elementor-element-426a5f3\" data-id=\"426a5f3\" data-element_type=\"column\">\n\t\t\t<div class=\"elementor-widget-wrap elementor-element-populated\">\n\t\t\t\t\t\t<div class=\"elementor-element elementor-element-78a4807 elementor-widget elementor-widget-image\" data-id=\"78a4807\" data-element_type=\"widget\" data-widget_type=\"image.default\">\n\t\t\t\t<div class=\"elementor-widget-container\">\n\t\t\t\t\t\t\t\t\t\t\t\t\t\t\t<img fetchpriority=\"high\" decoding=\"async\" width=\"768\" height=\"512\" src=\"https:\/\/ejpwire.com\/wp-content\/uploads\/2020\/05\/ejp-wire-technology-lothar-koeppen-768x512.jpg\" class=\"attachment-medium_large size-medium_large wp-image-307\" alt=\"ejp-witec-wire-draht-machine-team\" srcset=\"https:\/\/ejpwire.com\/wp-content\/uploads\/2020\/05\/ejp-wire-technology-lothar-koeppen-768x512.jpg 768w, https:\/\/ejpwire.com\/wp-content\/uploads\/2020\/05\/ejp-wire-technology-lothar-koeppen-300x200.jpg 300w, https:\/\/ejpwire.com\/wp-content\/uploads\/2020\/05\/ejp-wire-technology-lothar-koeppen.jpg 1000w\" sizes=\"(max-width: 768px) 100vw, 768px\" \/>\t\t\t\t\t\t\t\t\t\t\t\t\t\t\t<\/div>\n\t\t\t\t<\/div>\n\t\t\t\t<div class=\"elementor-element elementor-element-c41c91f elementor-widget elementor-widget-text-editor\" data-id=\"c41c91f\" data-element_type=\"widget\" data-widget_type=\"text-editor.default\">\n\t\t\t\t<div class=\"elementor-widget-container\">\n\t\t\t\t\t\t\t\t\t<p class=\"p1\"><strong><span class=\"s1\">Lothar K\u00f6ppen <br \/><\/span><\/strong><em>Ing\u00e9nieur dipl\u00f4m\u00e9, \u00e9conomiste dipl\u00f4m\u00e9. Ing.<\/em><strong><br \/><\/strong>Directeur g\u00e9n\u00e9ral<\/p><p class=\"p1\">+49 (0)2304 338 96-18<br \/>l.koeppen(at)ejpwire.com<\/p>\t\t\t\t\t\t\t\t<\/div>\n\t\t\t\t<\/div>\n\t\t\t\t\t<\/div>\n\t\t<\/div>\n\t\t\t\t<div class=\"elementor-column elementor-col-33 elementor-top-column elementor-element elementor-element-672dbfb\" data-id=\"672dbfb\" data-element_type=\"column\">\n\t\t\t<div class=\"elementor-widget-wrap elementor-element-populated\">\n\t\t\t\t\t\t<div class=\"elementor-element elementor-element-754f946 elementor-widget elementor-widget-image\" data-id=\"754f946\" data-element_type=\"widget\" data-widget_type=\"image.default\">\n\t\t\t\t<div class=\"elementor-widget-container\">\n\t\t\t\t\t\t\t\t\t\t\t\t\t\t\t<img decoding=\"async\" width=\"768\" height=\"512\" src=\"https:\/\/ejpwire.com\/wp-content\/uploads\/2020\/05\/ejp-wire-technology-breiser-768x512.jpg\" class=\"attachment-medium_large size-medium_large wp-image-305\" alt=\"ejp-witec-wire-draht-machine-team\" srcset=\"https:\/\/ejpwire.com\/wp-content\/uploads\/2020\/05\/ejp-wire-technology-breiser-768x512.jpg 768w, https:\/\/ejpwire.com\/wp-content\/uploads\/2020\/05\/ejp-wire-technology-breiser-300x200.jpg 300w, https:\/\/ejpwire.com\/wp-content\/uploads\/2020\/05\/ejp-wire-technology-breiser.jpg 1000w\" sizes=\"(max-width: 768px) 100vw, 768px\" \/>\t\t\t\t\t\t\t\t\t\t\t\t\t\t\t<\/div>\n\t\t\t\t<\/div>\n\t\t\t\t<div class=\"elementor-element elementor-element-09dd83c elementor-widget elementor-widget-text-editor\" data-id=\"09dd83c\" data-element_type=\"widget\" data-widget_type=\"text-editor.default\">\n\t\t\t\t<div class=\"elementor-widget-container\">\n\t\t\t\t\t\t\t\t\t<p><strong>Ulrike Breiser<\/strong><br \/>Ventes<\/p><p class=\"p1\">+49 (0)2304 338 96-11<br \/>u.breiser(at)ejpwire.com<\/p>\t\t\t\t\t\t\t\t<\/div>\n\t\t\t\t<\/div>\n\t\t\t\t\t<\/div>\n\t\t<\/div>\n\t\t\t\t<div class=\"elementor-column elementor-col-33 elementor-top-column elementor-element elementor-element-f0192be\" data-id=\"f0192be\" data-element_type=\"column\">\n\t\t\t<div class=\"elementor-widget-wrap\">\n\t\t\t\t\t\t\t<\/div>\n\t\t<\/div>\n\t\t\t\t\t<\/div>\n\t\t<\/section>\n\t\t\t\t<section class=\"elementor-section elementor-top-section elementor-element elementor-element-5dcf7c1 elementor-section-boxed elementor-section-height-default elementor-section-height-default\" data-id=\"5dcf7c1\" data-element_type=\"section\">\n\t\t\t\t\t\t<div class=\"elementor-container elementor-column-gap-default\">\n\t\t\t\t\t<div class=\"elementor-column elementor-col-33 elementor-top-column elementor-element elementor-element-ff871ff\" data-id=\"ff871ff\" data-element_type=\"column\">\n\t\t\t<div class=\"elementor-widget-wrap elementor-element-populated\">\n\t\t\t\t\t\t<div class=\"elementor-element elementor-element-27d38a5 elementor-widget elementor-widget-image\" data-id=\"27d38a5\" data-element_type=\"widget\" data-widget_type=\"image.default\">\n\t\t\t\t<div class=\"elementor-widget-container\">\n\t\t\t\t\t\t\t\t\t\t\t\t\t\t\t<img decoding=\"async\" width=\"800\" height=\"534\" src=\"https:\/\/ejpwire.com\/wp-content\/uploads\/2020\/05\/ejp-wire-technology-lothar-grobortz.jpg\" class=\"attachment-large size-large wp-image-306\" alt=\"ejp-witec-wire-draht-machine-team\" srcset=\"https:\/\/ejpwire.com\/wp-content\/uploads\/2020\/05\/ejp-wire-technology-lothar-grobortz.jpg 1000w, https:\/\/ejpwire.com\/wp-content\/uploads\/2020\/05\/ejp-wire-technology-lothar-grobortz-300x200.jpg 300w, https:\/\/ejpwire.com\/wp-content\/uploads\/2020\/05\/ejp-wire-technology-lothar-grobortz-768x512.jpg 768w\" sizes=\"(max-width: 800px) 100vw, 800px\" \/>\t\t\t\t\t\t\t\t\t\t\t\t\t\t\t<\/div>\n\t\t\t\t<\/div>\n\t\t\t\t<div class=\"elementor-element elementor-element-849e472 elementor-widget elementor-widget-text-editor\" data-id=\"849e472\" data-element_type=\"widget\" data-widget_type=\"text-editor.default\">\n\t\t\t\t<div class=\"elementor-widget-container\">\n\t\t\t\t\t\t\t\t\t<p><strong>Christoph Groborz<\/strong><br \/><em>Ing\u00e9nieur de service\u00a0<\/em><br \/>Service \/ Apr\u00e8s-vente<\/p><p class=\"p1\">+49 (0)2304 338 96-15<br \/>c.groborz(at)ejpwire.com<\/p>\t\t\t\t\t\t\t\t<\/div>\n\t\t\t\t<\/div>\n\t\t\t\t\t<\/div>\n\t\t<\/div>\n\t\t\t\t<div class=\"elementor-column elementor-col-33 elementor-top-column elementor-element elementor-element-f535632\" data-id=\"f535632\" data-element_type=\"column\">\n\t\t\t<div class=\"elementor-widget-wrap elementor-element-populated\">\n\t\t\t\t\t\t<div class=\"elementor-element elementor-element-ed88e9e elementor-widget elementor-widget-image\" data-id=\"ed88e9e\" data-element_type=\"widget\" data-widget_type=\"image.default\">\n\t\t\t\t<div class=\"elementor-widget-container\">\n\t\t\t\t\t\t\t\t\t\t\t\t\t\t\t<img loading=\"lazy\" decoding=\"async\" width=\"768\" height=\"512\" src=\"https:\/\/ejpwire.com\/wp-content\/uploads\/2020\/05\/ejp-wire-technology-vankleev-768x512.jpg\" class=\"attachment-medium_large size-medium_large wp-image-308\" alt=\"ejp-witec-wire-draht-machine-team\" srcset=\"https:\/\/ejpwire.com\/wp-content\/uploads\/2020\/05\/ejp-wire-technology-vankleev-768x512.jpg 768w, https:\/\/ejpwire.com\/wp-content\/uploads\/2020\/05\/ejp-wire-technology-vankleev-300x200.jpg 300w, https:\/\/ejpwire.com\/wp-content\/uploads\/2020\/05\/ejp-wire-technology-vankleev.jpg 1000w\" sizes=\"(max-width: 768px) 100vw, 768px\" \/>\t\t\t\t\t\t\t\t\t\t\t\t\t\t\t<\/div>\n\t\t\t\t<\/div>\n\t\t\t\t<div class=\"elementor-element elementor-element-03e7a38 elementor-widget elementor-widget-text-editor\" data-id=\"03e7a38\" data-element_type=\"widget\" data-widget_type=\"text-editor.default\">\n\t\t\t\t<div class=\"elementor-widget-container\">\n\t\t\t\t\t\t\t\t\t<p><strong>Christopher van Klev<\/strong> <br><em>Cert. Ing\u00e9nieur<br><\/em>Sales Spareparts<\/p>\n<p class=\"p1\">+49 (0)2304 338 96-12<br>c.vanklev(at)ejpwire.com<\/p>\t\t\t\t\t\t\t\t<\/div>\n\t\t\t\t<\/div>\n\t\t\t\t\t<\/div>\n\t\t<\/div>\n\t\t\t\t<div class=\"elementor-column elementor-col-33 elementor-top-column elementor-element elementor-element-0a75cb7\" data-id=\"0a75cb7\" data-element_type=\"column\">\n\t\t\t<div class=\"elementor-widget-wrap\">\n\t\t\t\t\t\t\t<\/div>\n\t\t<\/div>\n\t\t\t\t\t<\/div>\n\t\t<\/section>\n\t\t\t\t<\/div>","protected":false},"excerpt":{"rendered":"<p>Your contact person Lothar K\u00f6ppen Dipl. Managing Director +49 (0)2304 338 96-18l.koeppen(at)ejpwire.com Ulrike BreiserSales +49 (0)2304 338 96-11u.breiser(at)ejpwire.com Christoph GroborzService Engineer Service \/ After-Sales +49 (0)2304 338 96-15c.groborz(at)ejpwire.com Christopher van Klev Cert. EngineerSales Spareparts +49 (0)2304 338 96-12c.vanklev(at)ejpwire.com<\/p>","protected":false},"author":1,"featured_media":0,"parent":0,"menu_order":0,"comment_status":"closed","ping_status":"closed","template":"elementor_header_footer","meta":{"footnotes":""},"class_list":["post-422","page","type-page","status-publish","hentry"],"_links":{"self":[{"href":"https:\/\/ejpwire.com\/fr\/wp-json\/wp\/v2\/pages\/422","targetHints":{"allow":["GET"]}}],"collection":[{"href":"https:\/\/ejpwire.com\/fr\/wp-json\/wp\/v2\/pages"}],"about":[{"href":"https:\/\/ejpwire.com\/fr\/wp-json\/wp\/v2\/types\/page"}],"author":[{"embeddable":true,"href":"https:\/\/ejpwire.com\/fr\/wp-json\/wp\/v2\/users\/1"}],"replies":[{"embeddable":true,"href":"https:\/\/ejpwire.com\/fr\/wp-json\/wp\/v2\/comments?post=422"}],"version-history":[{"count":16,"href":"https:\/\/ejpwire.com\/fr\/wp-json\/wp\/v2\/pages\/422\/revisions"}],"predecessor-version":[{"id":1037,"href":"https:\/\/ejpwire.com\/fr\/wp-json\/wp\/v2\/pages\/422\/revisions\/1037"}],"wp:attachment":[{"href":"https:\/\/ejpwire.com\/fr\/wp-json\/wp\/v2\/media?parent=422"}],"curies":[{"name":"wp","href":"https:\/\/api.w.org\/{rel}","templated":true}]}}