{"id":403,"date":"2020-05-29T06:04:47","date_gmt":"2020-05-29T06:04:47","guid":{"rendered":"https:\/\/ejpwitec.com\/?page_id=403"},"modified":"2021-06-15T12:42:01","modified_gmt":"2021-06-15T12:42:01","slug":"wire-machinery","status":"publish","type":"page","link":"https:\/\/ejpwire.com\/fr\/wire-machinery","title":{"rendered":"EJP WiTEC machines \u00e0 fils"},"content":{"rendered":"<div data-elementor-type=\"wp-page\" data-elementor-id=\"403\" class=\"elementor elementor-403\" data-elementor-post-type=\"page\">\n\t\t\t\t\t\t<section class=\"elementor-section elementor-top-section elementor-element elementor-element-6271a31d elementor-section-content-middle elementor-section-stretched elementor-section-boxed elementor-section-height-default elementor-section-height-default\" data-id=\"6271a31d\" data-element_type=\"section\" data-settings=\"{&quot;stretch_section&quot;:&quot;section-stretched&quot;,&quot;background_background&quot;:&quot;gradient&quot;}\">\n\t\t\t\t\t\t<div class=\"elementor-container elementor-column-gap-no\">\n\t\t\t\t\t<div class=\"elementor-column elementor-col-50 elementor-top-column elementor-element elementor-element-53ab8d73\" data-id=\"53ab8d73\" data-element_type=\"column\">\n\t\t\t<div class=\"elementor-widget-wrap elementor-element-populated\">\n\t\t\t\t\t\t<div class=\"elementor-element elementor-element-e568df0 elementor-hidden-phone elementor-widget elementor-widget-spacer\" data-id=\"e568df0\" data-element_type=\"widget\" data-widget_type=\"spacer.default\">\n\t\t\t\t<div class=\"elementor-widget-container\">\n\t\t\t\t\t\t\t<div class=\"elementor-spacer\">\n\t\t\t<div class=\"elementor-spacer-inner\"><\/div>\n\t\t<\/div>\n\t\t\t\t\t\t<\/div>\n\t\t\t\t<\/div>\n\t\t\t\t<div class=\"elementor-element elementor-element-448ea89f elementor-hidden-phone elementor-widget elementor-widget-heading\" data-id=\"448ea89f\" data-element_type=\"widget\" data-widget_type=\"heading.default\">\n\t\t\t\t<div class=\"elementor-widget-container\">\n\t\t\t\t\t<h1 class=\"elementor-heading-title elementor-size-default\">Farther\nsur fil<\/h1>\t\t\t\t<\/div>\n\t\t\t\t<\/div>\n\t\t\t\t<div class=\"elementor-element elementor-element-b0a1940 elementor-align-justify elementor-widget elementor-widget-button\" data-id=\"b0a1940\" data-element_type=\"widget\" data-widget_type=\"button.default\">\n\t\t\t\t<div class=\"elementor-widget-container\">\n\t\t\t\t\t\t\t\t\t<div class=\"elementor-button-wrapper\">\n\t\t\t\t\t<a class=\"elementor-button elementor-button-link elementor-size-lg\" href=\"https:\/\/ejpwire.com\/wp-content\/uploads\/2021\/02\/EJP_Company_news.pdf\" target=\"_blank\">\n\t\t\t\t\t\t<span class=\"elementor-button-content-wrapper\">\n\t\t\t\t\t\t\t\t\t<span class=\"elementor-button-text\"> Annonce actuelle<\/span>\n\t\t\t\t\t<\/span>\n\t\t\t\t\t<\/a>\n\t\t\t\t<\/div>\n\t\t\t\t\t\t\t\t<\/div>\n\t\t\t\t<\/div>\n\t\t\t\t<div class=\"elementor-element elementor-element-2ce6cb8 elementor-hidden-phone elementor-widget elementor-widget-spacer\" data-id=\"2ce6cb8\" data-element_type=\"widget\" data-widget_type=\"spacer.default\">\n\t\t\t\t<div class=\"elementor-widget-container\">\n\t\t\t\t\t\t\t<div class=\"elementor-spacer\">\n\t\t\t<div class=\"elementor-spacer-inner\"><\/div>\n\t\t<\/div>\n\t\t\t\t\t\t<\/div>\n\t\t\t\t<\/div>\n\t\t\t\t<div class=\"elementor-element elementor-element-170cfa1 elementor-widget elementor-widget-image\" data-id=\"170cfa1\" data-element_type=\"widget\" data-widget_type=\"image.default\">\n\t\t\t\t<div class=\"elementor-widget-container\">\n\t\t\t\t\t\t\t\t\t\t\t\t\t\t\t<img fetchpriority=\"high\" decoding=\"async\" width=\"800\" height=\"515\" src=\"https:\/\/ejpwire.com\/wp-content\/uploads\/2020\/10\/ejp-wire-technologies-manager-1-1024x659.jpg\" class=\"attachment-large size-large wp-image-793\" alt=\"Directeur d&#039;EJP Wire Technologies\" srcset=\"https:\/\/ejpwire.com\/wp-content\/uploads\/2020\/10\/ejp-wire-technologies-manager-1-1024x659.jpg 1024w, https:\/\/ejpwire.com\/wp-content\/uploads\/2020\/10\/ejp-wire-technologies-manager-1-300x193.jpg 300w, https:\/\/ejpwire.com\/wp-content\/uploads\/2020\/10\/ejp-wire-technologies-manager-1-768x494.jpg 768w, https:\/\/ejpwire.com\/wp-content\/uploads\/2020\/10\/ejp-wire-technologies-manager-1.jpg 1200w\" sizes=\"(max-width: 800px) 100vw, 800px\" \/>\t\t\t\t\t\t\t\t\t\t\t\t\t\t\t<\/div>\n\t\t\t\t<\/div>\n\t\t\t\t<div class=\"elementor-element elementor-element-b8cd176 elementor-hidden-phone elementor-widget elementor-widget-spacer\" data-id=\"b8cd176\" data-element_type=\"widget\" data-widget_type=\"spacer.default\">\n\t\t\t\t<div class=\"elementor-widget-container\">\n\t\t\t\t\t\t\t<div class=\"elementor-spacer\">\n\t\t\t<div class=\"elementor-spacer-inner\"><\/div>\n\t\t<\/div>\n\t\t\t\t\t\t<\/div>\n\t\t\t\t<\/div>\n\t\t\t\t<div class=\"elementor-element elementor-element-29438bd elementor-widget elementor-widget-image-carousel\" data-id=\"29438bd\" data-element_type=\"widget\" data-settings=\"{&quot;slides_to_show&quot;:&quot;1&quot;,&quot;navigation&quot;:&quot;none&quot;,&quot;autoplay_speed&quot;:7000,&quot;effect&quot;:&quot;fade&quot;,&quot;speed&quot;:1000,&quot;pause_on_hover&quot;:&quot;no&quot;,&quot;pause_on_interaction&quot;:&quot;no&quot;,&quot;autoplay&quot;:&quot;yes&quot;,&quot;infinite&quot;:&quot;yes&quot;}\" data-widget_type=\"image-carousel.default\">\n\t\t\t\t<div class=\"elementor-widget-container\">\n\t\t\t\t\t\t\t<div class=\"elementor-image-carousel-wrapper swiper\" role=\"region\" aria-roledescription=\"carousel\" aria-label=\"Image Carousel\" dir=\"ltr\">\n\t\t\t<div class=\"elementor-image-carousel swiper-wrapper\" aria-live=\"off\">\n\t\t\t\t\t\t\t\t<div class=\"swiper-slide\" role=\"group\" aria-roledescription=\"slide\" aria-label=\"1 de 2\" data-no-translation-aria-label=\"\"><figure class=\"swiper-slide-inner\"><img decoding=\"async\" class=\"swiper-slide-image\" src=\"https:\/\/ejpwire.com\/wp-content\/uploads\/2020\/05\/ejp-wire-technology-fertigung-768x512.jpg\" alt=\"fabrication ejp-wire-technology\" \/><\/figure><\/div><div class=\"swiper-slide\" role=\"group\" aria-roledescription=\"slide\" aria-label=\"2 de 2\" data-no-translation-aria-label=\"\"><figure class=\"swiper-slide-inner\"><img decoding=\"async\" class=\"swiper-slide-image\" src=\"https:\/\/ejpwire.com\/wp-content\/uploads\/2020\/05\/ejp-wire-technology-fertigung-3-768x512.jpg\" alt=\"ejp-wire-technology-fabrication-3\" \/><\/figure><\/div>\t\t\t<\/div>\n\t\t\t\t\t\t\t\n\t\t\t\t\t\t\t\t\t<\/div>\n\t\t\t\t\t\t<\/div>\n\t\t\t\t<\/div>\n\t\t\t\t\t<\/div>\n\t\t<\/div>\n\t\t\t\t<div class=\"elementor-column elementor-col-50 elementor-top-column elementor-element elementor-element-70ece332\" data-id=\"70ece332\" data-element_type=\"column\">\n\t\t\t<div class=\"elementor-widget-wrap elementor-element-populated\">\n\t\t\t\t\t\t<div class=\"elementor-element elementor-element-99550e1 elementor-widget elementor-widget-image-carousel\" data-id=\"99550e1\" data-element_type=\"widget\" data-settings=\"{&quot;slides_to_show&quot;:&quot;1&quot;,&quot;navigation&quot;:&quot;none&quot;,&quot;autoplay_speed&quot;:9000,&quot;effect&quot;:&quot;fade&quot;,&quot;speed&quot;:1000,&quot;pause_on_hover&quot;:&quot;no&quot;,&quot;pause_on_interaction&quot;:&quot;no&quot;,&quot;autoplay&quot;:&quot;yes&quot;,&quot;infinite&quot;:&quot;yes&quot;}\" data-widget_type=\"image-carousel.default\">\n\t\t\t\t<div class=\"elementor-widget-container\">\n\t\t\t\t\t\t\t<div class=\"elementor-image-carousel-wrapper swiper\" role=\"region\" aria-roledescription=\"carousel\" aria-label=\"Image Carousel\" dir=\"ltr\">\n\t\t\t<div class=\"elementor-image-carousel swiper-wrapper\" aria-live=\"off\">\n\t\t\t\t\t\t\t\t<div class=\"swiper-slide\" role=\"group\" aria-roledescription=\"slide\" aria-label=\"1 de 4\" data-no-translation-aria-label=\"\"><figure class=\"swiper-slide-inner\"><img decoding=\"async\" class=\"swiper-slide-image\" src=\"https:\/\/ejpwire.com\/wp-content\/uploads\/2020\/07\/ejp-wire-technology-full-line-768x546.jpg\" alt=\"EJP WiTEC Ligne de fil de fer compl\u00e8te\" \/><\/figure><\/div><div class=\"swiper-slide\" role=\"group\" aria-roledescription=\"slide\" aria-label=\"2 de 4\" data-no-translation-aria-label=\"\"><figure class=\"swiper-slide-inner\"><img decoding=\"async\" class=\"swiper-slide-image\" src=\"https:\/\/ejpwire.com\/wp-content\/uploads\/2020\/05\/ejp-wire-technology-planung-cad-768x512.jpg\" alt=\"ejp-wire-technology-planification-cad\" \/><\/figure><\/div><div class=\"swiper-slide\" role=\"group\" aria-roledescription=\"slide\" aria-label=\"3 de 4\" data-no-translation-aria-label=\"\"><figure class=\"swiper-slide-inner\"><img decoding=\"async\" class=\"swiper-slide-image\" src=\"https:\/\/ejpwire.com\/wp-content\/uploads\/2020\/05\/ejp-wire-technology-fertigung-2-768x512.jpg\" alt=\"ejp-wire-technology-fertigung-2\" \/><\/figure><\/div><div class=\"swiper-slide\" role=\"group\" aria-roledescription=\"slide\" aria-label=\"4 de 4\" data-no-translation-aria-label=\"\"><figure class=\"swiper-slide-inner\"><img decoding=\"async\" class=\"swiper-slide-image\" src=\"https:\/\/ejpwire.com\/wp-content\/uploads\/2020\/09\/ejp-wire-technologies-quality-1024x683-768x512.jpg\" alt=\"Technologie EJP WIRE\" \/><\/figure><\/div>\t\t\t<\/div>\n\t\t\t\t\t\t\t\n\t\t\t\t\t\t\t\t\t<\/div>\n\t\t\t\t\t\t<\/div>\n\t\t\t\t<\/div>\n\t\t\t\t<div class=\"elementor-element elementor-element-58a55b8 elementor-hidden-phone elementor-widget elementor-widget-spacer\" data-id=\"58a55b8\" data-element_type=\"widget\" data-widget_type=\"spacer.default\">\n\t\t\t\t<div class=\"elementor-widget-container\">\n\t\t\t\t\t\t\t<div class=\"elementor-spacer\">\n\t\t\t<div class=\"elementor-spacer-inner\"><\/div>\n\t\t<\/div>\n\t\t\t\t\t\t<\/div>\n\t\t\t\t<\/div>\n\t\t\t\t<div class=\"elementor-element elementor-element-59416741 elementor-widget elementor-widget-text-editor\" data-id=\"59416741\" data-element_type=\"widget\" data-widget_type=\"text-editor.default\">\n\t\t\t\t<div class=\"elementor-widget-container\">\n\t\t\t\t\t\t\t\t\t<p><span style=\"color: #000000;\"><strong>Technologie EJP WIRE <\/strong>est une nouvelle soci\u00e9t\u00e9, fond\u00e9e en f\u00e9vrier 2020, avec les actionnaires EJP Maschinen GmbH (www.ejpmachines.com) et M. Dipl. Ing. Lothar Koeppen. L'\u00e9quipe d'EJP WIRE Technology se compose exclusivement d'ing\u00e9nieurs, de concepteurs, de techniciens et de monteurs exp\u00e9riment\u00e9s, qui ont travaill\u00e9 dans la construction de machines \u00e0 fil pendant de nombreuses ann\u00e9es. <\/span><\/p>\t\t\t\t\t\t\t\t<\/div>\n\t\t\t\t<\/div>\n\t\t\t\t<div class=\"elementor-element elementor-element-b989a1c elementor-align-left elementor-widget elementor-widget-button\" data-id=\"b989a1c\" data-element_type=\"widget\" data-widget_type=\"button.default\">\n\t\t\t\t<div class=\"elementor-widget-container\">\n\t\t\t\t\t\t\t\t\t<div class=\"elementor-button-wrapper\">\n\t\t\t\t\t<a class=\"elementor-button elementor-button-link elementor-size-lg\" href=\"https:\/\/ejpwire.com\/en\/wire-machinery\">\n\t\t\t\t\t\t<span class=\"elementor-button-content-wrapper\">\n\t\t\t\t\t\t\t\t\t<span class=\"elementor-button-text\">En savoir plus sur nous<\/span>\n\t\t\t\t\t<\/span>\n\t\t\t\t\t<\/a>\n\t\t\t\t<\/div>\n\t\t\t\t\t\t\t\t<\/div>\n\t\t\t\t<\/div>\n\t\t\t\t\t<\/div>\n\t\t<\/div>\n\t\t\t\t\t<\/div>\n\t\t<\/section>\n\t\t\t\t<\/div>","protected":false},"excerpt":{"rendered":"<p>Farther on wire Current announcement EJP WIRE Technology est une nouvelle soci\u00e9t\u00e9, fond\u00e9e en f\u00e9vrier 2020, avec les actionnaires EJP Maschinen GmbH (www.ejpmachines.com) et M. Dipl. Ing. Lothar Koeppen. L'\u00e9quipe d'EJP WIRE Technology se compose exclusivement d'ing\u00e9nieurs, de concepteurs, de techniciens et d'ajusteurs exp\u00e9riment\u00e9s, qui ont travaill\u00e9 dans la construction de machines \u00e0 fil depuis [...].<\/p>","protected":false},"author":1,"featured_media":0,"parent":0,"menu_order":0,"comment_status":"closed","ping_status":"closed","template":"elementor_header_footer","meta":{"footnotes":""},"class_list":["post-403","page","type-page","status-publish","hentry"],"_links":{"self":[{"href":"https:\/\/ejpwire.com\/fr\/wp-json\/wp\/v2\/pages\/403","targetHints":{"allow":["GET"]}}],"collection":[{"href":"https:\/\/ejpwire.com\/fr\/wp-json\/wp\/v2\/pages"}],"about":[{"href":"https:\/\/ejpwire.com\/fr\/wp-json\/wp\/v2\/types\/page"}],"author":[{"embeddable":true,"href":"https:\/\/ejpwire.com\/fr\/wp-json\/wp\/v2\/users\/1"}],"replies":[{"embeddable":true,"href":"https:\/\/ejpwire.com\/fr\/wp-json\/wp\/v2\/comments?post=403"}],"version-history":[{"count":38,"href":"https:\/\/ejpwire.com\/fr\/wp-json\/wp\/v2\/pages\/403\/revisions"}],"predecessor-version":[{"id":901,"href":"https:\/\/ejpwire.com\/fr\/wp-json\/wp\/v2\/pages\/403\/revisions\/901"}],"wp:attachment":[{"href":"https:\/\/ejpwire.com\/fr\/wp-json\/wp\/v2\/media?parent=403"}],"curies":[{"name":"wp","href":"https:\/\/api.w.org\/{rel}","templated":true}]}}