{"id":206,"date":"2020-05-12T09:54:21","date_gmt":"2020-05-12T09:54:21","guid":{"rendered":"https:\/\/ejpwitec.com\/?page_id=206"},"modified":"2026-01-19T14:36:21","modified_gmt":"2026-01-19T14:36:21","slug":"ansprechpartner","status":"publish","type":"page","link":"https:\/\/ejpwire.com\/fr\/equipe","title":{"rendered":"Personne de contact"},"content":{"rendered":"<div data-elementor-type=\"wp-page\" data-elementor-id=\"206\" class=\"elementor elementor-206\" data-elementor-post-type=\"page\">\n\t\t\t\t<div class=\"elementor-element elementor-element-db7761f e-flex e-con-boxed e-con e-parent\" data-id=\"db7761f\" data-element_type=\"container\" data-settings=\"{&quot;background_background&quot;:&quot;gradient&quot;}\">\n\t\t\t\t\t<div class=\"e-con-inner\">\n\t\t<div class=\"elementor-element elementor-element-2e3f4a6 e-con-full e-flex e-con e-child\" data-id=\"2e3f4a6\" data-element_type=\"container\">\n\t\t\t\t<div class=\"elementor-element elementor-element-48cacd8 elementor-widget elementor-widget-heading\" data-id=\"48cacd8\" data-element_type=\"widget\" data-widget_type=\"heading.default\">\n\t\t\t\t<div class=\"elementor-widget-container\">\n\t\t\t\t\t<h1 class=\"elementor-heading-title elementor-size-default\">Vos contacts<\/h1>\t\t\t\t<\/div>\n\t\t\t\t<\/div>\n\t\t\t\t<\/div>\n\t\t\t\t\t<\/div>\n\t\t\t\t<\/div>\n\t\t<div class=\"elementor-element elementor-element-6e7f59b e-flex e-con-boxed e-con e-parent\" data-id=\"6e7f59b\" data-element_type=\"container\" data-settings=\"{&quot;background_background&quot;:&quot;gradient&quot;}\">\n\t\t\t\t\t<div class=\"e-con-inner\">\n\t\t<div class=\"elementor-element elementor-element-b5a1197 e-con-full e-flex e-con e-child\" data-id=\"b5a1197\" data-element_type=\"container\">\n\t\t\t\t<div class=\"elementor-element elementor-element-0107e1b elementor-widget elementor-widget-image\" data-id=\"0107e1b\" data-element_type=\"widget\" data-widget_type=\"image.default\">\n\t\t\t\t<div class=\"elementor-widget-container\">\n\t\t\t\t\t\t\t\t\t\t\t\t\t\t\t<img fetchpriority=\"high\" decoding=\"async\" width=\"768\" height=\"512\" src=\"https:\/\/ejpwire.com\/wp-content\/uploads\/2020\/05\/ejp-wire-technology-lothar-koeppen-768x512.jpg\" class=\"attachment-medium_large size-medium_large wp-image-307\" alt=\"ejp-witec-wire-draht-machine-team\" srcset=\"https:\/\/ejpwire.com\/wp-content\/uploads\/2020\/05\/ejp-wire-technology-lothar-koeppen-768x512.jpg 768w, https:\/\/ejpwire.com\/wp-content\/uploads\/2020\/05\/ejp-wire-technology-lothar-koeppen-300x200.jpg 300w, https:\/\/ejpwire.com\/wp-content\/uploads\/2020\/05\/ejp-wire-technology-lothar-koeppen.jpg 1000w\" sizes=\"(max-width: 768px) 100vw, 768px\" \/>\t\t\t\t\t\t\t\t\t\t\t\t\t\t\t<\/div>\n\t\t\t\t<\/div>\n\t\t\t\t<div class=\"elementor-element elementor-element-2d92853 elementor-widget elementor-widget-text-editor\" data-id=\"2d92853\" data-element_type=\"widget\" data-widget_type=\"text-editor.default\">\n\t\t\t\t<div class=\"elementor-widget-container\">\n\t\t\t\t\t\t\t\t\t<p><strong>Lothar K\u00f6ppen <br \/><\/strong><em>Ing\u00e9nieur dipl\u00f4m\u00e9, \u00e9conomiste dipl\u00f4m\u00e9. Ing.<\/em><strong><br \/><\/strong>Directeur g\u00e9n\u00e9ral\u00a0<\/p><p>+49 (0)2304 338 96-18<br \/>l.koeppen(at)ejpwire.com<\/p>\t\t\t\t\t\t\t\t<\/div>\n\t\t\t\t<\/div>\n\t\t\t\t<\/div>\n\t\t<div class=\"elementor-element elementor-element-50ceb8f e-con-full e-flex e-con e-child\" data-id=\"50ceb8f\" data-element_type=\"container\">\n\t\t\t\t<div class=\"elementor-element elementor-element-adc39cb elementor-widget elementor-widget-image\" data-id=\"adc39cb\" data-element_type=\"widget\" data-widget_type=\"image.default\">\n\t\t\t\t<div class=\"elementor-widget-container\">\n\t\t\t\t\t\t\t\t\t\t\t\t\t\t\t<img decoding=\"async\" width=\"768\" height=\"514\" src=\"https:\/\/ejpwire.com\/wp-content\/uploads\/2024\/09\/WhatsApp-Image-2024-09-13-at-10.37.22-768x514.jpeg\" class=\"attachment-medium_large size-medium_large wp-image-2114\" alt=\"\" srcset=\"https:\/\/ejpwire.com\/wp-content\/uploads\/2024\/09\/WhatsApp-Image-2024-09-13-at-10.37.22-768x514.jpeg 768w, https:\/\/ejpwire.com\/wp-content\/uploads\/2024\/09\/WhatsApp-Image-2024-09-13-at-10.37.22-300x201.jpeg 300w, https:\/\/ejpwire.com\/wp-content\/uploads\/2024\/09\/WhatsApp-Image-2024-09-13-at-10.37.22-1024x686.jpeg 1024w, https:\/\/ejpwire.com\/wp-content\/uploads\/2024\/09\/WhatsApp-Image-2024-09-13-at-10.37.22-18x12.jpeg 18w, https:\/\/ejpwire.com\/wp-content\/uploads\/2024\/09\/WhatsApp-Image-2024-09-13-at-10.37.22.jpeg 1290w\" sizes=\"(max-width: 768px) 100vw, 768px\" \/>\t\t\t\t\t\t\t\t\t\t\t\t\t\t\t<\/div>\n\t\t\t\t<\/div>\n\t\t\t\t<div class=\"elementor-element elementor-element-32bc67d elementor-widget elementor-widget-text-editor\" data-id=\"32bc67d\" data-element_type=\"widget\" data-widget_type=\"text-editor.default\">\n\t\t\t\t<div class=\"elementor-widget-container\">\n\t\t\t\t\t\t\t\t\t<p><strong>Marvin Potschien<br \/><\/strong><em>Cert.\u00a0<\/em><em>Technicien en g\u00e9nie m\u00e9canique <\/em><em>\/ <br \/><\/em><em>\u00c9conomiste d'entreprise technique<\/em><strong><em><br \/><\/em><\/strong>Distribution \/ Sales<\/p><p>+49 (0)2304 338 96-13<br \/>m.potschien(at)ejpwire.com<\/p>\t\t\t\t\t\t\t\t<\/div>\n\t\t\t\t<\/div>\n\t\t\t\t<\/div>\n\t\t\t\t\t<\/div>\n\t\t\t\t<\/div>\n\t\t<div class=\"elementor-element elementor-element-1d3c931 e-flex e-con-boxed e-con e-parent\" data-id=\"1d3c931\" data-element_type=\"container\" data-settings=\"{&quot;background_background&quot;:&quot;gradient&quot;}\">\n\t\t\t\t\t<div class=\"e-con-inner\">\n\t\t<div class=\"elementor-element elementor-element-48e1ccb e-con-full e-flex e-con e-child\" data-id=\"48e1ccb\" data-element_type=\"container\">\n\t\t\t\t<div class=\"elementor-element elementor-element-9e43a5c elementor-widget elementor-widget-image\" data-id=\"9e43a5c\" data-element_type=\"widget\" data-widget_type=\"image.default\">\n\t\t\t\t<div class=\"elementor-widget-container\">\n\t\t\t\t\t\t\t\t\t\t\t\t\t\t\t<img decoding=\"async\" width=\"768\" height=\"512\" src=\"https:\/\/ejpwire.com\/wp-content\/uploads\/2020\/05\/ejp-wire-technology-breiser-768x512.jpg\" class=\"attachment-medium_large size-medium_large wp-image-305\" alt=\"ejp-witec-wire-draht-machine-team\" srcset=\"https:\/\/ejpwire.com\/wp-content\/uploads\/2020\/05\/ejp-wire-technology-breiser-768x512.jpg 768w, https:\/\/ejpwire.com\/wp-content\/uploads\/2020\/05\/ejp-wire-technology-breiser-300x200.jpg 300w, https:\/\/ejpwire.com\/wp-content\/uploads\/2020\/05\/ejp-wire-technology-breiser.jpg 1000w\" sizes=\"(max-width: 768px) 100vw, 768px\" \/>\t\t\t\t\t\t\t\t\t\t\t\t\t\t\t<\/div>\n\t\t\t\t<\/div>\n\t\t\t\t<div class=\"elementor-element elementor-element-0dae758 elementor-widget elementor-widget-text-editor\" data-id=\"0dae758\" data-element_type=\"widget\" data-widget_type=\"text-editor.default\">\n\t\t\t\t<div class=\"elementor-widget-container\">\n\t\t\t\t\t\t\t\t\t<p><strong>Ulrike Breiser<\/strong><br \/>Bureau commercial \/ Exp\u00e9dition<\/p><p class=\"p1\">+49 (0)2304 338 96-11<br \/>u.breiser(at)ejpwire.com<\/p>\t\t\t\t\t\t\t\t<\/div>\n\t\t\t\t<\/div>\n\t\t\t\t<\/div>\n\t\t<div class=\"elementor-element elementor-element-25e7cf1 e-con-full e-flex e-con e-child\" data-id=\"25e7cf1\" data-element_type=\"container\">\n\t\t\t\t<div class=\"elementor-element elementor-element-0f2e03d elementor-widget elementor-widget-image\" data-id=\"0f2e03d\" data-element_type=\"widget\" data-widget_type=\"image.default\">\n\t\t\t\t<div class=\"elementor-widget-container\">\n\t\t\t\t\t\t\t\t\t\t\t\t\t\t\t<img loading=\"lazy\" decoding=\"async\" width=\"768\" height=\"512\" src=\"https:\/\/ejpwire.com\/wp-content\/uploads\/2020\/05\/ejp-wire-technology-vankleev-768x512.jpg\" class=\"attachment-medium_large size-medium_large wp-image-308\" alt=\"ejp-witec-wire-draht-machine-team\" srcset=\"https:\/\/ejpwire.com\/wp-content\/uploads\/2020\/05\/ejp-wire-technology-vankleev-768x512.jpg 768w, https:\/\/ejpwire.com\/wp-content\/uploads\/2020\/05\/ejp-wire-technology-vankleev-300x200.jpg 300w, https:\/\/ejpwire.com\/wp-content\/uploads\/2020\/05\/ejp-wire-technology-vankleev.jpg 1000w\" sizes=\"(max-width: 768px) 100vw, 768px\" \/>\t\t\t\t\t\t\t\t\t\t\t\t\t\t\t<\/div>\n\t\t\t\t<\/div>\n\t\t\t\t<div class=\"elementor-element elementor-element-5932a6e elementor-widget elementor-widget-text-editor\" data-id=\"5932a6e\" data-element_type=\"widget\" data-widget_type=\"text-editor.default\">\n\t\t\t\t<div class=\"elementor-widget-container\">\n\t\t\t\t\t\t\t\t\t<p><strong>Christopher van Klev<\/strong> <br \/><em>Cert. Ing\u00e9nieur<br \/><\/em>Vente de pi\u00e8ces de rechange<\/p><p class=\"p1\">+49 (0)2304 338 96-12<br \/>c.vanklev(at)ejpwire.com<\/p>\t\t\t\t\t\t\t\t<\/div>\n\t\t\t\t<\/div>\n\t\t\t\t<\/div>\n\t\t\t\t\t<\/div>\n\t\t\t\t<\/div>\n\t\t\t\t<\/div>","protected":false},"excerpt":{"rendered":"<p>Ihre Ansprechpartner Lothar K\u00f6ppen Dipl.-Ing., Dipl.-Wirt. Ing.Gesch\u00e4ftsf\u00fchrer\u00a0 +49 (0)2304 338 96-18l.koeppen(at)ejpwire.com Marvin PotschienCert.\u00a0Mechanical Engineering Technician \/ Technical Business EconomistVertrieb \/ Sales +49 (0)2304 338 96-13m.potschien(at)ejpwire.com Ulrike BreiserKaufm\u00e4nnisches B\u00fcro \/ Versand +49 (0)2304 338 96-11u.breiser(at)ejpwire.com Christopher van Klev Cert. EngineerVertrieb Ersatzeile +49 (0)2304 338 96-12c.vanklev(at)ejpwire.com<\/p>","protected":false},"author":1,"featured_media":0,"parent":0,"menu_order":0,"comment_status":"closed","ping_status":"closed","template":"elementor_header_footer","meta":{"footnotes":""},"class_list":["post-206","page","type-page","status-publish","hentry"],"_links":{"self":[{"href":"https:\/\/ejpwire.com\/fr\/wp-json\/wp\/v2\/pages\/206","targetHints":{"allow":["GET"]}}],"collection":[{"href":"https:\/\/ejpwire.com\/fr\/wp-json\/wp\/v2\/pages"}],"about":[{"href":"https:\/\/ejpwire.com\/fr\/wp-json\/wp\/v2\/types\/page"}],"author":[{"embeddable":true,"href":"https:\/\/ejpwire.com\/fr\/wp-json\/wp\/v2\/users\/1"}],"replies":[{"embeddable":true,"href":"https:\/\/ejpwire.com\/fr\/wp-json\/wp\/v2\/comments?post=206"}],"version-history":[{"count":59,"href":"https:\/\/ejpwire.com\/fr\/wp-json\/wp\/v2\/pages\/206\/revisions"}],"predecessor-version":[{"id":2296,"href":"https:\/\/ejpwire.com\/fr\/wp-json\/wp\/v2\/pages\/206\/revisions\/2296"}],"wp:attachment":[{"href":"https:\/\/ejpwire.com\/fr\/wp-json\/wp\/v2\/media?parent=206"}],"curies":[{"name":"wp","href":"https:\/\/api.w.org\/{rel}","templated":true}]}}