{"id":1238,"date":"2023-07-31T16:29:03","date_gmt":"2023-07-31T16:29:03","guid":{"rendered":"https:\/\/ejpwire.com\/ejp\/?page_id=1238"},"modified":"2025-05-23T09:12:07","modified_gmt":"2025-05-23T09:12:07","slug":"ziehmaschinen","status":"publish","type":"page","link":"https:\/\/ejpwire.com\/fr\/trefileuses-a-sec","title":{"rendered":"Machines de tr\u00e9filage"},"content":{"rendered":"<div data-elementor-type=\"wp-page\" data-elementor-id=\"1238\" class=\"elementor elementor-1238\" data-elementor-post-type=\"page\">\n\t\t\t\t<div class=\"elementor-element elementor-element-16d58aaf e-flex e-con-boxed e-con e-parent\" data-id=\"16d58aaf\" data-element_type=\"container\">\n\t\t\t\t\t<div class=\"e-con-inner\">\n\t\t<div class=\"elementor-element elementor-element-4c6407c5 e-con-full e-flex e-con e-parent\" data-id=\"4c6407c5\" data-element_type=\"container\">\n\t\t\t\t<div class=\"elementor-element elementor-element-8b10059 elementor-widget elementor-widget-heading\" data-id=\"8b10059\" data-element_type=\"widget\" data-widget_type=\"heading.default\">\n\t\t\t\t<div class=\"elementor-widget-container\">\n\t\t\t\t\t<h1 class=\"elementor-heading-title elementor-size-default\">Machines de tr\u00e9filage<\/h1>\t\t\t\t<\/div>\n\t\t\t\t<\/div>\n\t\t\t\t<div class=\"elementor-element elementor-element-f4669d9 elementor-widget elementor-widget-heading\" data-id=\"f4669d9\" data-element_type=\"widget\" data-widget_type=\"heading.default\">\n\t\t\t\t<div class=\"elementor-widget-container\">\n\t\t\t\t\t<h3 class=\"elementor-heading-title elementor-size-default\">Tr\u00e9fileuses \u00e0 sec<\/h3>\t\t\t\t<\/div>\n\t\t\t\t<\/div>\n\t\t\t\t<div class=\"elementor-element elementor-element-160ec146 elementor-widget elementor-widget-text-editor\" data-id=\"160ec146\" data-element_type=\"widget\" data-widget_type=\"text-editor.default\">\n\t\t\t\t<div class=\"elementor-widget-container\">\n\t\t\t\t\t\t\t\t\t<p class=\"p1\">Tr\u00e9fileuses pour fils \u00e0 haute et basse teneur en carbone, CO<span class=\"s1\">2<\/span>-Fils de soudage. Diam\u00e8tre des poulies : 300 mm, 400 mm, 560 mm, 630 mm, 710 mm ou 800 mm.<\/p>\t\t\t\t\t\t\t\t<\/div>\n\t\t\t\t<\/div>\n\t\t\t\t<div class=\"elementor-element elementor-element-7cefe166 elementor-widget elementor-widget-gallery\" data-id=\"7cefe166\" data-element_type=\"widget\" data-settings=\"{&quot;columns&quot;:2,&quot;lazyload&quot;:&quot;yes&quot;,&quot;gallery_layout&quot;:&quot;grid&quot;,&quot;columns_tablet&quot;:2,&quot;columns_mobile&quot;:1,&quot;gap&quot;:{&quot;unit&quot;:&quot;px&quot;,&quot;size&quot;:10,&quot;sizes&quot;:[]},&quot;gap_tablet&quot;:{&quot;unit&quot;:&quot;px&quot;,&quot;size&quot;:10,&quot;sizes&quot;:[]},&quot;gap_mobile&quot;:{&quot;unit&quot;:&quot;px&quot;,&quot;size&quot;:10,&quot;sizes&quot;:[]},&quot;link_to&quot;:&quot;file&quot;,&quot;aspect_ratio&quot;:&quot;3:2&quot;,&quot;content_hover_animation&quot;:&quot;fade-in&quot;}\" data-widget_type=\"gallery.default\">\n\t\t\t\t<div class=\"elementor-widget-container\">\n\t\t\t\t\t\t\t<div class=\"elementor-gallery__container\">\n\t\t\t\t\t\t\t<a class=\"e-gallery-item elementor-gallery-item elementor-animated-content\" href=\"https:\/\/ejpwire.com\/wp-content\/uploads\/2023\/07\/ejp-trockenziehmaschine.jpg\" data-elementor-open-lightbox=\"yes\" data-elementor-lightbox-slideshow=\"7cefe166\" data-e-action-hash=\"#elementor-action%3Aaction%3Dlightbox%26settings%3DeyJpZCI6MTI0MSwidXJsIjoiaHR0cHM6XC9cL2VqcHdpcmUuY29tXC93cC1jb250ZW50XC91cGxvYWRzXC8yMDIzXC8wN1wvZWpwLXRyb2NrZW56aWVobWFzY2hpbmUuanBnIiwic2xpZGVzaG93IjoiN2NlZmUxNjYifQ%3D%3D\">\n\t\t\t\t\t<div class=\"e-gallery-image elementor-gallery-item__image\" data-thumbnail=\"https:\/\/ejpwire.com\/wp-content\/uploads\/2023\/07\/ejp-trockenziehmaschine-768x433.jpg\" data-width=\"768\" data-height=\"433\" aria-label=\"EJP Wire Technology ligne de tr\u00e9filage \u00e0 sec\" role=\"img\" ><\/div>\n\t\t\t\t\t\t\t\t\t\t\t\t\t\t<\/a>\n\t\t\t\t\t\t\t<a class=\"e-gallery-item elementor-gallery-item elementor-animated-content\" href=\"https:\/\/ejpwire.com\/wp-content\/uploads\/2023\/07\/ejp-trockenziehmaschine-ansammelblock.jpg\" data-elementor-open-lightbox=\"yes\" data-elementor-lightbox-slideshow=\"7cefe166\" data-e-action-hash=\"#elementor-action%3Aaction%3Dlightbox%26settings%3DeyJpZCI6MTI0MywidXJsIjoiaHR0cHM6XC9cL2VqcHdpcmUuY29tXC93cC1jb250ZW50XC91cGxvYWRzXC8yMDIzXC8wN1wvZWpwLXRyb2NrZW56aWVobWFzY2hpbmUtYW5zYW1tZWxibG9jay5qcGciLCJzbGlkZXNob3ciOiI3Y2VmZTE2NiJ9\">\n\t\t\t\t\t<div class=\"e-gallery-image elementor-gallery-item__image\" data-thumbnail=\"https:\/\/ejpwire.com\/wp-content\/uploads\/2023\/07\/ejp-trockenziehmaschine-ansammelblock-768x1152.jpg\" data-width=\"768\" data-height=\"1152\" aria-label=\"EJP Wire Technology ligne de tr\u00e9filage \u00e0 sec\" role=\"img\" ><\/div>\n\t\t\t\t\t\t\t\t\t\t\t\t\t\t<\/a>\n\t\t\t\t\t\t\t<a class=\"e-gallery-item elementor-gallery-item elementor-animated-content\" href=\"https:\/\/ejpwire.com\/wp-content\/uploads\/2023\/07\/ejp-trockenziehmaschine-seifenkasten.jpg\" data-elementor-open-lightbox=\"yes\" data-elementor-lightbox-slideshow=\"7cefe166\" data-e-action-hash=\"#elementor-action%3Aaction%3Dlightbox%26settings%3DeyJpZCI6MTMwNSwidXJsIjoiaHR0cHM6XC9cL2VqcHdpcmUuY29tXC93cC1jb250ZW50XC91cGxvYWRzXC8yMDIzXC8wN1wvZWpwLXRyb2NrZW56aWVobWFzY2hpbmUtc2VpZmVua2FzdGVuLmpwZyIsInNsaWRlc2hvdyI6IjdjZWZlMTY2In0%3D\">\n\t\t\t\t\t<div class=\"e-gallery-image elementor-gallery-item__image\" data-thumbnail=\"https:\/\/ejpwire.com\/wp-content\/uploads\/2023\/07\/ejp-trockenziehmaschine-seifenkasten-768x512.jpg\" data-width=\"768\" data-height=\"512\" aria-label=\"EJP Wire Technology d\u00e9tail bo\u00eete \u00e0 savon\" role=\"img\" ><\/div>\n\t\t\t\t\t\t\t\t\t\t\t\t\t\t<\/a>\n\t\t\t\t\t<\/div>\n\t\t\t\t\t<\/div>\n\t\t\t\t<\/div>\n\t\t\t\t<div class=\"elementor-element elementor-element-c8c34f5 elementor-widget-divider--view-line elementor-widget elementor-widget-divider\" data-id=\"c8c34f5\" data-element_type=\"widget\" data-widget_type=\"divider.default\">\n\t\t\t\t<div class=\"elementor-widget-container\">\n\t\t\t\t\t\t\t<div class=\"elementor-divider\">\n\t\t\t<span class=\"elementor-divider-separator\">\n\t\t\t\t\t\t<\/span>\n\t\t<\/div>\n\t\t\t\t\t\t<\/div>\n\t\t\t\t<\/div>\n\t\t\t\t<div class=\"elementor-element elementor-element-4935cd2 elementor-widget elementor-widget-heading\" data-id=\"4935cd2\" data-element_type=\"widget\" data-widget_type=\"heading.default\">\n\t\t\t\t<div class=\"elementor-widget-container\">\n\t\t\t\t\t<h3 class=\"elementor-heading-title elementor-size-default\">Tr\u00e9fileuses monobloc \/ Tr\u00e9fileuses \u00e0 voie humide<\/h3>\t\t\t\t<\/div>\n\t\t\t\t<\/div>\n\t\t<div class=\"elementor-element elementor-element-aaf9a49 e-flex e-con-boxed e-con e-parent\" data-id=\"aaf9a49\" data-element_type=\"container\">\n\t\t\t\t\t<div class=\"e-con-inner\">\n\t\t<div class=\"elementor-element elementor-element-ae9d1a2 e-flex e-con-boxed e-con e-parent\" data-id=\"ae9d1a2\" data-element_type=\"container\">\n\t\t\t\t\t<div class=\"e-con-inner\">\n\t\t\t\t<div class=\"elementor-element elementor-element-62ca75c elementor-widget elementor-widget-text-editor\" data-id=\"62ca75c\" data-element_type=\"widget\" data-widget_type=\"text-editor.default\">\n\t\t\t\t<div class=\"elementor-widget-container\">\n\t\t\t\t\t\t\t\t\t<p class=\"p1\"><strong>Tr\u00e9fileuse monobloc<br \/><\/strong>Le fil est \u00e9tir\u00e9 par une fili\u00e8re rev\u00eatue et refroidie \u00e0 l'eau. Diam\u00e8tre de la fili\u00e8re : 300 mm, 400 mm, 500 mm, 600 mm ou 1000 mm. En outre, la machine est \u00e9quip\u00e9e d'un porte-fili\u00e8re rotatif et d'un danseur pour synchroniser le processus suivant.<\/p>\t\t\t\t\t\t\t\t<\/div>\n\t\t\t\t<\/div>\n\t\t\t\t\t<\/div>\n\t\t\t\t<\/div>\n\t\t<div class=\"elementor-element elementor-element-b51d8ff e-con-full e-flex e-con e-parent\" data-id=\"b51d8ff\" data-element_type=\"container\">\n\t\t\t\t<div class=\"elementor-element elementor-element-e769041 elementor-widget elementor-widget-text-editor\" data-id=\"e769041\" data-element_type=\"widget\" data-widget_type=\"text-editor.default\">\n\t\t\t\t<div class=\"elementor-widget-container\">\n\t\t\t\t\t\t\t\t\t<p class=\"p1\"><strong>Tr\u00e9fileuse humide<\/strong><br \/>Machines d'\u00e9tirage avec quatre arbres d'entra\u00eenement, fili\u00e8res rotatives et danseur incorpor\u00e9.<\/p>\t\t\t\t\t\t\t\t<\/div>\n\t\t\t\t<\/div>\n\t\t\t\t<\/div>\n\t\t\t\t\t<\/div>\n\t\t\t\t<\/div>\n\t\t\t\t<div class=\"elementor-element elementor-element-1ba7032 elementor-widget elementor-widget-gallery\" data-id=\"1ba7032\" data-element_type=\"widget\" data-settings=\"{&quot;lazyload&quot;:&quot;yes&quot;,&quot;gallery_layout&quot;:&quot;grid&quot;,&quot;columns&quot;:4,&quot;columns_tablet&quot;:2,&quot;columns_mobile&quot;:1,&quot;gap&quot;:{&quot;unit&quot;:&quot;px&quot;,&quot;size&quot;:10,&quot;sizes&quot;:[]},&quot;gap_tablet&quot;:{&quot;unit&quot;:&quot;px&quot;,&quot;size&quot;:10,&quot;sizes&quot;:[]},&quot;gap_mobile&quot;:{&quot;unit&quot;:&quot;px&quot;,&quot;size&quot;:10,&quot;sizes&quot;:[]},&quot;link_to&quot;:&quot;file&quot;,&quot;aspect_ratio&quot;:&quot;3:2&quot;,&quot;overlay_background&quot;:&quot;yes&quot;,&quot;content_hover_animation&quot;:&quot;fade-in&quot;}\" data-widget_type=\"gallery.default\">\n\t\t\t\t<div class=\"elementor-widget-container\">\n\t\t\t\t\t\t\t<div class=\"elementor-gallery__container\">\n\t\t\t\t\t\t\t<a class=\"e-gallery-item elementor-gallery-item elementor-animated-content\" href=\"https:\/\/ejpwire.com\/wp-content\/uploads\/2023\/08\/Einzelblock-Ziehmaschine.jpg\" data-elementor-open-lightbox=\"yes\" data-elementor-lightbox-slideshow=\"1ba7032\" data-e-action-hash=\"#elementor-action%3Aaction%3Dlightbox%26settings%3DeyJpZCI6MTc1NCwidXJsIjoiaHR0cHM6XC9cL2VqcHdpcmUuY29tXC93cC1jb250ZW50XC91cGxvYWRzXC8yMDIzXC8wOFwvRWluemVsYmxvY2stWmllaG1hc2NoaW5lLmpwZyIsInNsaWRlc2hvdyI6IjFiYTcwMzIifQ%3D%3D\">\n\t\t\t\t\t<div class=\"e-gallery-image elementor-gallery-item__image\" data-thumbnail=\"https:\/\/ejpwire.com\/wp-content\/uploads\/2023\/08\/Einzelblock-Ziehmaschine-300x252.jpg\" data-width=\"300\" data-height=\"252\" aria-label=\"EJP Wire Technology\" role=\"img\" ><\/div>\n\t\t\t\t\t\t\t\t\t\t\t<div class=\"elementor-gallery-item__overlay\"><\/div>\n\t\t\t\t\t\t\t\t\t\t\t\t\t\t<\/a>\n\t\t\t\t\t\t\t<a class=\"e-gallery-item elementor-gallery-item elementor-animated-content\" href=\"https:\/\/ejpwire.com\/wp-content\/uploads\/2023\/10\/Image-2023-10-23-at-09.29.471-1.jpeg\" data-elementor-open-lightbox=\"yes\" data-elementor-lightbox-slideshow=\"1ba7032\" data-e-action-hash=\"#elementor-action%3Aaction%3Dlightbox%26settings%3DeyJpZCI6MTk5OSwidXJsIjoiaHR0cHM6XC9cL2VqcHdpcmUuY29tXC93cC1jb250ZW50XC91cGxvYWRzXC8yMDIzXC8xMFwvSW1hZ2UtMjAyMy0xMC0yMy1hdC0wOS4yOS40NzEtMS5qcGVnIiwic2xpZGVzaG93IjoiMWJhNzAzMiJ9\">\n\t\t\t\t\t<div class=\"e-gallery-image elementor-gallery-item__image\" data-thumbnail=\"https:\/\/ejpwire.com\/wp-content\/uploads\/2023\/10\/Image-2023-10-23-at-09.29.471-1-300x282.jpeg\" data-width=\"300\" data-height=\"282\" aria-label=\"EJP Wire Technology ligne de tr\u00e9filage \u00e0 sec\" role=\"img\" ><\/div>\n\t\t\t\t\t\t\t\t\t\t\t<div class=\"elementor-gallery-item__overlay\"><\/div>\n\t\t\t\t\t\t\t\t\t\t\t\t\t\t<\/a>\n\t\t\t\t\t<\/div>\n\t\t\t\t\t<\/div>\n\t\t\t\t<\/div>\n\t\t\t\t<div class=\"elementor-element elementor-element-668b001 elementor-widget-divider--view-line elementor-widget elementor-widget-divider\" data-id=\"668b001\" data-element_type=\"widget\" data-widget_type=\"divider.default\">\n\t\t\t\t<div class=\"elementor-widget-container\">\n\t\t\t\t\t\t\t<div class=\"elementor-divider\">\n\t\t\t<span class=\"elementor-divider-separator\">\n\t\t\t\t\t\t<\/span>\n\t\t<\/div>\n\t\t\t\t\t\t<\/div>\n\t\t\t\t<\/div>\n\t\t\t\t<\/div>\n\t\t\t\t\t<\/div>\n\t\t\t\t<\/div>\n\t\t<div class=\"elementor-element elementor-element-0062e00 e-flex e-con-boxed e-con e-parent\" data-id=\"0062e00\" data-element_type=\"container\">\n\t\t\t\t\t<div class=\"e-con-inner\">\n\t\t<div class=\"elementor-element elementor-element-5474c9f e-con-full e-flex e-con e-parent\" data-id=\"5474c9f\" data-element_type=\"container\">\n\t\t\t\t<div class=\"elementor-element elementor-element-4e18ea4 elementor-align-center elementor-widget elementor-widget-button\" data-id=\"4e18ea4\" data-element_type=\"widget\" data-widget_type=\"button.default\">\n\t\t\t\t<div class=\"elementor-widget-container\">\n\t\t\t\t\t\t\t\t\t<div class=\"elementor-button-wrapper\">\n\t\t\t\t\t<a class=\"elementor-button elementor-button-link elementor-size-md\" href=\"https:\/\/ejpwire.com\/wp-content\/uploads\/2025\/02\/EJP-Wire-Prospekt_2025.pdf\" target=\"_blank\">\n\t\t\t\t\t\t<span class=\"elementor-button-content-wrapper\">\n\t\t\t\t\t\t\t\t\t<span class=\"elementor-button-text\">T\u00e9l\u00e9charger le catalogue de produits au format PDF<\/span>\n\t\t\t\t\t<\/span>\n\t\t\t\t\t<\/a>\n\t\t\t\t<\/div>\n\t\t\t\t\t\t\t\t<\/div>\n\t\t\t\t<\/div>\n\t\t\t\t<\/div>\n\t\t<div class=\"elementor-element elementor-element-f6ed669 e-con-full e-flex e-con e-parent\" data-id=\"f6ed669\" data-element_type=\"container\">\n\t\t\t\t<div class=\"elementor-element elementor-element-4ff8089 elementor-align-center elementor-widget elementor-widget-button\" data-id=\"4ff8089\" data-element_type=\"widget\" data-widget_type=\"button.default\">\n\t\t\t\t<div class=\"elementor-widget-container\">\n\t\t\t\t\t\t\t\t\t<div class=\"elementor-button-wrapper\">\n\t\t\t\t\t<a class=\"elementor-button elementor-button-link elementor-size-md\" href=\"https:\/\/ejpwire.com\/fr\/contact-vers-ejp-wire-technology\/\" target=\"_blank\">\n\t\t\t\t\t\t<span class=\"elementor-button-content-wrapper\">\n\t\t\t\t\t\t\t\t\t<span class=\"elementor-button-text\">Contact<\/span>\n\t\t\t\t\t<\/span>\n\t\t\t\t\t<\/a>\n\t\t\t\t<\/div>\n\t\t\t\t\t\t\t\t<\/div>\n\t\t\t\t<\/div>\n\t\t\t\t<\/div>\n\t\t\t\t\t<\/div>\n\t\t\t\t<\/div>\n\t\t\t\t<\/div>","protected":false},"excerpt":{"rendered":"<p>Tr\u00e9fileuses \u00e0 sec Tr\u00e9fileuses pour fils \u00e0 haute et basse teneur en carbone, fils de soudage au CO2. Diam\u00e8tre des poulies de tr\u00e9filage : 300 mm, 400 mm, 560 mm, 630 mm, 710 mm ou 800 mm. Tr\u00e9fileuses monobloc \/ tr\u00e9fileuses \u00e0 voie humide Tr\u00e9fileuses monoblocLe fil est tr\u00e9fil\u00e9 par une fili\u00e8re rev\u00eatue et refroidie par eau. Diam\u00e8tre de la meule de tr\u00e9filage : 300 mm, 400 mm, 500 mm, 600 mm ou 1000 mm. En outre, la machine est \u00e9quip\u00e9e [...].<\/p>","protected":false},"author":1,"featured_media":0,"parent":0,"menu_order":0,"comment_status":"closed","ping_status":"closed","template":"elementor_header_footer","meta":{"footnotes":""},"class_list":["post-1238","page","type-page","status-publish","hentry"],"_links":{"self":[{"href":"https:\/\/ejpwire.com\/fr\/wp-json\/wp\/v2\/pages\/1238","targetHints":{"allow":["GET"]}}],"collection":[{"href":"https:\/\/ejpwire.com\/fr\/wp-json\/wp\/v2\/pages"}],"about":[{"href":"https:\/\/ejpwire.com\/fr\/wp-json\/wp\/v2\/types\/page"}],"author":[{"embeddable":true,"href":"https:\/\/ejpwire.com\/fr\/wp-json\/wp\/v2\/users\/1"}],"replies":[{"embeddable":true,"href":"https:\/\/ejpwire.com\/fr\/wp-json\/wp\/v2\/comments?post=1238"}],"version-history":[{"count":61,"href":"https:\/\/ejpwire.com\/fr\/wp-json\/wp\/v2\/pages\/1238\/revisions"}],"predecessor-version":[{"id":2212,"href":"https:\/\/ejpwire.com\/fr\/wp-json\/wp\/v2\/pages\/1238\/revisions\/2212"}],"wp:attachment":[{"href":"https:\/\/ejpwire.com\/fr\/wp-json\/wp\/v2\/media?parent=1238"}],"curies":[{"name":"wp","href":"https:\/\/api.w.org\/{rel}","templated":true}]}}