{"id":88,"date":"2020-05-11T16:09:53","date_gmt":"2020-05-11T16:09:53","guid":{"rendered":"http:\/\/ejpwitec.com\/?page_id=88"},"modified":"2025-05-23T09:10:37","modified_gmt":"2025-05-23T09:10:37","slug":"ablaufsysteme","status":"publish","type":"page","link":"https:\/\/ejpwire.com\/es\/productos","title":{"rendered":"Desag\u00fces de alambre"},"content":{"rendered":"<div data-elementor-type=\"wp-page\" data-elementor-id=\"88\" class=\"elementor elementor-88\" data-elementor-post-type=\"page\">\n\t\t\t\t<div class=\"elementor-element elementor-element-8f4ef61 e-flex e-con-boxed e-con e-parent\" data-id=\"8f4ef61\" data-element_type=\"container\">\n\t\t\t\t\t<div class=\"e-con-inner\">\n\t\t<div class=\"elementor-element elementor-element-f5fd4f8 e-con-full e-flex e-con e-child\" data-id=\"f5fd4f8\" data-element_type=\"container\">\n\t\t\t\t<div class=\"elementor-element elementor-element-94fc479 elementor-widget elementor-widget-text-editor\" data-id=\"94fc479\" data-element_type=\"widget\" data-widget_type=\"text-editor.default\">\n\t\t\t\t<div class=\"elementor-widget-container\">\n\t\t\t\t\t\t\t\t\t<h1>Sistemas de drenaje por cable<\/h1>\t\t\t\t\t\t\t\t<\/div>\n\t\t\t\t<\/div>\n\t\t\t\t<div class=\"elementor-element elementor-element-38a70db elementor-widget elementor-widget-heading\" data-id=\"38a70db\" data-element_type=\"widget\" data-widget_type=\"heading.default\">\n\t\t\t\t<div class=\"elementor-widget-container\">\n\t\t\t\t\t<h3 class=\"elementor-heading-title elementor-size-default\">Drenajes a\u00e9reos<\/h3>\t\t\t\t<\/div>\n\t\t\t\t<\/div>\n\t\t\t\t<div class=\"elementor-element elementor-element-51273a4 elementor-widget elementor-widget-text-editor\" data-id=\"51273a4\" data-element_type=\"widget\" data-widget_type=\"text-editor.default\">\n\t\t\t\t<div class=\"elementor-widget-container\">\n\t\t\t\t\t\t\t\t\t<p>Sumidero a\u00e9reo en dise\u00f1o estable vertical o inclinado, adecuado para alambres de hasta 16 mm de di\u00e1metro. Opcionalmente con coronas basculantes giratorias hidr\u00e1ulicamente, estas opcionalmente en dise\u00f1o accionado.<\/p>\t\t\t\t\t\t\t\t<\/div>\n\t\t\t\t<\/div>\n\t\t\t\t<div class=\"elementor-element elementor-element-1a15c7b elementor-widget elementor-widget-gallery\" data-id=\"1a15c7b\" data-element_type=\"widget\" data-settings=\"{&quot;columns&quot;:3,&quot;aspect_ratio&quot;:&quot;1:1&quot;,&quot;lazyload&quot;:&quot;yes&quot;,&quot;gallery_layout&quot;:&quot;grid&quot;,&quot;columns_tablet&quot;:2,&quot;columns_mobile&quot;:1,&quot;gap&quot;:{&quot;unit&quot;:&quot;px&quot;,&quot;size&quot;:10,&quot;sizes&quot;:[]},&quot;gap_tablet&quot;:{&quot;unit&quot;:&quot;px&quot;,&quot;size&quot;:10,&quot;sizes&quot;:[]},&quot;gap_mobile&quot;:{&quot;unit&quot;:&quot;px&quot;,&quot;size&quot;:10,&quot;sizes&quot;:[]},&quot;link_to&quot;:&quot;file&quot;,&quot;overlay_background&quot;:&quot;yes&quot;,&quot;content_hover_animation&quot;:&quot;fade-in&quot;}\" data-widget_type=\"gallery.default\">\n\t\t\t\t<div class=\"elementor-widget-container\">\n\t\t\t\t\t\t\t<div class=\"elementor-gallery__container\">\n\t\t\t\t\t\t\t<a class=\"e-gallery-item elementor-gallery-item elementor-animated-content\" href=\"https:\/\/ejpwire.com\/wp-content\/uploads\/2023\/07\/ejp-ueberkopfablauf-vag1.jpg\" data-elementor-open-lightbox=\"yes\" data-elementor-lightbox-slideshow=\"1a15c7b\" data-e-action-hash=\"#elementor-action%3Aaction%3Dlightbox%26settings%3DeyJpZCI6MTExOSwidXJsIjoiaHR0cHM6XC9cL2VqcHdpcmUuY29tXC93cC1jb250ZW50XC91cGxvYWRzXC8yMDIzXC8wN1wvZWpwLXVlYmVya29wZmFibGF1Zi12YWcxLmpwZyIsInNsaWRlc2hvdyI6IjFhMTVjN2IifQ%3D%3D\">\n\t\t\t\t\t<div class=\"e-gallery-image elementor-gallery-item__image\" data-thumbnail=\"https:\/\/ejpwire.com\/wp-content\/uploads\/2023\/07\/ejp-ueberkopfablauf-vag1-768x786.jpg\" data-width=\"768\" data-height=\"786\" aria-label=\"Tecnolog\u00eda de cables EJP Drenaje a\u00e9reo\" role=\"img\" ><\/div>\n\t\t\t\t\t\t\t\t\t\t\t<div class=\"elementor-gallery-item__overlay\"><\/div>\n\t\t\t\t\t\t\t\t\t\t\t\t\t\t<\/a>\n\t\t\t\t\t\t\t<a class=\"e-gallery-item elementor-gallery-item elementor-animated-content\" href=\"https:\/\/ejpwire.com\/wp-content\/uploads\/2023\/07\/ejp-ueberkopfablauf-vag3.jpg\" data-elementor-open-lightbox=\"yes\" data-elementor-lightbox-slideshow=\"1a15c7b\" data-e-action-hash=\"#elementor-action%3Aaction%3Dlightbox%26settings%3DeyJpZCI6MTEyMSwidXJsIjoiaHR0cHM6XC9cL2VqcHdpcmUuY29tXC93cC1jb250ZW50XC91cGxvYWRzXC8yMDIzXC8wN1wvZWpwLXVlYmVya29wZmFibGF1Zi12YWczLmpwZyIsInNsaWRlc2hvdyI6IjFhMTVjN2IifQ%3D%3D\">\n\t\t\t\t\t<div class=\"e-gallery-image elementor-gallery-item__image\" data-thumbnail=\"https:\/\/ejpwire.com\/wp-content\/uploads\/2023\/07\/ejp-ueberkopfablauf-vag3-768x1024.jpg\" data-width=\"768\" data-height=\"1024\" aria-label=\"Tecnolog\u00eda de cables EJP Drenaje a\u00e9reo\" role=\"img\" ><\/div>\n\t\t\t\t\t\t\t\t\t\t\t<div class=\"elementor-gallery-item__overlay\"><\/div>\n\t\t\t\t\t\t\t\t\t\t\t\t\t\t<\/a>\n\t\t\t\t\t\t\t<a class=\"e-gallery-item elementor-gallery-item elementor-animated-content\" href=\"https:\/\/ejpwire.com\/wp-content\/uploads\/2023\/07\/ejp-ueberkopfablauf-vag2.jpg\" data-elementor-open-lightbox=\"yes\" data-elementor-lightbox-slideshow=\"1a15c7b\" data-e-action-hash=\"#elementor-action%3Aaction%3Dlightbox%26settings%3DeyJpZCI6MTEyMCwidXJsIjoiaHR0cHM6XC9cL2VqcHdpcmUuY29tXC93cC1jb250ZW50XC91cGxvYWRzXC8yMDIzXC8wN1wvZWpwLXVlYmVya29wZmFibGF1Zi12YWcyLmpwZyIsInNsaWRlc2hvdyI6IjFhMTVjN2IifQ%3D%3D\">\n\t\t\t\t\t<div class=\"e-gallery-image elementor-gallery-item__image\" data-thumbnail=\"https:\/\/ejpwire.com\/wp-content\/uploads\/2023\/07\/ejp-ueberkopfablauf-vag2-768x760.jpg\" data-width=\"768\" data-height=\"760\" aria-label=\"Tecnolog\u00eda de cables EJP Drenaje a\u00e9reo\" role=\"img\" ><\/div>\n\t\t\t\t\t\t\t\t\t\t\t<div class=\"elementor-gallery-item__overlay\"><\/div>\n\t\t\t\t\t\t\t\t\t\t\t\t\t\t<\/a>\n\t\t\t\t\t\t\t<a class=\"e-gallery-item elementor-gallery-item elementor-animated-content\" href=\"https:\/\/ejpwire.com\/wp-content\/uploads\/2023\/07\/ejp-hueberkopfablauf.jpg\" data-elementor-open-lightbox=\"yes\" data-elementor-lightbox-slideshow=\"1a15c7b\" data-e-action-hash=\"#elementor-action%3Aaction%3Dlightbox%26settings%3DeyJpZCI6MTExNywidXJsIjoiaHR0cHM6XC9cL2VqcHdpcmUuY29tXC93cC1jb250ZW50XC91cGxvYWRzXC8yMDIzXC8wN1wvZWpwLWh1ZWJlcmtvcGZhYmxhdWYuanBnIiwic2xpZGVzaG93IjoiMWExNWM3YiJ9\">\n\t\t\t\t\t<div class=\"e-gallery-image elementor-gallery-item__image\" data-thumbnail=\"https:\/\/ejpwire.com\/wp-content\/uploads\/2023\/07\/ejp-hueberkopfablauf-768x984.jpg\" data-width=\"768\" data-height=\"984\" aria-label=\"Tecnolog\u00eda de cables EJP Drenaje a\u00e9reo\" role=\"img\" ><\/div>\n\t\t\t\t\t\t\t\t\t\t\t<div class=\"elementor-gallery-item__overlay\"><\/div>\n\t\t\t\t\t\t\t\t\t\t\t\t\t\t<\/a>\n\t\t\t\t\t\t\t<a class=\"e-gallery-item elementor-gallery-item elementor-animated-content\" href=\"https:\/\/ejpwire.com\/wp-content\/uploads\/2023\/07\/ejp-ueberkopfablauf-vag1-b.jpg\" data-elementor-open-lightbox=\"yes\" data-elementor-lightbox-slideshow=\"1a15c7b\" data-e-action-hash=\"#elementor-action%3Aaction%3Dlightbox%26settings%3DeyJpZCI6MTExOCwidXJsIjoiaHR0cHM6XC9cL2VqcHdpcmUuY29tXC93cC1jb250ZW50XC91cGxvYWRzXC8yMDIzXC8wN1wvZWpwLXVlYmVya29wZmFibGF1Zi12YWcxLWIuanBnIiwic2xpZGVzaG93IjoiMWExNWM3YiJ9\">\n\t\t\t\t\t<div class=\"e-gallery-image elementor-gallery-item__image\" data-thumbnail=\"https:\/\/ejpwire.com\/wp-content\/uploads\/2023\/07\/ejp-ueberkopfablauf-vag1-b-768x995.jpg\" data-width=\"768\" data-height=\"995\" aria-label=\"Tecnolog\u00eda de cables EJP Drenaje a\u00e9reo\" role=\"img\" ><\/div>\n\t\t\t\t\t\t\t\t\t\t\t<div class=\"elementor-gallery-item__overlay\"><\/div>\n\t\t\t\t\t\t\t\t\t\t\t\t\t\t<\/a>\n\t\t\t\t\t<\/div>\n\t\t\t\t\t<\/div>\n\t\t\t\t<\/div>\n\t\t\t\t<div class=\"elementor-element elementor-element-82800df elementor-widget-divider--view-line elementor-widget elementor-widget-divider\" data-id=\"82800df\" data-element_type=\"widget\" data-widget_type=\"divider.default\">\n\t\t\t\t<div class=\"elementor-widget-container\">\n\t\t\t\t\t\t\t<div class=\"elementor-divider\">\n\t\t\t<span class=\"elementor-divider-separator\">\n\t\t\t\t\t\t<\/span>\n\t\t<\/div>\n\t\t\t\t\t\t<\/div>\n\t\t\t\t<\/div>\n\t\t\t\t<div class=\"elementor-element elementor-element-8b80159 elementor-widget elementor-widget-heading\" data-id=\"8b80159\" data-element_type=\"widget\" data-widget_type=\"heading.default\">\n\t\t\t\t<div class=\"elementor-widget-container\">\n\t\t\t\t\t<h3 class=\"elementor-heading-title elementor-size-default\">Enrolladores de drenaje y desag\u00fces horizontales<\/h3>\t\t\t\t<\/div>\n\t\t\t\t<\/div>\n\t\t\t\t<div class=\"elementor-element elementor-element-d933d08 elementor-widget elementor-widget-text-editor\" data-id=\"d933d08\" data-element_type=\"widget\" data-widget_type=\"text-editor.default\">\n\t\t\t\t<div class=\"elementor-widget-container\">\n\t\t\t\t\t\t\t\t\t<p>Bobina de pago con bailarina<br \/>Plato giratorio con brazo oscilante para el control de la velocidad y la sincronizaci\u00f3n, por ejemplo, con una m\u00e1quina de estirado.<\/p><p>Carrete de drenaje - inclinable<br \/>Plataforma giratoria para sujetar bobinas\/pozos o bloques de corona, opcionalmente inclinable y\/o accionada hidr\u00e1ulicamente.<\/p><p>Carrete doble<br \/>Plataforma giratoria de salida para sujetar bobinas\/pozos o bloques de corona, opcionalmente inclinable y accionada hidr\u00e1ulicamente.<\/p><p>Desag\u00fce horizontal <br \/>Salida de cable apta para funcionamiento continuo hasta D=16 mm<\/p>\t\t\t\t\t\t\t\t<\/div>\n\t\t\t\t<\/div>\n\t\t\t\t<div class=\"elementor-element elementor-element-486e01d elementor-widget elementor-widget-gallery\" data-id=\"486e01d\" data-element_type=\"widget\" data-settings=\"{&quot;columns&quot;:3,&quot;aspect_ratio&quot;:&quot;1:1&quot;,&quot;lazyload&quot;:&quot;yes&quot;,&quot;gallery_layout&quot;:&quot;grid&quot;,&quot;columns_tablet&quot;:2,&quot;columns_mobile&quot;:1,&quot;gap&quot;:{&quot;unit&quot;:&quot;px&quot;,&quot;size&quot;:10,&quot;sizes&quot;:[]},&quot;gap_tablet&quot;:{&quot;unit&quot;:&quot;px&quot;,&quot;size&quot;:10,&quot;sizes&quot;:[]},&quot;gap_mobile&quot;:{&quot;unit&quot;:&quot;px&quot;,&quot;size&quot;:10,&quot;sizes&quot;:[]},&quot;link_to&quot;:&quot;file&quot;,&quot;overlay_background&quot;:&quot;yes&quot;,&quot;content_hover_animation&quot;:&quot;fade-in&quot;}\" data-widget_type=\"gallery.default\">\n\t\t\t\t<div class=\"elementor-widget-container\">\n\t\t\t\t\t\t\t<div class=\"elementor-gallery__container\">\n\t\t\t\t\t\t\t<a class=\"e-gallery-item elementor-gallery-item elementor-animated-content\" href=\"https:\/\/ejpwire.com\/wp-content\/uploads\/2023\/07\/ejp-ablaufhaspel-ah-a.jpg\" data-elementor-open-lightbox=\"yes\" data-elementor-lightbox-slideshow=\"486e01d\" data-e-action-hash=\"#elementor-action%3Aaction%3Dlightbox%26settings%3DeyJpZCI6MTE4OSwidXJsIjoiaHR0cHM6XC9cL2VqcHdpcmUuY29tXC93cC1jb250ZW50XC91cGxvYWRzXC8yMDIzXC8wN1wvZWpwLWFibGF1Zmhhc3BlbC1haC1hLmpwZyIsInNsaWRlc2hvdyI6IjQ4NmUwMWQifQ%3D%3D\">\n\t\t\t\t\t<div class=\"e-gallery-image elementor-gallery-item__image\" data-thumbnail=\"https:\/\/ejpwire.com\/wp-content\/uploads\/2023\/07\/ejp-ablaufhaspel-ah-a-768x782.jpg\" data-width=\"768\" data-height=\"782\" aria-label=\"EJP Wire Technology Carrete de pago\" role=\"img\" ><\/div>\n\t\t\t\t\t\t\t\t\t\t\t<div class=\"elementor-gallery-item__overlay\"><\/div>\n\t\t\t\t\t\t\t\t\t\t\t\t\t\t<\/a>\n\t\t\t\t\t\t\t<a class=\"e-gallery-item elementor-gallery-item elementor-animated-content\" href=\"https:\/\/ejpwire.com\/wp-content\/uploads\/2023\/07\/ejp-horizontalablauf.jpg\" data-elementor-open-lightbox=\"yes\" data-elementor-lightbox-slideshow=\"486e01d\" data-e-action-hash=\"#elementor-action%3Aaction%3Dlightbox%26settings%3DeyJpZCI6MTEzMiwidXJsIjoiaHR0cHM6XC9cL2VqcHdpcmUuY29tXC93cC1jb250ZW50XC91cGxvYWRzXC8yMDIzXC8wN1wvZWpwLWhvcml6b250YWxhYmxhdWYuanBnIiwic2xpZGVzaG93IjoiNDg2ZTAxZCJ9\">\n\t\t\t\t\t<div class=\"e-gallery-image elementor-gallery-item__image\" data-thumbnail=\"https:\/\/ejpwire.com\/wp-content\/uploads\/2023\/07\/ejp-horizontalablauf.jpg\" data-width=\"768\" data-height=\"859\" aria-label=\"EJP Wire Technology Drenaje horizontal\" role=\"img\" ><\/div>\n\t\t\t\t\t\t\t\t\t\t\t<div class=\"elementor-gallery-item__overlay\"><\/div>\n\t\t\t\t\t\t\t\t\t\t\t\t\t\t<\/a>\n\t\t\t\t\t\t\t<a class=\"e-gallery-item elementor-gallery-item elementor-animated-content\" href=\"https:\/\/ejpwire.com\/wp-content\/uploads\/2023\/07\/ejp-ablaufhaspel-ah-k.jpg\" data-elementor-open-lightbox=\"yes\" data-elementor-lightbox-slideshow=\"486e01d\" data-e-action-hash=\"#elementor-action%3Aaction%3Dlightbox%26settings%3DeyJpZCI6MTE4OCwidXJsIjoiaHR0cHM6XC9cL2VqcHdpcmUuY29tXC93cC1jb250ZW50XC91cGxvYWRzXC8yMDIzXC8wN1wvZWpwLWFibGF1Zmhhc3BlbC1haC1rLmpwZyIsInNsaWRlc2hvdyI6IjQ4NmUwMWQifQ%3D%3D\">\n\t\t\t\t\t<div class=\"e-gallery-image elementor-gallery-item__image\" data-thumbnail=\"https:\/\/ejpwire.com\/wp-content\/uploads\/2023\/07\/ejp-ablaufhaspel-ah-k.jpg\" data-width=\"587\" data-height=\"1000\" aria-label=\"EJP Wire Technology Carrete de pago\" role=\"img\" ><\/div>\n\t\t\t\t\t\t\t\t\t\t\t<div class=\"elementor-gallery-item__overlay\"><\/div>\n\t\t\t\t\t\t\t\t\t\t\t\t\t\t<\/a>\n\t\t\t\t\t<\/div>\n\t\t\t\t\t<\/div>\n\t\t\t\t<\/div>\n\t\t\t\t<div class=\"elementor-element elementor-element-c0b24cd elementor-widget-divider--view-line elementor-widget elementor-widget-divider\" data-id=\"c0b24cd\" data-element_type=\"widget\" data-widget_type=\"divider.default\">\n\t\t\t\t<div class=\"elementor-widget-container\">\n\t\t\t\t\t\t\t<div class=\"elementor-divider\">\n\t\t\t<span class=\"elementor-divider-separator\">\n\t\t\t\t\t\t<\/span>\n\t\t<\/div>\n\t\t\t\t\t\t<\/div>\n\t\t\t\t<\/div>\n\t\t\t\t<\/div>\n\t\t\t\t\t<\/div>\n\t\t\t\t<\/div>\n\t\t<div class=\"elementor-element elementor-element-d101f35 e-flex e-con-boxed e-con e-parent\" data-id=\"d101f35\" data-element_type=\"container\">\n\t\t\t\t\t<div class=\"e-con-inner\">\n\t\t<div class=\"elementor-element elementor-element-ba3ccc0 e-con-full e-flex e-con e-child\" data-id=\"ba3ccc0\" data-element_type=\"container\">\n\t\t\t\t<div class=\"elementor-element elementor-element-804598a elementor-align-center elementor-widget elementor-widget-button\" data-id=\"804598a\" data-element_type=\"widget\" data-widget_type=\"button.default\">\n\t\t\t\t<div class=\"elementor-widget-container\">\n\t\t\t\t\t\t\t\t\t<div class=\"elementor-button-wrapper\">\n\t\t\t\t\t<a class=\"elementor-button elementor-button-link elementor-size-md\" href=\"https:\/\/ejpwire.com\/wp-content\/uploads\/2025\/02\/EJP-Wire-Prospekt_2025.pdf\" target=\"_blank\">\n\t\t\t\t\t\t<span class=\"elementor-button-content-wrapper\">\n\t\t\t\t\t\t\t\t\t<span class=\"elementor-button-text\">Descargar el cat\u00e1logo de productos en PDF<\/span>\n\t\t\t\t\t<\/span>\n\t\t\t\t\t<\/a>\n\t\t\t\t<\/div>\n\t\t\t\t\t\t\t\t<\/div>\n\t\t\t\t<\/div>\n\t\t\t\t<\/div>\n\t\t<div class=\"elementor-element elementor-element-8ff4531 e-con-full e-flex e-con e-child\" data-id=\"8ff4531\" data-element_type=\"container\">\n\t\t\t\t<div class=\"elementor-element elementor-element-f2445ee elementor-align-center elementor-widget elementor-widget-button\" data-id=\"f2445ee\" data-element_type=\"widget\" data-widget_type=\"button.default\">\n\t\t\t\t<div class=\"elementor-widget-container\">\n\t\t\t\t\t\t\t\t\t<div class=\"elementor-button-wrapper\">\n\t\t\t\t\t<a class=\"elementor-button elementor-button-link elementor-size-md\" href=\"https:\/\/ejpwire.com\/es\/contacto-ejp-wire-technology\/\" target=\"_blank\">\n\t\t\t\t\t\t<span class=\"elementor-button-content-wrapper\">\n\t\t\t\t\t\t\t\t\t<span class=\"elementor-button-text\">P\u00f3ngase en contacto con<\/span>\n\t\t\t\t\t<\/span>\n\t\t\t\t\t<\/a>\n\t\t\t\t<\/div>\n\t\t\t\t\t\t\t\t<\/div>\n\t\t\t\t<\/div>\n\t\t\t\t<\/div>\n\t\t\t\t\t<\/div>\n\t\t\t\t<\/div>\n\t\t\t\t<\/div>","protected":false},"excerpt":{"rendered":"<p>Sumideros a\u00e9reos en dise\u00f1o estable vertical o inclinado, adecuados para alambres de hasta 16 mm de di\u00e1metro. Opcionalmente con coronas basculantes giratorias hidr\u00e1ulicamente, \u00e9stas tambi\u00e9n en ejecuci\u00f3n accionada. Carrete de descarga y descargas horizontales Carrete de descarga con bailar\u00edn Plataforma giratoria de descarga con brazo bailar\u00edn para el control de la velocidad y la sincronizaci\u00f3n, por ejemplo, con una trefiladora. Carrete de descarga - inclinablePlato giratorio de descarga para alojar bobinas\/pozos o bloques de corona, opcionalmente inclinable hidr\u00e1ulicamente y\/o [...].<\/p>","protected":false},"author":1,"featured_media":0,"parent":0,"menu_order":0,"comment_status":"closed","ping_status":"closed","template":"elementor_header_footer","meta":{"footnotes":""},"class_list":["post-88","page","type-page","status-publish","hentry"],"_links":{"self":[{"href":"https:\/\/ejpwire.com\/es\/wp-json\/wp\/v2\/pages\/88","targetHints":{"allow":["GET"]}}],"collection":[{"href":"https:\/\/ejpwire.com\/es\/wp-json\/wp\/v2\/pages"}],"about":[{"href":"https:\/\/ejpwire.com\/es\/wp-json\/wp\/v2\/types\/page"}],"author":[{"embeddable":true,"href":"https:\/\/ejpwire.com\/es\/wp-json\/wp\/v2\/users\/1"}],"replies":[{"embeddable":true,"href":"https:\/\/ejpwire.com\/es\/wp-json\/wp\/v2\/comments?post=88"}],"version-history":[{"count":102,"href":"https:\/\/ejpwire.com\/es\/wp-json\/wp\/v2\/pages\/88\/revisions"}],"predecessor-version":[{"id":2203,"href":"https:\/\/ejpwire.com\/es\/wp-json\/wp\/v2\/pages\/88\/revisions\/2203"}],"wp:attachment":[{"href":"https:\/\/ejpwire.com\/es\/wp-json\/wp\/v2\/media?parent=88"}],"curies":[{"name":"wp","href":"https:\/\/api.w.org\/{rel}","templated":true}]}}