{"id":443,"date":"2020-05-29T06:53:01","date_gmt":"2020-05-29T06:53:01","guid":{"rendered":"https:\/\/ejpwitec.com\/?page_id=443"},"modified":"2020-11-03T11:26:25","modified_gmt":"2020-11-03T11:26:25","slug":"wire-descaling-systems","status":"publish","type":"page","link":"https:\/\/ejpwire.com\/es\/sistemas-de-desactivacion-por-cable","title":{"rendered":"Sistemas de descalcificaci\u00f3n"},"content":{"rendered":"<div data-elementor-type=\"wp-page\" data-elementor-id=\"443\" class=\"elementor elementor-443\" data-elementor-post-type=\"page\">\n\t\t\t\t\t\t<section class=\"elementor-section elementor-top-section elementor-element elementor-element-49c9f840 elementor-section-boxed elementor-section-height-default elementor-section-height-default\" data-id=\"49c9f840\" data-element_type=\"section\">\n\t\t\t\t\t\t<div class=\"elementor-container elementor-column-gap-default\">\n\t\t\t\t\t<div class=\"elementor-column elementor-col-50 elementor-top-column elementor-element elementor-element-78d7c0f5\" data-id=\"78d7c0f5\" data-element_type=\"column\">\n\t\t\t<div class=\"elementor-widget-wrap elementor-element-populated\">\n\t\t\t\t\t\t<div class=\"elementor-element elementor-element-245831e elementor-widget elementor-widget-spacer\" data-id=\"245831e\" data-element_type=\"widget\" data-widget_type=\"spacer.default\">\n\t\t\t\t<div class=\"elementor-widget-container\">\n\t\t\t\t\t\t\t<div class=\"elementor-spacer\">\n\t\t\t<div class=\"elementor-spacer-inner\"><\/div>\n\t\t<\/div>\n\t\t\t\t\t\t<\/div>\n\t\t\t\t<\/div>\n\t\t\t\t<div class=\"elementor-element elementor-element-57f3d119 elementor-widget elementor-widget-text-editor\" data-id=\"57f3d119\" data-element_type=\"widget\" data-widget_type=\"text-editor.default\">\n\t\t\t\t<div class=\"elementor-widget-container\">\n\t\t\t\t\t\t\t\t\t<h1>Sistemas de descalcificaci\u00f3n<\/h1>\t\t\t\t\t\t\t\t<\/div>\n\t\t\t\t<\/div>\n\t\t\t\t<div class=\"elementor-element elementor-element-16072f38 elementor-widget-divider--view-line elementor-widget elementor-widget-divider\" data-id=\"16072f38\" data-element_type=\"widget\" data-widget_type=\"divider.default\">\n\t\t\t\t<div class=\"elementor-widget-container\">\n\t\t\t\t\t\t\t<div class=\"elementor-divider\">\n\t\t\t<span class=\"elementor-divider-separator\">\n\t\t\t\t\t\t<\/span>\n\t\t<\/div>\n\t\t\t\t\t\t<\/div>\n\t\t\t\t<\/div>\n\t\t\t\t\t<\/div>\n\t\t<\/div>\n\t\t\t\t<div class=\"elementor-column elementor-col-50 elementor-top-column elementor-element elementor-element-46958f86\" data-id=\"46958f86\" data-element_type=\"column\">\n\t\t\t<div class=\"elementor-widget-wrap elementor-element-populated\">\n\t\t\t\t\t\t<div class=\"elementor-element elementor-element-3215589 elementor-align-right elementor-widget elementor-widget-button\" data-id=\"3215589\" data-element_type=\"widget\" data-widget_type=\"button.default\">\n\t\t\t\t<div class=\"elementor-widget-container\">\n\t\t\t\t\t\t\t\t\t<div class=\"elementor-button-wrapper\">\n\t\t\t\t\t<a class=\"elementor-button elementor-button-link elementor-size-md\" href=\"https:\/\/ejpwitec.com\/wp-content\/uploads\/2020\/10\/EJP-WIRE-Technology_Prospekt.pdf\" target=\"_blank\" rel=\"noopener\">\n\t\t\t\t\t\t<span class=\"elementor-button-content-wrapper\">\n\t\t\t\t\t\t\t\t\t<span class=\"elementor-button-text\">Descargar el cat\u00e1logo de productos en PDF<\/span>\n\t\t\t\t\t<\/span>\n\t\t\t\t\t<\/a>\n\t\t\t\t<\/div>\n\t\t\t\t\t\t\t\t<\/div>\n\t\t\t\t<\/div>\n\t\t\t\t\t<\/div>\n\t\t<\/div>\n\t\t\t\t\t<\/div>\n\t\t<\/section>\n\t\t\t\t<section class=\"elementor-section elementor-top-section elementor-element elementor-element-4e64dafe elementor-section-boxed elementor-section-height-default elementor-section-height-default\" data-id=\"4e64dafe\" data-element_type=\"section\">\n\t\t\t\t\t\t<div class=\"elementor-container elementor-column-gap-default\">\n\t\t\t\t\t<div class=\"elementor-column elementor-col-50 elementor-top-column elementor-element elementor-element-3f6ba2bd\" data-id=\"3f6ba2bd\" data-element_type=\"column\">\n\t\t\t<div class=\"elementor-widget-wrap elementor-element-populated\">\n\t\t\t\t\t\t<div class=\"elementor-element elementor-element-282edb8c elementor-widget elementor-widget-text-editor\" data-id=\"282edb8c\" data-element_type=\"widget\" data-widget_type=\"text-editor.default\">\n\t\t\t\t<div class=\"elementor-widget-container\">\n\t\t\t\t\t\t\t\t\t<h2><span style=\"color: #ff0000;\">Desincrustante para curvas<\/span><\/h2>\t\t\t\t\t\t\t\t<\/div>\n\t\t\t\t<\/div>\n\t\t\t\t\t<\/div>\n\t\t<\/div>\n\t\t\t\t<div class=\"elementor-column elementor-col-50 elementor-top-column elementor-element elementor-element-6ee51280\" data-id=\"6ee51280\" data-element_type=\"column\">\n\t\t\t<div class=\"elementor-widget-wrap elementor-element-populated\">\n\t\t\t\t\t\t<div class=\"elementor-element elementor-element-16e9b61 elementor-widget elementor-widget-image\" data-id=\"16e9b61\" data-element_type=\"widget\" data-widget_type=\"image.default\">\n\t\t\t\t<div class=\"elementor-widget-container\">\n\t\t\t\t\t\t\t\t\t\t\t\t\t\t\t<img decoding=\"async\" src=\"https:\/\/ejpwire.com\/wp-content\/uploads\/elementor\/thumbs\/ejp-wire-technology-entzunderungsanlage-be-65-qayqffdtcpz3en9k3u8884mzqt2inenys2pdfw33eo.jpg\" title=\"ejp-wire-technology-descaling-plant-be-65\" alt=\"ejp-wire-technology-descaling-plant-be-65\" loading=\"lazy\" \/>\t\t\t\t\t\t\t\t\t\t\t\t\t\t\t<\/div>\n\t\t\t\t<\/div>\n\t\t\t\t<div class=\"elementor-element elementor-element-66ce3cb7 elementor-widget elementor-widget-text-editor\" data-id=\"66ce3cb7\" data-element_type=\"widget\" data-widget_type=\"text-editor.default\">\n\t\t\t\t<div class=\"elementor-widget-container\">\n\t\t\t\t\t\t\t\t\t<h3>Desincrustante para curvas BE-65<\/h3><p>Desincrustador de plegado y rotura fuerte para di\u00e1metros de alambre de hasta 5,5 - 8,0 mm, opcionalmente con dispositivo de alimentaci\u00f3n combinado.<\/p>\t\t\t\t\t\t\t\t<\/div>\n\t\t\t\t<\/div>\n\t\t\t\t<div class=\"elementor-element elementor-element-65655085 elementor-widget-divider--view-line elementor-widget elementor-widget-divider\" data-id=\"65655085\" data-element_type=\"widget\" data-widget_type=\"divider.default\">\n\t\t\t\t<div class=\"elementor-widget-container\">\n\t\t\t\t\t\t\t<div class=\"elementor-divider\">\n\t\t\t<span class=\"elementor-divider-separator\">\n\t\t\t\t\t\t<\/span>\n\t\t<\/div>\n\t\t\t\t\t\t<\/div>\n\t\t\t\t<\/div>\n\t\t\t\t<div class=\"elementor-element elementor-element-e9cd2bd elementor-widget elementor-widget-text-editor\" data-id=\"e9cd2bd\" data-element_type=\"widget\" data-widget_type=\"text-editor.default\">\n\t\t\t\t<div class=\"elementor-widget-container\">\n\t\t\t\t\t\t\t\t\t<h3>Desincrustante para curvas BE-2<\/h3><p>Desincrustador de plegado y rotura fuerte para di\u00e1metros de alambre de hasta 18,0 mm, opcionalmente con dispositivo de alimentaci\u00f3n combinado.<\/p>\t\t\t\t\t\t\t\t<\/div>\n\t\t\t\t<\/div>\n\t\t\t\t<div class=\"elementor-element elementor-element-2a0f6e2 elementor-widget-divider--view-line elementor-widget elementor-widget-divider\" data-id=\"2a0f6e2\" data-element_type=\"widget\" data-widget_type=\"divider.default\">\n\t\t\t\t<div class=\"elementor-widget-container\">\n\t\t\t\t\t\t\t<div class=\"elementor-divider\">\n\t\t\t<span class=\"elementor-divider-separator\">\n\t\t\t\t\t\t<\/span>\n\t\t<\/div>\n\t\t\t\t\t\t<\/div>\n\t\t\t\t<\/div>\n\t\t\t\t<div class=\"elementor-element elementor-element-fff43b3 elementor-widget elementor-widget-image\" data-id=\"fff43b3\" data-element_type=\"widget\" data-widget_type=\"image.default\">\n\t\t\t\t<div class=\"elementor-widget-container\">\n\t\t\t\t\t\t\t\t\t\t\t\t\t\t\t<img decoding=\"async\" src=\"https:\/\/ejpwire.com\/wp-content\/uploads\/elementor\/thumbs\/ejp-wire-technology-descaling-system-be-8-qayqffdy850a5x672w98flcctebf3bpdjd3dttscsw.jpg\" title=\"ejp-wire-technology-descaling-system-be-8\" alt=\"Sistema de descalcificaci\u00f3n EJP WiTEC\" loading=\"lazy\" \/>\t\t\t\t\t\t\t\t\t\t\t\t\t\t\t<\/div>\n\t\t\t\t<\/div>\n\t\t\t\t<div class=\"elementor-element elementor-element-2afa8929 elementor-widget elementor-widget-text-editor\" data-id=\"2afa8929\" data-element_type=\"widget\" data-widget_type=\"text-editor.default\">\n\t\t\t\t<div class=\"elementor-widget-container\">\n\t\t\t\t\t\t\t\t\t<h3>Desincrustante para curvas BE-8<\/h3><p>Desincrustador de plegado y rotura para di\u00e1metros de alambre de hasta 13,5 mm, disponible en dise\u00f1o sencillo, as\u00ed como con alimentaci\u00f3n neum\u00e1tica o hidr\u00e1ulica de los rodillos de plegado.<\/p>\t\t\t\t\t\t\t\t<\/div>\n\t\t\t\t<\/div>\n\t\t\t\t<div class=\"elementor-element elementor-element-947d5f0 elementor-widget-divider--view-line elementor-widget elementor-widget-divider\" data-id=\"947d5f0\" data-element_type=\"widget\" data-widget_type=\"divider.default\">\n\t\t\t\t<div class=\"elementor-widget-container\">\n\t\t\t\t\t\t\t<div class=\"elementor-divider\">\n\t\t\t<span class=\"elementor-divider-separator\">\n\t\t\t\t\t\t<\/span>\n\t\t<\/div>\n\t\t\t\t\t\t<\/div>\n\t\t\t\t<\/div>\n\t\t\t\t\t<\/div>\n\t\t<\/div>\n\t\t\t\t\t<\/div>\n\t\t<\/section>\n\t\t\t\t<section class=\"elementor-section elementor-top-section elementor-element elementor-element-1acdecca elementor-section-boxed elementor-section-height-default elementor-section-height-default\" data-id=\"1acdecca\" data-element_type=\"section\">\n\t\t\t\t\t\t<div class=\"elementor-container elementor-column-gap-default\">\n\t\t\t\t\t<div class=\"elementor-column elementor-col-50 elementor-top-column elementor-element elementor-element-4c370b0a\" data-id=\"4c370b0a\" data-element_type=\"column\">\n\t\t\t<div class=\"elementor-widget-wrap elementor-element-populated\">\n\t\t\t\t\t\t<div class=\"elementor-element elementor-element-56d3a645 elementor-widget elementor-widget-text-editor\" data-id=\"56d3a645\" data-element_type=\"widget\" data-widget_type=\"text-editor.default\">\n\t\t\t\t<div class=\"elementor-widget-container\">\n\t\t\t\t\t\t\t\t\t<h2><span style=\"color: #ff0000;\">Desincrustante para cepillos<\/span><\/h2>\t\t\t\t\t\t\t\t<\/div>\n\t\t\t\t<\/div>\n\t\t\t\t\t<\/div>\n\t\t<\/div>\n\t\t\t\t<div class=\"elementor-column elementor-col-50 elementor-top-column elementor-element elementor-element-60a30ed3\" data-id=\"60a30ed3\" data-element_type=\"column\">\n\t\t\t<div class=\"elementor-widget-wrap elementor-element-populated\">\n\t\t\t\t\t\t<div class=\"elementor-element elementor-element-66a9268 elementor-widget elementor-widget-image\" data-id=\"66a9268\" data-element_type=\"widget\" data-widget_type=\"image.default\">\n\t\t\t\t<div class=\"elementor-widget-container\">\n\t\t\t\t\t\t\t\t\t\t\t\t\t\t\t<img decoding=\"async\" src=\"https:\/\/ejpwire.com\/wp-content\/uploads\/elementor\/thumbs\/ejp-wire-technology-descaling-system-rb-4-qayqffdy850a5x672w98flcctebf3bpdjd3dttscuu.jpg\" title=\"ejp-wire-technology-descaling-system-RB-4\" alt=\"Desincrustante de alambre EJP WiTEC\" loading=\"lazy\" \/>\t\t\t\t\t\t\t\t\t\t\t\t\t\t\t<\/div>\n\t\t\t\t<\/div>\n\t\t\t\t<div class=\"elementor-element elementor-element-6e761256 elementor-widget elementor-widget-text-editor\" data-id=\"6e761256\" data-element_type=\"widget\" data-widget_type=\"text-editor.default\">\n\t\t\t\t<div class=\"elementor-widget-container\">\n\t\t\t\t\t\t\t\t\t<h3>Desincrustante para cepillos redondos RB-4<\/h3><p>Dependiendo de la versi\u00f3n, la cepilladora redonda es adecuada para di\u00e1metros de alambre de hasta 18,0 mm, as\u00ed como para alambres preestirados de hasta 1,2 mm. Adem\u00e1s, es adecuada tanto para la limpieza agresiva (mediante cepillos redondos) como extremadamente suave del alambre (mediante cepillos lijadores) en funcionamiento continuo. Un ingenioso sistema de alimentaci\u00f3n de cepillos permite un funcionamiento muy eficaz con altas velocidades de paso y una larga vida \u00fatil de los cepillos.<\/p>\t\t\t\t\t\t\t\t<\/div>\n\t\t\t\t<\/div>\n\t\t\t\t<div class=\"elementor-element elementor-element-30d8d1b elementor-widget-divider--view-line elementor-widget elementor-widget-divider\" data-id=\"30d8d1b\" data-element_type=\"widget\" data-widget_type=\"divider.default\">\n\t\t\t\t<div class=\"elementor-widget-container\">\n\t\t\t\t\t\t\t<div class=\"elementor-divider\">\n\t\t\t<span class=\"elementor-divider-separator\">\n\t\t\t\t\t\t<\/span>\n\t\t<\/div>\n\t\t\t\t\t\t<\/div>\n\t\t\t\t<\/div>\n\t\t\t\t<div class=\"elementor-element elementor-element-78115b6 elementor-widget elementor-widget-image\" data-id=\"78115b6\" data-element_type=\"widget\" data-widget_type=\"image.default\">\n\t\t\t\t<div class=\"elementor-widget-container\">\n\t\t\t\t\t\t\t\t\t\t\t\t\t\t\t<img decoding=\"async\" src=\"https:\/\/ejpwire.com\/wp-content\/uploads\/elementor\/thumbs\/ejp-wire-technology-descaling-system-tb-2-qayqffdy850a5x672w98flcctebf3bpdjd3dttsddq.jpg\" title=\"ejp-wire-technology-descaling-system-tb-2\" alt=\"Desincrustante de alambre EJP WiTEC\" loading=\"lazy\" \/>\t\t\t\t\t\t\t\t\t\t\t\t\t\t\t<\/div>\n\t\t\t\t<\/div>\n\t\t\t\t<div class=\"elementor-element elementor-element-590be3cb elementor-widget elementor-widget-text-editor\" data-id=\"590be3cb\" data-element_type=\"widget\" data-widget_type=\"text-editor.default\">\n\t\t\t\t<div class=\"elementor-widget-container\">\n\t\t\t\t\t\t\t\t\t<h3>Desincrustante para cepillos de disco TB-2<\/h3><p>La unidad de cepillos de disco es adecuada para di\u00e1metros de alambre de 5,5 mm a 30,0 mm (seg\u00fan el modelo) y resulta id\u00f3nea para una limpieza muy eficaz del alambre en funcionamiento continuo, a pesar de su dise\u00f1o sencillo y sus bajos costes de inversi\u00f3n. Un sistema de ajuste del cepillo bien dise\u00f1ado permite un desgaste muy uniforme de todos los cepillos.<\/p>\t\t\t\t\t\t\t\t<\/div>\n\t\t\t\t<\/div>\n\t\t\t\t<div class=\"elementor-element elementor-element-7c960e98 elementor-widget-divider--view-line elementor-widget elementor-widget-divider\" data-id=\"7c960e98\" data-element_type=\"widget\" data-widget_type=\"divider.default\">\n\t\t\t\t<div class=\"elementor-widget-container\">\n\t\t\t\t\t\t\t<div class=\"elementor-divider\">\n\t\t\t<span class=\"elementor-divider-separator\">\n\t\t\t\t\t\t<\/span>\n\t\t<\/div>\n\t\t\t\t\t\t<\/div>\n\t\t\t\t<\/div>\n\t\t\t\t\t<\/div>\n\t\t<\/div>\n\t\t\t\t\t<\/div>\n\t\t<\/section>\n\t\t\t\t<section class=\"elementor-section elementor-top-section elementor-element elementor-element-2b4dac2 elementor-section-boxed elementor-section-height-default elementor-section-height-default\" data-id=\"2b4dac2\" data-element_type=\"section\">\n\t\t\t\t\t\t<div class=\"elementor-container elementor-column-gap-default\">\n\t\t\t\t\t<div class=\"elementor-column elementor-col-50 elementor-top-column elementor-element elementor-element-63f713f\" data-id=\"63f713f\" data-element_type=\"column\">\n\t\t\t<div class=\"elementor-widget-wrap elementor-element-populated\">\n\t\t\t\t\t\t<div class=\"elementor-element elementor-element-5c6c342 elementor-widget elementor-widget-text-editor\" data-id=\"5c6c342\" data-element_type=\"widget\" data-widget_type=\"text-editor.default\">\n\t\t\t\t<div class=\"elementor-widget-container\">\n\t\t\t\t\t\t\t\t\t<h2><span style=\"color: #ff0000;\">Desincrustante de lana de acero<\/span><\/h2>\t\t\t\t\t\t\t\t<\/div>\n\t\t\t\t<\/div>\n\t\t\t\t\t<\/div>\n\t\t<\/div>\n\t\t\t\t<div class=\"elementor-column elementor-col-50 elementor-top-column elementor-element elementor-element-4c18d8e\" data-id=\"4c18d8e\" data-element_type=\"column\">\n\t\t\t<div class=\"elementor-widget-wrap elementor-element-populated\">\n\t\t\t\t\t\t<div class=\"elementor-element elementor-element-8bb34e4 elementor-widget elementor-widget-image\" data-id=\"8bb34e4\" data-element_type=\"widget\" data-widget_type=\"image.default\">\n\t\t\t\t<div class=\"elementor-widget-container\">\n\t\t\t\t\t\t\t\t\t\t\t\t\t\t\t<img decoding=\"async\" src=\"https:\/\/ejpwire.com\/wp-content\/uploads\/elementor\/thumbs\/ejp-wire-technologies-drahtentzunderung-wire-descaling-tbf-swe-rr-qayqfgbuuolascrq331a614iprpn2ra6g3xjjznhk8.jpg\" title=\"ejp-wire-technologies-wire-descaling-tbf-swe-rr\" alt=\"desincrustadora de alambre\" loading=\"lazy\" \/>\t\t\t\t\t\t\t\t\t\t\t\t\t\t\t<\/div>\n\t\t\t\t<\/div>\n\t\t\t\t<div class=\"elementor-element elementor-element-bbd8495 elementor-widget elementor-widget-text-editor\" data-id=\"bbd8495\" data-element_type=\"widget\" data-widget_type=\"text-editor.default\">\n\t\t\t\t<div class=\"elementor-widget-container\">\n\t\t\t\t\t\t\t\t\t<h3>Steel Woll Descaler SWE<\/h3><p>El sistema de descascarillado con lana de acero dispone de secciones de limpieza fijas y giratorias, que pueden funcionar de forma selectiva o alterna con lana de acero o almohadillas de cepillo. Esto convierte a la m\u00e1quina en una alternativa de desincrustaci\u00f3n de bajo coste y resulta especialmente adecuada para trefiladoras cortas y velocidades de producci\u00f3n m\u00e1s lentas, con un enfoque en la producci\u00f3n de bajo coste.<\/p>\t\t\t\t\t\t\t\t<\/div>\n\t\t\t\t<\/div>\n\t\t\t\t<div class=\"elementor-element elementor-element-2e6a71b elementor-widget-divider--view-line elementor-widget elementor-widget-divider\" data-id=\"2e6a71b\" data-element_type=\"widget\" data-widget_type=\"divider.default\">\n\t\t\t\t<div class=\"elementor-widget-container\">\n\t\t\t\t\t\t\t<div class=\"elementor-divider\">\n\t\t\t<span class=\"elementor-divider-separator\">\n\t\t\t\t\t\t<\/span>\n\t\t<\/div>\n\t\t\t\t\t\t<\/div>\n\t\t\t\t<\/div>\n\t\t\t\t\t<\/div>\n\t\t<\/div>\n\t\t\t\t\t<\/div>\n\t\t<\/section>\n\t\t\t\t<section class=\"elementor-section elementor-top-section elementor-element elementor-element-f3d8bc9 elementor-section-boxed elementor-section-height-default elementor-section-height-default\" data-id=\"f3d8bc9\" data-element_type=\"section\">\n\t\t\t\t\t\t<div class=\"elementor-container elementor-column-gap-default\">\n\t\t\t\t\t<div class=\"elementor-column elementor-col-50 elementor-top-column elementor-element elementor-element-580aed59\" data-id=\"580aed59\" data-element_type=\"column\">\n\t\t\t<div class=\"elementor-widget-wrap elementor-element-populated\">\n\t\t\t\t\t\t<div class=\"elementor-element elementor-element-733fbd61 elementor-widget elementor-widget-text-editor\" data-id=\"733fbd61\" data-element_type=\"widget\" data-widget_type=\"text-editor.default\">\n\t\t\t\t<div class=\"elementor-widget-container\">\n\t\t\t\t\t\t\t\t\t<h2><span style=\"color: #ff0000;\">Desincrustante de lijado<\/span><\/h2>\t\t\t\t\t\t\t\t<\/div>\n\t\t\t\t<\/div>\n\t\t\t\t\t<\/div>\n\t\t<\/div>\n\t\t\t\t<div class=\"elementor-column elementor-col-50 elementor-top-column elementor-element elementor-element-60ef7850\" data-id=\"60ef7850\" data-element_type=\"column\">\n\t\t\t<div class=\"elementor-widget-wrap elementor-element-populated\">\n\t\t\t\t\t\t<div class=\"elementor-element elementor-element-10acc30e elementor-widget elementor-widget-text-editor\" data-id=\"10acc30e\" data-element_type=\"widget\" data-widget_type=\"text-editor.default\">\n\t\t\t\t<div class=\"elementor-widget-container\">\n\t\t\t\t\t\t\t\t\t<h3>Desincrustante lijador de doble cabezal SA-4<\/h3><p>Desincrustador de lijado \/ esmerilado, funcionamiento con dos cintas de arena, adecuado para desincrustar alambre en un proceso continuo mediante la rotaci\u00f3n continua de dos cintas de lijado alrededor del alambre. Proceso \u00f3ptimo para alcanzar las m\u00e1s altas velocidades de trefilado y vida \u00fatil de las hileras de trefilado gracias a la alta calidad de limpieza en comparaci\u00f3n con todos los dem\u00e1s procesos de desincrustaci\u00f3n. Adem\u00e1s, los costes de producci\u00f3n pueden reducirse hasta 75% en comparaci\u00f3n con los procesos de decapado qu\u00edmico, por ejemplo.<\/p>\t\t\t\t\t\t\t\t<\/div>\n\t\t\t\t<\/div>\n\t\t\t\t<div class=\"elementor-element elementor-element-7a4ad335 elementor-widget-divider--view-line elementor-widget elementor-widget-divider\" data-id=\"7a4ad335\" data-element_type=\"widget\" data-widget_type=\"divider.default\">\n\t\t\t\t<div class=\"elementor-widget-container\">\n\t\t\t\t\t\t\t<div class=\"elementor-divider\">\n\t\t\t<span class=\"elementor-divider-separator\">\n\t\t\t\t\t\t<\/span>\n\t\t<\/div>\n\t\t\t\t\t\t<\/div>\n\t\t\t\t<\/div>\n\t\t\t\t<div class=\"elementor-element elementor-element-7406a78 elementor-arrows-position-outside elementor-widget elementor-widget-image-carousel\" data-id=\"7406a78\" data-element_type=\"widget\" data-settings=\"{&quot;slides_to_show&quot;:&quot;1&quot;,&quot;navigation&quot;:&quot;arrows&quot;,&quot;autoplay_speed&quot;:7000,&quot;autoplay&quot;:&quot;yes&quot;,&quot;pause_on_hover&quot;:&quot;yes&quot;,&quot;pause_on_interaction&quot;:&quot;yes&quot;,&quot;infinite&quot;:&quot;yes&quot;,&quot;effect&quot;:&quot;slide&quot;,&quot;speed&quot;:500}\" data-widget_type=\"image-carousel.default\">\n\t\t\t\t<div class=\"elementor-widget-container\">\n\t\t\t\t\t\t\t<div class=\"elementor-image-carousel-wrapper swiper\" role=\"region\" aria-roledescription=\"carousel\" aria-label=\"Image Carousel\" dir=\"ltr\">\n\t\t\t<div class=\"elementor-image-carousel swiper-wrapper\" aria-live=\"off\">\n\t\t\t\t\t\t\t\t<div class=\"swiper-slide\" role=\"group\" aria-roledescription=\"slide\" aria-label=\"1 sur 2\" data-no-translation-aria-label=\"\"><figure class=\"swiper-slide-inner\"><img decoding=\"async\" class=\"swiper-slide-image\" src=\"https:\/\/ejpwire.com\/wp-content\/uploads\/elementor\/thumbs\/ejp-wire-technology-sa-2-qayqffe0numab468kvchpyp3nrn2ym36hx9e6jsof4.jpg\" alt=\"EJP WiTEC Desincrustante de lijado SA-2\" \/><\/figure><\/div><div class=\"swiper-slide\" role=\"group\" aria-roledescription=\"slide\" aria-label=\"2 sur 2\" data-no-translation-aria-label=\"\"><figure class=\"swiper-slide-inner\"><img decoding=\"async\" class=\"swiper-slide-image\" src=\"https:\/\/ejpwire.com\/wp-content\/uploads\/elementor\/thumbs\/ejp-wire-technology-sanding-descaler-qayqffe0numab468kvchpyp3nrn2ym36hx9e6jsof4.jpg\" alt=\"EJP WiTEC Desincrustante de lijado SA-2\" \/><\/figure><\/div>\t\t\t<\/div>\n\t\t\t\t\t\t\t\t\t\t\t\t<div class=\"elementor-swiper-button elementor-swiper-button-prev\" role=\"button\" tabindex=\"0\">\n\t\t\t\t\t\t<i aria-hidden=\"true\" class=\"eicon-chevron-left\"><\/i>\t\t\t\t\t<\/div>\n\t\t\t\t\t<div class=\"elementor-swiper-button elementor-swiper-button-next\" role=\"button\" tabindex=\"0\">\n\t\t\t\t\t\t<i aria-hidden=\"true\" class=\"eicon-chevron-right\"><\/i>\t\t\t\t\t<\/div>\n\t\t\t\t\n\t\t\t\t\t\t\t\t\t<\/div>\n\t\t\t\t\t\t<\/div>\n\t\t\t\t<\/div>\n\t\t\t\t<div class=\"elementor-element elementor-element-15ee7020 elementor-widget elementor-widget-text-editor\" data-id=\"15ee7020\" data-element_type=\"widget\" data-widget_type=\"text-editor.default\">\n\t\t\t\t<div class=\"elementor-widget-container\">\n\t\t\t\t\t\t\t\t\t<h3>Desincrustante de lijado SA-2<\/h3><p>Desincrustador de lijado \/ esmerilado, que funciona con una cinta de arena, adecuado para desincrustar alambre en un proceso continuo mediante la rotaci\u00f3n continua de una cinta de lijado alrededor del alambre. Proceso \u00f3ptimo para alcanzar las m\u00e1s altas velocidades de trefilado y vida \u00fatil de las hileras de trefilado gracias a la alta calidad de limpieza en comparaci\u00f3n con todos los dem\u00e1s procesos de desincrustaci\u00f3n. Adem\u00e1s, los costes de producci\u00f3n pueden reducirse hasta 75% en comparaci\u00f3n con los procesos de decapado qu\u00edmico, por ejemplo.<\/p>\t\t\t\t\t\t\t\t<\/div>\n\t\t\t\t<\/div>\n\t\t\t\t\t<\/div>\n\t\t<\/div>\n\t\t\t\t\t<\/div>\n\t\t<\/section>\n\t\t\t\t<\/div>","protected":false},"excerpt":{"rendered":"<p>Sistemas de descalcificaci\u00f3n Descargar cat\u00e1logo de productos en formato PDF Descalcificador por plegado Descalcificador por plegado BE-65 Descalcificaci\u00f3n pesada por plegado y rotura para di\u00e1metros de alambre de hasta 5,5 - 8,0 mm, opcionalmente con dispositivo de alimentaci\u00f3n combinado. Desincrustante de plegado BE-2 Desincrustante de plegado y rotura fuerte para di\u00e1metros de alambre de hasta 18,0 mm, opcionalmente con dispositivo de alimentaci\u00f3n combinado. Desincrustador de doblado BE-8 [...]<\/p>","protected":false},"author":1,"featured_media":0,"parent":0,"menu_order":0,"comment_status":"closed","ping_status":"closed","template":"elementor_header_footer","meta":{"footnotes":""},"class_list":["post-443","page","type-page","status-publish","hentry"],"_links":{"self":[{"href":"https:\/\/ejpwire.com\/es\/wp-json\/wp\/v2\/pages\/443","targetHints":{"allow":["GET"]}}],"collection":[{"href":"https:\/\/ejpwire.com\/es\/wp-json\/wp\/v2\/pages"}],"about":[{"href":"https:\/\/ejpwire.com\/es\/wp-json\/wp\/v2\/types\/page"}],"author":[{"embeddable":true,"href":"https:\/\/ejpwire.com\/es\/wp-json\/wp\/v2\/users\/1"}],"replies":[{"embeddable":true,"href":"https:\/\/ejpwire.com\/es\/wp-json\/wp\/v2\/comments?post=443"}],"version-history":[{"count":18,"href":"https:\/\/ejpwire.com\/es\/wp-json\/wp\/v2\/pages\/443\/revisions"}],"predecessor-version":[{"id":810,"href":"https:\/\/ejpwire.com\/es\/wp-json\/wp\/v2\/pages\/443\/revisions\/810"}],"wp:attachment":[{"href":"https:\/\/ejpwire.com\/es\/wp-json\/wp\/v2\/media?parent=443"}],"curies":[{"name":"wp","href":"https:\/\/api.w.org\/{rel}","templated":true}]}}