{"id":171,"date":"2020-05-12T08:42:16","date_gmt":"2020-05-12T08:42:16","guid":{"rendered":"https:\/\/ejpwitec.com\/?page_id=171"},"modified":"2025-11-03T12:16:41","modified_gmt":"2025-11-03T12:16:41","slug":"ueber-uns","status":"publish","type":"page","link":"https:\/\/ejpwire.com\/es\/origen-y-futuro","title":{"rendered":"Origen y futuro"},"content":{"rendered":"<div data-elementor-type=\"wp-page\" data-elementor-id=\"171\" class=\"elementor elementor-171\" data-elementor-post-type=\"page\">\n\t\t\t\t<div class=\"elementor-element elementor-element-1d1470f e-flex e-con-boxed e-con e-parent\" data-id=\"1d1470f\" data-element_type=\"container\" data-settings=\"{&quot;background_background&quot;:&quot;classic&quot;}\">\n\t\t\t\t\t<div class=\"e-con-inner\">\n\t\t\t\t<div class=\"elementor-element elementor-element-6c91448 elementor-widget elementor-widget-heading\" data-id=\"6c91448\" data-element_type=\"widget\" data-widget_type=\"heading.default\">\n\t\t\t\t<div class=\"elementor-widget-container\">\n\t\t\t\t\t<h1 class=\"elementor-heading-title elementor-size-default\">Reci\u00e9n fundada - con m\u00e1s de 20 a\u00f1os de know-how y experiencia en el dise\u00f1o y construcci\u00f3n de m\u00e1quinas para la industria del alambre.<\/h1>\t\t\t\t<\/div>\n\t\t\t\t<\/div>\n\t\t\t\t<div class=\"elementor-element elementor-element-3c7f165 elementor-widget elementor-widget-text-editor\" data-id=\"3c7f165\" data-element_type=\"widget\" data-widget_type=\"text-editor.default\">\n\t\t\t\t<div class=\"elementor-widget-container\">\n\t\t\t\t\t\t\t\t\t<p><span style=\"color: #ff0000;\">Nuestros conocimientos t\u00e9cnicos se basan en los documentos de dise\u00f1o y fabricaci\u00f3n de la oficina de ingenier\u00eda LKe Lothar K\u00f6ppen. Desde 2004 se construyen all\u00ed m\u00e1quinas e instalaciones para la industria del alambre, que constituyen la base del programa de producci\u00f3n actual de la <\/span><strong><span style=\"color: #ff0000;\">EJP WIRE Technology GmbH <\/span><\/strong><span style=\"color: #ff0000;\">son. Otro campo de actividad es la planificaci\u00f3n de instalaciones de producci\u00f3n, incluida la planificaci\u00f3n completa de f\u00e1bricas.<\/span><\/p>\t\t\t\t\t\t\t\t<\/div>\n\t\t\t\t<\/div>\n\t\t\t\t<div class=\"elementor-element elementor-element-04088fd elementor-widget elementor-widget-image-carousel\" data-id=\"04088fd\" data-element_type=\"widget\" data-settings=\"{&quot;slides_to_show&quot;:&quot;2&quot;,&quot;navigation&quot;:&quot;none&quot;,&quot;autoplay_speed&quot;:3000,&quot;autoplay&quot;:&quot;yes&quot;,&quot;pause_on_hover&quot;:&quot;yes&quot;,&quot;pause_on_interaction&quot;:&quot;yes&quot;,&quot;infinite&quot;:&quot;yes&quot;,&quot;speed&quot;:500}\" data-widget_type=\"image-carousel.default\">\n\t\t\t\t<div class=\"elementor-widget-container\">\n\t\t\t\t\t\t\t<div class=\"elementor-image-carousel-wrapper swiper\" role=\"region\" aria-roledescription=\"carousel\" aria-label=\"Bild Karussell\" dir=\"ltr\">\n\t\t\t<div class=\"elementor-image-carousel swiper-wrapper swiper-image-stretch\" aria-live=\"off\">\n\t\t\t\t\t\t\t\t<div class=\"swiper-slide\" role=\"group\" aria-roledescription=\"slide\" aria-label=\"1 de 3\" data-no-translation-aria-label=\"\"><figure class=\"swiper-slide-inner\"><img decoding=\"async\" class=\"swiper-slide-image\" src=\"https:\/\/ejpwire.com\/wp-content\/uploads\/2023\/07\/ejjp-wire-technology-koeppen-768x512.jpg\" alt=\"EJP Wire Technology Lothar K\u00f6ppen\" \/><\/figure><\/div><div class=\"swiper-slide\" role=\"group\" aria-roledescription=\"slide\" aria-label=\"2 de 3\" data-no-translation-aria-label=\"\"><figure class=\"swiper-slide-inner\"><img decoding=\"async\" class=\"swiper-slide-image\" src=\"https:\/\/ejpwire.com\/wp-content\/uploads\/2023\/07\/ejjp-wire-technology-mitarbeiter-768x512.jpg\" alt=\"ejjp-wire-technology-empleados\" \/><\/figure><\/div><div class=\"swiper-slide\" role=\"group\" aria-roledescription=\"slide\" aria-label=\"3 de 3\" data-no-translation-aria-label=\"\"><figure class=\"swiper-slide-inner\"><img decoding=\"async\" class=\"swiper-slide-image\" src=\"https:\/\/ejpwire.com\/wp-content\/uploads\/2023\/07\/ejjp-wire-technology-mitarbeiter-2-768x512.jpg\" alt=\"ejjp-wire-technology-empleado-2\" \/><\/figure><\/div>\t\t\t<\/div>\n\t\t\t\t\t\t\t\n\t\t\t\t\t\t\t\t\t<\/div>\n\t\t\t\t\t\t<\/div>\n\t\t\t\t<\/div>\n\t\t\t\t\t<\/div>\n\t\t\t\t<\/div>\n\t\t<div class=\"elementor-element elementor-element-3d049d4 e-flex e-con-boxed e-con e-parent\" data-id=\"3d049d4\" data-element_type=\"container\">\n\t\t\t\t\t<div class=\"e-con-inner\">\n\t\t<div class=\"elementor-element elementor-element-b5d7155 e-con-full e-flex e-con e-child\" data-id=\"b5d7155\" data-element_type=\"container\">\n\t\t\t\t<div class=\"elementor-element elementor-element-5d8173a elementor-widget elementor-widget-text-editor\" data-id=\"5d8173a\" data-element_type=\"widget\" data-widget_type=\"text-editor.default\">\n\t\t\t\t<div class=\"elementor-widget-container\">\n\t\t\t\t\t\t\t\t\t<p>Reci\u00e9n fundada fue la <b>EJP WIRE Technology GmbH<\/b> en su forma actual en febrero de 2020. Nuestros accionistas son los <strong>EJP Machines GmbH<\/strong> y Dipl.-Ing., Dipl.-Wirt. Ing. Lothar K\u00f6ppen.\u00a0<\/p><p>Nuestro equipo est\u00e1 formado exclusivamente por ingenieros y t\u00e9cnicos experimentados, algunos de los cuales trabajan en la construcci\u00f3n de m\u00e1quinas de hilo bajo la direcci\u00f3n de Lothar K\u00f6ppen desde 2004.<\/p><p>Gracias a la conexi\u00f3n con EJP Maschinen GmbH, podemos acceder a las instalaciones de fabricaci\u00f3n y montaje de Baesweiler en caso necesario.<\/p><p>Con la ayuda de las filiales de EJP en Italia, Corea y China, as\u00ed como de una red mundial de socios de servicio y ventas, podemos prestar asistencia a nuestros clientes en cualquier momento y lugar.<\/p>\t\t\t\t\t\t\t\t<\/div>\n\t\t\t\t<\/div>\n\t\t\t\t<div class=\"elementor-element elementor-element-83d9e4a elementor-widget elementor-widget-video\" data-id=\"83d9e4a\" data-element_type=\"widget\" data-settings=\"{&quot;video_type&quot;:&quot;hosted&quot;,&quot;controls&quot;:&quot;yes&quot;}\" data-widget_type=\"video.default\">\n\t\t\t\t<div class=\"elementor-widget-container\">\n\t\t\t\t\t\t\t<div class=\"e-hosted-video elementor-wrapper elementor-open-inline\">\n\t\t\t\t\t<video class=\"elementor-video\" src=\"https:\/\/ejpwire.com\/wp-content\/uploads\/2025\/11\/EJP_WIRE_imagefilm.mp4\" controls=\"\" preload=\"metadata\" controlslist=\"nodownload\"><\/video>\n\t\t\t\t<\/div>\n\t\t\t\t\t\t<\/div>\n\t\t\t\t<\/div>\n\t\t\t\t<\/div>\n\t\t<div class=\"elementor-element elementor-element-2050039 e-con-full e-flex e-con e-child\" data-id=\"2050039\" data-element_type=\"container\">\n\t\t\t\t<div class=\"elementor-element elementor-element-3fc3d68 elementor-widget elementor-widget-text-editor\" data-id=\"3fc3d68\" data-element_type=\"widget\" data-widget_type=\"text-editor.default\">\n\t\t\t\t<div class=\"elementor-widget-container\">\n\t\t\t\t\t\t\t\t\t<p><strong>M\u00e1s informaci\u00f3n de nuestros socios:<\/strong><\/p><p><a href=\"http:\/\/www.ejpindustries.com\" target=\"_blank\" rel=\"noopener\">www.ejpindustries.com<\/a><br \/><a href=\"http:\/\/www.ejpmachines.com\/\" target=\"_blank\" rel=\"noopener\">www.ejpmachines.com<\/a><br \/><a href=\"http:\/\/www.ejptosca.com\/\" target=\"_blank\" rel=\"noopener\">www.ejptosca.com<\/a><br \/><a href=\"http:\/\/www.ejpbuttwelding.com\/\" target=\"_blank\" rel=\"noopener\">www.ejpbuttwelding.com<\/a><\/p>\t\t\t\t\t\t\t\t<\/div>\n\t\t\t\t<\/div>\n\t\t\t\t<\/div>\n\t\t\t\t\t<\/div>\n\t\t\t\t<\/div>\n\t\t<div class=\"elementor-element elementor-element-85e2fcf e-flex e-con-boxed e-con e-parent\" data-id=\"85e2fcf\" data-element_type=\"container\">\n\t\t\t\t\t<div class=\"e-con-inner\">\n\t\t\t\t<div class=\"elementor-element elementor-element-be5a90d elementor-widget elementor-widget-image\" data-id=\"be5a90d\" data-element_type=\"widget\" data-widget_type=\"image.default\">\n\t\t\t\t<div class=\"elementor-widget-container\">\n\t\t\t\t\t\t\t\t\t\t\t\t\t\t\t\t<a href=\"https:\/\/ejpwire.com\/es\/\">\n\t\t\t\t\t\t\t<img fetchpriority=\"high\" decoding=\"async\" width=\"800\" height=\"503\" src=\"https:\/\/ejpwire.com\/wp-content\/uploads\/2025\/08\/EJP_Wire_Technology.png\" class=\"attachment-large size-large wp-image-2237\" alt=\"\" srcset=\"https:\/\/ejpwire.com\/wp-content\/uploads\/2025\/08\/EJP_Wire_Technology.png 833w, https:\/\/ejpwire.com\/wp-content\/uploads\/2025\/08\/EJP_Wire_Technology-300x189.png 300w, https:\/\/ejpwire.com\/wp-content\/uploads\/2025\/08\/EJP_Wire_Technology-768x483.png 768w, https:\/\/ejpwire.com\/wp-content\/uploads\/2025\/08\/EJP_Wire_Technology-18x12.png 18w\" sizes=\"(max-width: 800px) 100vw, 800px\" \/>\t\t\t\t\t\t\t\t<\/a>\n\t\t\t\t\t\t\t\t\t\t\t\t\t\t\t<\/div>\n\t\t\t\t<\/div>\n\t\t\t\t<div class=\"elementor-element elementor-element-d6ec591 elementor-widget elementor-widget-image\" data-id=\"d6ec591\" data-element_type=\"widget\" data-widget_type=\"image.default\">\n\t\t\t\t<div class=\"elementor-widget-container\">\n\t\t\t\t\t\t\t\t\t\t\t\t\t\t\t\t<a href=\"https:\/\/ejpmachines.com\/\" target=\"_blank\" rel=\"noopener\">\n\t\t\t\t\t\t\t<img decoding=\"async\" width=\"800\" height=\"503\" src=\"https:\/\/ejpwire.com\/wp-content\/uploads\/2025\/08\/EJP_Maschinen_GmbH.png\" class=\"attachment-large size-large wp-image-2235\" alt=\"\" srcset=\"https:\/\/ejpwire.com\/wp-content\/uploads\/2025\/08\/EJP_Maschinen_GmbH.png 833w, https:\/\/ejpwire.com\/wp-content\/uploads\/2025\/08\/EJP_Maschinen_GmbH-300x189.png 300w, https:\/\/ejpwire.com\/wp-content\/uploads\/2025\/08\/EJP_Maschinen_GmbH-768x483.png 768w, https:\/\/ejpwire.com\/wp-content\/uploads\/2025\/08\/EJP_Maschinen_GmbH-18x12.png 18w\" sizes=\"(max-width: 800px) 100vw, 800px\" \/>\t\t\t\t\t\t\t\t<\/a>\n\t\t\t\t\t\t\t\t\t\t\t\t\t\t\t<\/div>\n\t\t\t\t<\/div>\n\t\t\t\t<div class=\"elementor-element elementor-element-93beeb2 elementor-widget elementor-widget-image\" data-id=\"93beeb2\" data-element_type=\"widget\" data-widget_type=\"image.default\">\n\t\t\t\t<div class=\"elementor-widget-container\">\n\t\t\t\t\t\t\t\t\t\t\t\t\t\t\t\t<a href=\"https:\/\/www.ejpbuttwelding.com\/\" target=\"_blank\" rel=\"noopener\">\n\t\t\t\t\t\t\t<img decoding=\"async\" width=\"800\" height=\"503\" src=\"https:\/\/ejpwire.com\/wp-content\/uploads\/2025\/08\/EJP_Italia_srl.png\" class=\"attachment-large size-large wp-image-2233\" alt=\"\" srcset=\"https:\/\/ejpwire.com\/wp-content\/uploads\/2025\/08\/EJP_Italia_srl.png 833w, https:\/\/ejpwire.com\/wp-content\/uploads\/2025\/08\/EJP_Italia_srl-300x189.png 300w, https:\/\/ejpwire.com\/wp-content\/uploads\/2025\/08\/EJP_Italia_srl-768x483.png 768w, https:\/\/ejpwire.com\/wp-content\/uploads\/2025\/08\/EJP_Italia_srl-18x12.png 18w\" sizes=\"(max-width: 800px) 100vw, 800px\" \/>\t\t\t\t\t\t\t\t<\/a>\n\t\t\t\t\t\t\t\t\t\t\t\t\t\t\t<\/div>\n\t\t\t\t<\/div>\n\t\t\t\t<div class=\"elementor-element elementor-element-1909d8c elementor-widget elementor-widget-image\" data-id=\"1909d8c\" data-element_type=\"widget\" data-widget_type=\"image.default\">\n\t\t\t\t<div class=\"elementor-widget-container\">\n\t\t\t\t\t\t\t\t\t\t\t\t\t\t\t\t<a href=\"https:\/\/www.ejptosca.com\/\" target=\"_blank\" rel=\"noopener\">\n\t\t\t\t\t\t\t<img loading=\"lazy\" decoding=\"async\" width=\"800\" height=\"503\" src=\"https:\/\/ejpwire.com\/wp-content\/uploads\/2025\/08\/EJP_Tosca.png\" class=\"attachment-large size-large wp-image-2236\" alt=\"\" srcset=\"https:\/\/ejpwire.com\/wp-content\/uploads\/2025\/08\/EJP_Tosca.png 833w, https:\/\/ejpwire.com\/wp-content\/uploads\/2025\/08\/EJP_Tosca-300x189.png 300w, https:\/\/ejpwire.com\/wp-content\/uploads\/2025\/08\/EJP_Tosca-768x483.png 768w, https:\/\/ejpwire.com\/wp-content\/uploads\/2025\/08\/EJP_Tosca-18x12.png 18w\" sizes=\"(max-width: 800px) 100vw, 800px\" \/>\t\t\t\t\t\t\t\t<\/a>\n\t\t\t\t\t\t\t\t\t\t\t\t\t\t\t<\/div>\n\t\t\t\t<\/div>\n\t\t\t\t<div class=\"elementor-element elementor-element-49227ae elementor-widget elementor-widget-image\" data-id=\"49227ae\" data-element_type=\"widget\" data-widget_type=\"image.default\">\n\t\t\t\t<div class=\"elementor-widget-container\">\n\t\t\t\t\t\t\t\t\t\t\t\t\t\t\t<img loading=\"lazy\" decoding=\"async\" width=\"800\" height=\"534\" src=\"https:\/\/ejpwire.com\/wp-content\/uploads\/2025\/08\/EJP_KOREA_Logo_mit_Schriftzug-weiss1-1024x683.png\" class=\"attachment-large size-large wp-image-2234\" alt=\"\" srcset=\"https:\/\/ejpwire.com\/wp-content\/uploads\/2025\/08\/EJP_KOREA_Logo_mit_Schriftzug-weiss1-1024x683.png 1024w, https:\/\/ejpwire.com\/wp-content\/uploads\/2025\/08\/EJP_KOREA_Logo_mit_Schriftzug-weiss1-300x200.png 300w, https:\/\/ejpwire.com\/wp-content\/uploads\/2025\/08\/EJP_KOREA_Logo_mit_Schriftzug-weiss1-768x512.png 768w, https:\/\/ejpwire.com\/wp-content\/uploads\/2025\/08\/EJP_KOREA_Logo_mit_Schriftzug-weiss1-1536x1024.png 1536w, https:\/\/ejpwire.com\/wp-content\/uploads\/2025\/08\/EJP_KOREA_Logo_mit_Schriftzug-weiss1-2048x1365.png 2048w, https:\/\/ejpwire.com\/wp-content\/uploads\/2025\/08\/EJP_KOREA_Logo_mit_Schriftzug-weiss1-18x12.png 18w\" sizes=\"(max-width: 800px) 100vw, 800px\" \/>\t\t\t\t\t\t\t\t\t\t\t\t\t\t\t<\/div>\n\t\t\t\t<\/div>\n\t\t\t\t<div class=\"elementor-element elementor-element-8238218 elementor-widget elementor-widget-image\" data-id=\"8238218\" data-element_type=\"widget\" data-widget_type=\"image.default\">\n\t\t\t\t<div class=\"elementor-widget-container\">\n\t\t\t\t\t\t\t\t\t\t\t\t\t\t\t<img loading=\"lazy\" decoding=\"async\" width=\"800\" height=\"427\" src=\"https:\/\/ejpwire.com\/wp-content\/uploads\/2025\/08\/EJPBIGSINO_2_frei-1024x546.png\" class=\"attachment-large size-large wp-image-2238\" alt=\"\" srcset=\"https:\/\/ejpwire.com\/wp-content\/uploads\/2025\/08\/EJPBIGSINO_2_frei-1024x546.png 1024w, https:\/\/ejpwire.com\/wp-content\/uploads\/2025\/08\/EJPBIGSINO_2_frei-300x160.png 300w, https:\/\/ejpwire.com\/wp-content\/uploads\/2025\/08\/EJPBIGSINO_2_frei-768x410.png 768w, https:\/\/ejpwire.com\/wp-content\/uploads\/2025\/08\/EJPBIGSINO_2_frei-18x10.png 18w, https:\/\/ejpwire.com\/wp-content\/uploads\/2025\/08\/EJPBIGSINO_2_frei.png 1500w\" sizes=\"(max-width: 800px) 100vw, 800px\" \/>\t\t\t\t\t\t\t\t\t\t\t\t\t\t\t<\/div>\n\t\t\t\t<\/div>\n\t\t\t\t\t<\/div>\n\t\t\t\t<\/div>\n\t\t\t\t<\/div>","protected":false},"excerpt":{"rendered":"<p>Recientemente fundada - con m\u00e1s de 20 a\u00f1os de conocimientos y experiencia en el dise\u00f1o y construcci\u00f3n de m\u00e1quinas para la industria del alambre. Nuestros conocimientos t\u00e9cnicos se basan en los documentos de dise\u00f1o y fabricaci\u00f3n de la empresa de ingenier\u00eda LKe Lothar K\u00f6ppen. Desde 2004 se construyen all\u00ed m\u00e1quinas e instalaciones para la industria del alambre, que constituyen la base del actual programa de producci\u00f3n de EJP WIRE Technology GmbH [...].<\/p>","protected":false},"author":1,"featured_media":0,"parent":0,"menu_order":0,"comment_status":"closed","ping_status":"closed","template":"elementor_header_footer","meta":{"footnotes":""},"class_list":["post-171","page","type-page","status-publish","hentry"],"_links":{"self":[{"href":"https:\/\/ejpwire.com\/es\/wp-json\/wp\/v2\/pages\/171","targetHints":{"allow":["GET"]}}],"collection":[{"href":"https:\/\/ejpwire.com\/es\/wp-json\/wp\/v2\/pages"}],"about":[{"href":"https:\/\/ejpwire.com\/es\/wp-json\/wp\/v2\/types\/page"}],"author":[{"embeddable":true,"href":"https:\/\/ejpwire.com\/es\/wp-json\/wp\/v2\/users\/1"}],"replies":[{"embeddable":true,"href":"https:\/\/ejpwire.com\/es\/wp-json\/wp\/v2\/comments?post=171"}],"version-history":[{"count":126,"href":"https:\/\/ejpwire.com\/es\/wp-json\/wp\/v2\/pages\/171\/revisions"}],"predecessor-version":[{"id":2285,"href":"https:\/\/ejpwire.com\/es\/wp-json\/wp\/v2\/pages\/171\/revisions\/2285"}],"wp:attachment":[{"href":"https:\/\/ejpwire.com\/es\/wp-json\/wp\/v2\/media?parent=171"}],"curies":[{"name":"wp","href":"https:\/\/api.w.org\/{rel}","templated":true}]}}