{"id":17,"date":"2020-04-29T07:11:39","date_gmt":"2020-04-29T07:11:39","guid":{"rendered":"http:\/\/ejpwitec.com\/?page_id=17"},"modified":"2020-10-09T07:17:49","modified_gmt":"2020-10-09T07:17:49","slug":"impressum","status":"publish","type":"page","link":"https:\/\/ejpwire.com\/es\/imprimir","title":{"rendered":"Pie de imprenta"},"content":{"rendered":"<div data-elementor-type=\"wp-page\" data-elementor-id=\"17\" class=\"elementor elementor-17\" data-elementor-post-type=\"page\">\n\t\t\t\t\t\t<section class=\"elementor-section elementor-top-section elementor-element elementor-element-10dc3c78 elementor-section-boxed elementor-section-height-default elementor-section-height-default\" data-id=\"10dc3c78\" data-element_type=\"section\">\n\t\t\t\t\t\t<div class=\"elementor-container elementor-column-gap-default\">\n\t\t\t\t\t<div class=\"elementor-column elementor-col-100 elementor-top-column elementor-element elementor-element-366c42dd\" data-id=\"366c42dd\" data-element_type=\"column\">\n\t\t\t<div class=\"elementor-widget-wrap elementor-element-populated\">\n\t\t\t\t\t\t<div class=\"elementor-element elementor-element-5512701b elementor-widget elementor-widget-text-editor\" data-id=\"5512701b\" data-element_type=\"widget\" data-widget_type=\"text-editor.default\">\n\t\t\t\t<div class=\"elementor-widget-container\">\n\t\t\t\t\t\t\t\t\t<h1>Pie de imprenta<\/h1><h2>Informaci\u00f3n seg\u00fan \u00a7 5 TMG<\/h2><p>\u00a0<\/p><p><strong>EJP WIRE Technology GmbH <\/strong><br \/>Lohbachstr. 12<br \/>58239 Schwerte<\/p><p>Registro mercantil: HRB11539<br \/>Juzgado de registro: Juzgado de primera instancia de Hagen<\/p><p><strong>Representado por:<\/strong><br \/>Lothar K\u00f6ppen<\/p><h2>P\u00f3ngase en contacto con<\/h2><p>Tel\u00e9fono: (0) 2304 338960<br \/>Fax: (0) 2304 3389610<br \/>Correo electr\u00f3nico: info(at)ejpwire.com<\/p><h2>CIF<\/h2><p>N\u00famero de identificaci\u00f3n fiscal con arreglo al art\u00edculo 27 a de la Ley alemana del Impuesto sobre las Ventas:<br \/>DE815856571<\/p><h2>N\u00famero de identificaci\u00f3n de la empresa<\/h2><p>316\/5720\/1314<\/p><h2>Responsable del contenido seg\u00fan \u00a7 55 p\u00e1rrafo 2 RStV<\/h2><p>Lothar K\u00f6ppen<\/p><h2>Resoluci\u00f3n de litigios en la UE<\/h2><p>La Comisi\u00f3n Europea ofrece una plataforma para la resoluci\u00f3n de litigios en l\u00ednea (ODR): <a href=\"https:\/\/ec.europa.eu\/consumers\/odr\" target=\"_blank\" rel=\"noopener noreferrer\">https:\/\/ec.europa.eu\/consumers\/odr<\/a>.<br \/>Encontrar\u00e1 nuestra direcci\u00f3n de correo electr\u00f3nico en el pie de imprenta.<\/p><h2>Resoluci\u00f3n de litigios en materia de consumo\/Junta Arbitral Universal<\/h2><p>No estamos dispuestos ni obligados a participar en procedimientos de resoluci\u00f3n de litigios ante una junta arbitral de consumo.<\/p><h3>Responsabilidad por el contenido<\/h3><p>Como proveedor de servicios, somos responsables de nuestros propios contenidos en estas p\u00e1ginas de acuerdo con la legislaci\u00f3n general seg\u00fan el art\u00edculo 7 (1) de la Ley alemana de medios de telecomunicaci\u00f3n (TMG). Sin embargo, seg\u00fan los \u00a7\u00a7 8 a 10 de la TMG, como proveedor de servicios no estamos obligados a controlar la informaci\u00f3n ajena transmitida o almacenada ni a investigar circunstancias que indiquen una actividad ilegal.<\/p><p>Esto no afecta a las obligaciones de retirar o bloquear el uso de informaci\u00f3n de conformidad con las leyes generales. Sin embargo, la responsabilidad a este respecto s\u00f3lo es posible a partir del momento en que se tiene conocimiento de una infracci\u00f3n concreta. Si tenemos conocimiento de infracciones correspondientes, eliminaremos estos contenidos inmediatamente.<\/p><h3>Responsabilidad de los enlaces<\/h3><p>Nuestra oferta contiene enlaces a p\u00e1ginas web externas de terceros, sobre cuyos contenidos no tenemos ninguna influencia. Por lo tanto, no podemos asumir ninguna responsabilidad por estos contenidos externos. El respectivo proveedor u operador de las p\u00e1ginas es siempre responsable del contenido de las p\u00e1ginas enlazadas. En el momento de establecer el enlace se comprob\u00f3 si las p\u00e1ginas enlazadas infring\u00edan la ley. En el momento de establecer el enlace no se detectaron contenidos ilegales.<\/p><p>Sin embargo, un control permanente de los contenidos de las p\u00e1ginas enlazadas no es razonable sin pruebas concretas de una infracci\u00f3n de la ley. Si tenemos conocimiento de alguna infracci\u00f3n de la ley, eliminaremos dichos enlaces inmediatamente.<\/p><h3>Derechos de autor<\/h3><p>El contenido y las obras de estas p\u00e1ginas creadas por los operadores del sitio est\u00e1n sujetos a la legislaci\u00f3n alemana sobre derechos de autor. La reproducci\u00f3n, el procesamiento, la distribuci\u00f3n y cualquier tipo de explotaci\u00f3n fuera de los l\u00edmites de la ley de derechos de autor requieren el consentimiento por escrito del autor o creador respectivo. Las descargas y copias de este sitio s\u00f3lo est\u00e1n permitidas para uso privado y no comercial.<\/p><p>En la medida en que el contenido de esta p\u00e1gina no haya sido creado por el operador, se respetan los derechos de autor de terceros. En particular, los contenidos de terceros est\u00e1n identificados como tales. No obstante, si tiene conocimiento de una infracci\u00f3n de los derechos de autor, le rogamos que nos lo comunique. Si tenemos conocimiento de alguna infracci\u00f3n, eliminaremos inmediatamente dicho contenido.<\/p>\t\t\t\t\t\t\t\t<\/div>\n\t\t\t\t<\/div>\n\t\t\t\t\t<\/div>\n\t\t<\/div>\n\t\t\t\t\t<\/div>\n\t\t<\/section>\n\t\t\t\t<\/div>","protected":false},"excerpt":{"rendered":"<p>Pie de imprenta Informaci\u00f3n seg\u00fan \u00a7 5 TMG EJP WIRE Technology GmbH Lohbachstr. 1258239 Schwerte Registro Mercantil: HRB11539Tribunal del Registro: Juzgado Local de Hagen Representado por:Lothar K\u00f6ppen Tel\u00e9fono de contacto: (0) 2304 338960Telefax: (0) 2304 3389610E-Mail: info(at)ejpwire.com CIF N\u00famero de identificaci\u00f3n a efectos del IVA seg\u00fan \u00a7 27 a Umsatzsteuergesetz:DE815856571 N\u00famero de identificaci\u00f3n empresarial 316\/5720\/1314 Responsable del contenido seg\u00fan \u00a7 55 p\u00e1rr. 2 RStV Lothar K\u00f6ppen Resoluci\u00f3n de litigios de la UE La Comisi\u00f3n Europea [...]<\/p>","protected":false},"author":1,"featured_media":0,"parent":0,"menu_order":0,"comment_status":"closed","ping_status":"closed","template":"elementor_header_footer","meta":{"footnotes":""},"class_list":["post-17","page","type-page","status-publish","hentry"],"_links":{"self":[{"href":"https:\/\/ejpwire.com\/es\/wp-json\/wp\/v2\/pages\/17","targetHints":{"allow":["GET"]}}],"collection":[{"href":"https:\/\/ejpwire.com\/es\/wp-json\/wp\/v2\/pages"}],"about":[{"href":"https:\/\/ejpwire.com\/es\/wp-json\/wp\/v2\/types\/page"}],"author":[{"embeddable":true,"href":"https:\/\/ejpwire.com\/es\/wp-json\/wp\/v2\/users\/1"}],"replies":[{"embeddable":true,"href":"https:\/\/ejpwire.com\/es\/wp-json\/wp\/v2\/comments?post=17"}],"version-history":[{"count":11,"href":"https:\/\/ejpwire.com\/es\/wp-json\/wp\/v2\/pages\/17\/revisions"}],"predecessor-version":[{"id":781,"href":"https:\/\/ejpwire.com\/es\/wp-json\/wp\/v2\/pages\/17\/revisions\/781"}],"wp:attachment":[{"href":"https:\/\/ejpwire.com\/es\/wp-json\/wp\/v2\/media?parent=17"}],"curies":[{"name":"wp","href":"https:\/\/api.w.org\/{rel}","templated":true}]}}