{"id":138,"date":"2020-05-12T07:50:08","date_gmt":"2020-05-12T07:50:08","guid":{"rendered":"https:\/\/ejpwitec.com\/?page_id=138"},"modified":"2025-05-23T09:11:41","modified_gmt":"2025-05-23T09:11:41","slug":"beschichtungsanlagen","status":"publish","type":"page","link":"https:\/\/ejpwire.com\/es\/sistemas-de-revestimiento-humedo-de-alambre","title":{"rendered":"Instalaciones de revestimiento h\u00famedo de alambre"},"content":{"rendered":"<div data-elementor-type=\"wp-page\" data-elementor-id=\"138\" class=\"elementor elementor-138\" data-elementor-post-type=\"page\">\n\t\t\t\t<div class=\"elementor-element elementor-element-51fa6b9b e-flex e-con-boxed e-con e-parent\" data-id=\"51fa6b9b\" data-element_type=\"container\">\n\t\t\t\t\t<div class=\"e-con-inner\">\n\t\t<div class=\"elementor-element elementor-element-2f0d4f2d e-con-full e-flex e-con e-child\" data-id=\"2f0d4f2d\" data-element_type=\"container\">\n\t\t\t\t<div class=\"elementor-element elementor-element-3e6249c elementor-widget elementor-widget-heading\" data-id=\"3e6249c\" data-element_type=\"widget\" data-widget_type=\"heading.default\">\n\t\t\t\t<div class=\"elementor-widget-container\">\n\t\t\t\t\t<h1 class=\"elementor-heading-title elementor-size-default\">Plantas de revestimiento<\/h1>\t\t\t\t<\/div>\n\t\t\t\t<\/div>\n\t\t\t\t<div class=\"elementor-element elementor-element-16ac984d elementor-widget elementor-widget-heading\" data-id=\"16ac984d\" data-element_type=\"widget\" data-widget_type=\"heading.default\">\n\t\t\t\t<div class=\"elementor-widget-container\">\n\t\t\t\t\t<h3 class=\"elementor-heading-title elementor-size-default\">Plantas de revestimiento en h\u00famedo y en seco<\/h3>\t\t\t\t<\/div>\n\t\t\t\t<\/div>\n\t\t<div class=\"elementor-element elementor-element-ac6f6d7 e-flex e-con-boxed e-con e-child\" data-id=\"ac6f6d7\" data-element_type=\"container\">\n\t\t\t\t\t<div class=\"e-con-inner\">\n\t\t<div class=\"elementor-element elementor-element-27a590f e-flex e-con-boxed e-con e-child\" data-id=\"27a590f\" data-element_type=\"container\">\n\t\t\t\t\t<div class=\"e-con-inner\">\n\t\t\t\t<div class=\"elementor-element elementor-element-23c3c0ec elementor-widget elementor-widget-text-editor\" data-id=\"23c3c0ec\" data-element_type=\"widget\" data-widget_type=\"text-editor.default\">\n\t\t\t\t<div class=\"elementor-widget-container\">\n\t\t\t\t\t\t\t\t\t<p class=\"p1\"><strong>Revestimiento h\u00famedo NRB-3<br \/><\/strong>Instalaci\u00f3n de revestimiento en h\u00famedo que consta de una cuba de revestimiento con tecnolog\u00eda de suministro para el revestimiento en l\u00ednea y el secado con un portador de agente de estirado l\u00edquido (agentes de revestimiento con b\u00f3rax, sin b\u00f3rax o similares) para producir una superficie de alambre especialmente estirada.<\/p>\t\t\t\t\t\t\t\t<\/div>\n\t\t\t\t<\/div>\n\t\t\t\t\t<\/div>\n\t\t\t\t<\/div>\n\t\t<div class=\"elementor-element elementor-element-c552e11 e-flex e-con-boxed e-con e-child\" data-id=\"c552e11\" data-element_type=\"container\">\n\t\t\t\t\t<div class=\"e-con-inner\">\n\t\t\t\t<div class=\"elementor-element elementor-element-dde74c2 elementor-widget elementor-widget-text-editor\" data-id=\"dde74c2\" data-element_type=\"widget\" data-widget_type=\"text-editor.default\">\n\t\t\t\t<div class=\"elementor-widget-container\">\n\t\t\t\t\t\t\t\t\t<p class=\"p1\"><strong>Revestimiento en seco TBF<br \/><\/strong>La unidad de revestimiento en seco es adecuada para el revestimiento continuo homog\u00e9neo de alambres con todos los estearatos secos habituales.<\/p>\t\t\t\t\t\t\t\t<\/div>\n\t\t\t\t<\/div>\n\t\t\t\t\t<\/div>\n\t\t\t\t<\/div>\n\t\t\t\t\t<\/div>\n\t\t\t\t<\/div>\n\t\t\t\t<div class=\"elementor-element elementor-element-197a9341 elementor-widget elementor-widget-gallery\" data-id=\"197a9341\" data-element_type=\"widget\" data-settings=\"{&quot;columns&quot;:3,&quot;aspect_ratio&quot;:&quot;1:1&quot;,&quot;lazyload&quot;:&quot;yes&quot;,&quot;gallery_layout&quot;:&quot;grid&quot;,&quot;columns_tablet&quot;:2,&quot;columns_mobile&quot;:1,&quot;gap&quot;:{&quot;unit&quot;:&quot;px&quot;,&quot;size&quot;:10,&quot;sizes&quot;:[]},&quot;gap_tablet&quot;:{&quot;unit&quot;:&quot;px&quot;,&quot;size&quot;:10,&quot;sizes&quot;:[]},&quot;gap_mobile&quot;:{&quot;unit&quot;:&quot;px&quot;,&quot;size&quot;:10,&quot;sizes&quot;:[]},&quot;link_to&quot;:&quot;file&quot;,&quot;content_hover_animation&quot;:&quot;fade-in&quot;}\" data-widget_type=\"gallery.default\">\n\t\t\t\t<div class=\"elementor-widget-container\">\n\t\t\t\t\t\t\t<div class=\"elementor-gallery__container\">\n\t\t\t\t\t\t\t<a class=\"e-gallery-item elementor-gallery-item elementor-animated-content\" href=\"https:\/\/ejpwire.com\/wp-content\/uploads\/2023\/07\/ejp-nassbeschichtung-nrb-3.jpg\" data-elementor-open-lightbox=\"yes\" data-elementor-lightbox-slideshow=\"197a9341\" data-e-action-hash=\"#elementor-action%3Aaction%3Dlightbox%26settings%3DeyJpZCI6MTIyMSwidXJsIjoiaHR0cHM6XC9cL2VqcHdpcmUuY29tXC93cC1jb250ZW50XC91cGxvYWRzXC8yMDIzXC8wN1wvZWpwLW5hc3NiZXNjaGljaHR1bmctbnJiLTMuanBnIiwic2xpZGVzaG93IjoiMTk3YTkzNDEifQ%3D%3D\">\n\t\t\t\t\t<div class=\"e-gallery-image elementor-gallery-item__image\" data-thumbnail=\"https:\/\/ejpwire.com\/wp-content\/uploads\/2023\/07\/ejp-nassbeschichtung-nrb-3-768x533.jpg\" data-width=\"768\" data-height=\"533\" aria-label=\"EJP Wire Technology L\u00ednea de revestimiento h\u00famedo\" role=\"img\" ><\/div>\n\t\t\t\t\t\t\t\t\t\t\t\t\t\t<\/a>\n\t\t\t\t\t\t\t<a class=\"e-gallery-item elementor-gallery-item elementor-animated-content\" href=\"https:\/\/ejpwire.com\/wp-content\/uploads\/2023\/07\/ejp-nassbeschichtung-nrb-3-b.jpg\" data-elementor-open-lightbox=\"yes\" data-elementor-lightbox-slideshow=\"197a9341\" data-e-action-hash=\"#elementor-action%3Aaction%3Dlightbox%26settings%3DeyJpZCI6MTIyMCwidXJsIjoiaHR0cHM6XC9cL2VqcHdpcmUuY29tXC93cC1jb250ZW50XC91cGxvYWRzXC8yMDIzXC8wN1wvZWpwLW5hc3NiZXNjaGljaHR1bmctbnJiLTMtYi5qcGciLCJzbGlkZXNob3ciOiIxOTdhOTM0MSJ9\">\n\t\t\t\t\t<div class=\"e-gallery-image elementor-gallery-item__image\" data-thumbnail=\"https:\/\/ejpwire.com\/wp-content\/uploads\/2023\/07\/ejp-nassbeschichtung-nrb-3-b.jpg\" data-width=\"664\" data-height=\"1000\" aria-label=\"EJP Wire Technology L\u00ednea de revestimiento h\u00famedo\" role=\"img\" ><\/div>\n\t\t\t\t\t\t\t\t\t\t\t\t\t\t<\/a>\n\t\t\t\t\t\t\t<a class=\"e-gallery-item elementor-gallery-item elementor-animated-content\" href=\"https:\/\/ejpwire.com\/wp-content\/uploads\/2023\/07\/ejp-trockenbeschichtung-tbf-1.jpg\" data-elementor-open-lightbox=\"yes\" data-elementor-lightbox-slideshow=\"197a9341\" data-e-action-hash=\"#elementor-action%3Aaction%3Dlightbox%26settings%3DeyJpZCI6MTIzMSwidXJsIjoiaHR0cHM6XC9cL2VqcHdpcmUuY29tXC93cC1jb250ZW50XC91cGxvYWRzXC8yMDIzXC8wN1wvZWpwLXRyb2NrZW5iZXNjaGljaHR1bmctdGJmLTEuanBnIiwic2xpZGVzaG93IjoiMTk3YTkzNDEifQ%3D%3D\">\n\t\t\t\t\t<div class=\"e-gallery-image elementor-gallery-item__image\" data-thumbnail=\"https:\/\/ejpwire.com\/wp-content\/uploads\/2023\/07\/ejp-trockenbeschichtung-tbf-1-768x878.jpg\" data-width=\"768\" data-height=\"878\" aria-label=\"L\u00ednea de revestimiento en seco EJP Wire Technology\" role=\"img\" ><\/div>\n\t\t\t\t\t\t\t\t\t\t\t\t\t\t<\/a>\n\t\t\t\t\t\t\t<a class=\"e-gallery-item elementor-gallery-item elementor-animated-content\" href=\"https:\/\/ejpwire.com\/wp-content\/uploads\/2023\/07\/ejp-trockenbeschichtung-tbf-b-1.jpg\" data-elementor-open-lightbox=\"yes\" data-elementor-lightbox-slideshow=\"197a9341\" data-e-action-hash=\"#elementor-action%3Aaction%3Dlightbox%26settings%3DeyJpZCI6MTIzMCwidXJsIjoiaHR0cHM6XC9cL2VqcHdpcmUuY29tXC93cC1jb250ZW50XC91cGxvYWRzXC8yMDIzXC8wN1wvZWpwLXRyb2NrZW5iZXNjaGljaHR1bmctdGJmLWItMS5qcGciLCJzbGlkZXNob3ciOiIxOTdhOTM0MSJ9\">\n\t\t\t\t\t<div class=\"e-gallery-image elementor-gallery-item__image\" data-thumbnail=\"https:\/\/ejpwire.com\/wp-content\/uploads\/2023\/07\/ejp-trockenbeschichtung-tbf-b-1.jpg\" data-width=\"650\" data-height=\"1000\" aria-label=\"L\u00ednea de revestimiento en seco EJP Wire Technology\" role=\"img\" ><\/div>\n\t\t\t\t\t\t\t\t\t\t\t\t\t\t<\/a>\n\t\t\t\t\t<\/div>\n\t\t\t\t\t<\/div>\n\t\t\t\t<\/div>\n\t\t\t\t<div class=\"elementor-element elementor-element-861ddfb elementor-widget-divider--view-line elementor-widget elementor-widget-divider\" data-id=\"861ddfb\" data-element_type=\"widget\" data-widget_type=\"divider.default\">\n\t\t\t\t<div class=\"elementor-widget-container\">\n\t\t\t\t\t\t\t<div class=\"elementor-divider\">\n\t\t\t<span class=\"elementor-divider-separator\">\n\t\t\t\t\t\t<\/span>\n\t\t<\/div>\n\t\t\t\t\t\t<\/div>\n\t\t\t\t<\/div>\n\t\t\t\t<\/div>\n\t\t\t\t\t<\/div>\n\t\t\t\t<\/div>\n\t\t<div class=\"elementor-element elementor-element-3d003a8 e-flex e-con-boxed e-con e-parent\" data-id=\"3d003a8\" data-element_type=\"container\">\n\t\t\t\t\t<div class=\"e-con-inner\">\n\t\t<div class=\"elementor-element elementor-element-24a4728 e-con-full e-flex e-con e-child\" data-id=\"24a4728\" data-element_type=\"container\">\n\t\t\t\t<div class=\"elementor-element elementor-element-a4f8574 elementor-align-center elementor-widget elementor-widget-button\" data-id=\"a4f8574\" data-element_type=\"widget\" data-widget_type=\"button.default\">\n\t\t\t\t<div class=\"elementor-widget-container\">\n\t\t\t\t\t\t\t\t\t<div class=\"elementor-button-wrapper\">\n\t\t\t\t\t<a class=\"elementor-button elementor-button-link elementor-size-md\" href=\"https:\/\/ejpwire.com\/wp-content\/uploads\/2025\/02\/EJP-Wire-Prospekt_2025.pdf\" target=\"_blank\">\n\t\t\t\t\t\t<span class=\"elementor-button-content-wrapper\">\n\t\t\t\t\t\t\t\t\t<span class=\"elementor-button-text\">Descargar el cat\u00e1logo de productos en PDF<\/span>\n\t\t\t\t\t<\/span>\n\t\t\t\t\t<\/a>\n\t\t\t\t<\/div>\n\t\t\t\t\t\t\t\t<\/div>\n\t\t\t\t<\/div>\n\t\t\t\t<\/div>\n\t\t<div class=\"elementor-element elementor-element-3ee8370 e-con-full e-flex e-con e-child\" data-id=\"3ee8370\" data-element_type=\"container\">\n\t\t\t\t<div class=\"elementor-element elementor-element-7c0e407 elementor-align-center elementor-widget elementor-widget-button\" data-id=\"7c0e407\" data-element_type=\"widget\" data-widget_type=\"button.default\">\n\t\t\t\t<div class=\"elementor-widget-container\">\n\t\t\t\t\t\t\t\t\t<div class=\"elementor-button-wrapper\">\n\t\t\t\t\t<a class=\"elementor-button elementor-button-link elementor-size-md\" href=\"https:\/\/ejpwire.com\/es\/contacto-ejp-wire-technology\/\" target=\"_blank\">\n\t\t\t\t\t\t<span class=\"elementor-button-content-wrapper\">\n\t\t\t\t\t\t\t\t\t<span class=\"elementor-button-text\">P\u00f3ngase en contacto con<\/span>\n\t\t\t\t\t<\/span>\n\t\t\t\t\t<\/a>\n\t\t\t\t<\/div>\n\t\t\t\t\t\t\t\t<\/div>\n\t\t\t\t<\/div>\n\t\t\t\t<\/div>\n\t\t\t\t\t<\/div>\n\t\t\t\t<\/div>\n\t\t\t\t<\/div>","protected":false},"excerpt":{"rendered":"<p>Sistemas de revestimiento Sistemas de revestimiento en h\u00famedo y en seco Revestimiento en h\u00famedo NRB-3Sistema de revestimiento en h\u00famedo compuesto por un dep\u00f3sito de revestimiento con tecnolog\u00eda de suministro para el revestimiento y secado en l\u00ednea con un portador de agente de estirado l\u00edquido (agentes de revestimiento con b\u00f3rax, sin b\u00f3rax o similares) para producir una superficie de alambre especialmente estirada. Recubrimiento en seco TBFTLa unidad de recubrimiento en seco es adecuada para el recubrimiento continuo homog\u00e9neo de alambres con todos los estearatos secos habituales. Descargar cat\u00e1logo de productos en PDF Contacto<\/p>","protected":false},"author":1,"featured_media":0,"parent":0,"menu_order":0,"comment_status":"closed","ping_status":"closed","template":"elementor_header_footer","meta":{"footnotes":""},"class_list":["post-138","page","type-page","status-publish","hentry"],"_links":{"self":[{"href":"https:\/\/ejpwire.com\/es\/wp-json\/wp\/v2\/pages\/138","targetHints":{"allow":["GET"]}}],"collection":[{"href":"https:\/\/ejpwire.com\/es\/wp-json\/wp\/v2\/pages"}],"about":[{"href":"https:\/\/ejpwire.com\/es\/wp-json\/wp\/v2\/types\/page"}],"author":[{"embeddable":true,"href":"https:\/\/ejpwire.com\/es\/wp-json\/wp\/v2\/users\/1"}],"replies":[{"embeddable":true,"href":"https:\/\/ejpwire.com\/es\/wp-json\/wp\/v2\/comments?post=138"}],"version-history":[{"count":64,"href":"https:\/\/ejpwire.com\/es\/wp-json\/wp\/v2\/pages\/138\/revisions"}],"predecessor-version":[{"id":2209,"href":"https:\/\/ejpwire.com\/es\/wp-json\/wp\/v2\/pages\/138\/revisions\/2209"}],"wp:attachment":[{"href":"https:\/\/ejpwire.com\/es\/wp-json\/wp\/v2\/media?parent=138"}],"curies":[{"name":"wp","href":"https:\/\/api.w.org\/{rel}","templated":true}]}}